{"id":21482,"date":"2025-10-03T13:24:32","date_gmt":"2025-10-03T10:24:32","guid":{"rendered":"https:\/\/expovision.ro\/product\/print-only-adframe-smart-300x250\/"},"modified":"2025-04-30T16:49:37","modified_gmt":"2025-04-30T13:49:37","slug":"print-only-adframe-smart-300x250","status":"publish","type":"product","link":"https:\/\/expovision.ro\/ro\/produs\/print-only-adframe-smart-300x250\/","title":{"rendered":"Print-only adFrame Smart 300&#215;250"},"content":{"rendered":"<p>Lightbox LED &#8211; aplica\u021bii<\/p>\n<p>Exhibition stand: The durable PVC frames can be connected, making adFrame Smart a successful component of a mobile exhibition stand.<\/p>\n<p>Amenajarea spa\u021biului de birou: Cutia luminoas\u0103 cu LED-uri poate servi ca suport de informa\u021bii \u00een birou. \u00cen plus, atunci c\u00e2nd este a\u0219ezat orizontal, poate ac\u021biona ca un separator de spa\u021biu.<\/p>\n<p>Industry events: Thanks to the dual-sided illumination feature, adFrame Smart helps you stand out during the next meeting or industry event.<\/p>\n<p>LED Light Box &#8211; advantages of the adFrame Smart model<br \/>\nDual-sided illumination<br \/>\nLED bulbs in the adFrame Smart are placed at the top and bottom of the frame. Acest lucru asigur\u0103 c\u0103 \u00eentreaga imprimare este iluminat\u0103 uniform pe ambele p\u0103r\u021bi, cresc\u00e2nd raza de ac\u021biune \u0219i vizibilitatea materialelor dvs. publicitare.<br \/>\nInstalare intuitiv\u0103<br \/>\nAdFrame Smart este cel mai intuitiv lightbox disponibil \u00een oferta adsystem. Asamblarea sa nu necesit\u0103 scule \u0219i presupune conectarea componentelor marcate corespunz\u0103tor cu conectori din plastic. Toate cablurile electrice sunt direc\u021bionate intern, nefiind necesare conexiuni suplimentare pentru cabluri, ci doar o priz\u0103 de 220V.<br \/>\nCutia luminoas\u0103 cu LED-uri este ambalat\u0103 standard \u00eentr-o pung\u0103 de dimensiuni personalizate. Pentru modelele mai mari, este inclus\u0103 o geant\u0103 practic\u0103 cu ro\u021bi.<br \/>\nPersonalizare complet\u0103<br \/>\nPute\u021bi ajusta complet lightbox-ul LED la nevoile dvs. Modelul este disponibil \u00een \u0219ase m\u0103rimi. If none of them meet your expectations, you can order additional connectors to extend the system, creating a personalized structure.<br \/>\nMoreover, the support legs in the adFrame Smart can be extended and placed on the other side. Acest lucru v\u0103 permite s\u0103 \u00eel seta\u021bi at\u00e2t pe vertical\u0103, c\u00e2t \u0219i pe orizontal\u0103.<\/p>\n","protected":false},"excerpt":{"rendered":"<p>Lightbox LED &#8211; aplica\u021bii Exhibition stand: The durable PVC frames can be connected, making adFrame Smart a successful component of a mobile exhibition stand. Amenajarea spa\u021biului de birou: Cutia luminoas\u0103 cu LED-uri poate servi ca suport de informa\u021bii \u00een birou. \u00cen plus, atunci c\u00e2nd este a\u0219ezat orizontal, poate ac\u021biona ca un separator de spa\u021biu. Industry [&hellip;]<\/p>\n","protected":false},"featured_media":26237,"comment_status":"closed","ping_status":"open","template":"","meta":{"_seopress_robots_primary_cat":"","_seopress_titles_title":"","_seopress_titles_desc":"","_seopress_robots_index":"","inline_featured_image":false},"product_brand":[],"product_cat":[1141,114,115],"product_tag":[],"class_list":{"0":"post-21482","1":"product","2":"type-product","3":"status-publish","4":"has-post-thumbnail","6":"product_cat-adframe-smart","7":"product_cat-casete-luminoase","8":"product_cat-casete-luminoase-independente","10":"first","11":"instock","12":"purchasable","13":"product-type-simple"},"_links":{"self":[{"href":"https:\/\/expovision.ro\/ro\/wp-json\/wp\/v2\/product\/21482","targetHints":{"allow":["GET"]}}],"collection":[{"href":"https:\/\/expovision.ro\/ro\/wp-json\/wp\/v2\/product"}],"about":[{"href":"https:\/\/expovision.ro\/ro\/wp-json\/wp\/v2\/types\/product"}],"replies":[{"embeddable":true,"href":"https:\/\/expovision.ro\/ro\/wp-json\/wp\/v2\/comments?post=21482"}],"wp:featuredmedia":[{"embeddable":true,"href":"https:\/\/expovision.ro\/ro\/wp-json\/wp\/v2\/media\/26237"}],"wp:attachment":[{"href":"https:\/\/expovision.ro\/ro\/wp-json\/wp\/v2\/media?parent=21482"}],"wp:term":[{"taxonomy":"product_brand","embeddable":true,"href":"https:\/\/expovision.ro\/ro\/wp-json\/wp\/v2\/product_brand?post=21482"},{"taxonomy":"product_cat","embeddable":true,"href":"https:\/\/expovision.ro\/ro\/wp-json\/wp\/v2\/product_cat?post=21482"},{"taxonomy":"product_tag","embeddable":true,"href":"https:\/\/expovision.ro\/ro\/wp-json\/wp\/v2\/product_tag?post=21482"}],"curies":[{"name":"wp","href":"https:\/\/api.w.org\/{rel}","templated":true}]}}