{"id":21223,"date":"2025-10-03T13:17:05","date_gmt":"2025-10-03T10:17:05","guid":{"rendered":"https:\/\/expovision.ro\/product\/print-only-adframe-slim-100x250\/"},"modified":"2025-10-01T19:53:08","modified_gmt":"2025-10-01T16:53:08","slug":"print-only-adframe-slim-100x250","status":"publish","type":"product","link":"https:\/\/expovision.ro\/ro\/produs\/print-only-adframe-slim-100x250\/","title":{"rendered":"Print-numai adFrame Slim 100&#215;250"},"content":{"rendered":"<p>adFrame Slim Display LED &#8211; Beneficii<br \/>\nUn \u00eenlocuitor modern pentru roll-up-uri adFrame Slim este o alternativ\u0103 contemporan\u0103 la roll-up-uri. Dac\u0103 v\u0103 g\u00e2ndi\u021bi s\u0103 v\u0103 moderniza\u021bi instrumentele promo\u021bionale, acest model este solu\u021bia ideal\u0103. Iluminarea, care nu este disponibil\u0103 \u00een sistemele clasice de afi\u0219are, \u0219i structura u\u0219oar\u0103 fac ca adFrame Slim s\u0103 atrag\u0103 aten\u021bia clien\u021bilor. \u00cen plus, \u00eenlocuirea graficii \u021bes\u0103turii este o op\u021biune care nu este disponibil\u0103 cu roll-up-urile. Pute\u021bi schimba printurile ori de c\u00e2te ori dori\u021bi pentru 30% din cost. Deveni\u021bi ecologic cu adFrame Slim!<br \/>\nPrinturi personalizate adaptate structuriiViziunea \u0219i brandul dvs. sunt prioritare. Acesta este motivul pentru care lightbox-ul este echipat cu o imprimare textil\u0103 cu designul dvs. unic, imprimat\u0103 pe material textil durabil. Metoda de imprimare prin sublimare utilizat\u0103 asigur\u0103 reproducerea exact\u0103 a culorilor \u0219i men\u021bine o calitate grafic\u0103 ridicat\u0103, cu un finisaj fotografic. Pute\u021bi comanda printuri pentru lightbox \u00eempreun\u0103 cu structura.<br \/>\n\u00cen plus, oferim op\u021biunea de a comanda doar grafica. Dac\u0103 de\u021bine\u021bi deja un adFrame Slim, pentru urm\u0103toarea dvs. campanie publicitar\u0103, pute\u021bi achizi\u021biona doar un nou print. \u00cen acest fel, un sistem serve\u0219te mai multor promo\u021bii.<br \/>\nAsamblare intuitiv\u0103, f\u0103r\u0103 scule, \u00een doar c\u00e2teva minute<br \/>\nDiferitele componente ale structurii sunt clar marcate \u0219i echipate cu conectori speciali. Ca urmare, asamblarea lightbox-ului cu Display LED nu necesit\u0103 unelte. Odat\u0103 ce structura este montat\u0103, pute\u021bi introduce printurile. Materialul textil are o band\u0103 de silicon care se potrive\u0219te \u00een fanta structurii din aluminiu. \u00centregul proces este intuitiv \u0219i ar trebui s\u0103 dureze doar c\u00e2teva minute. Urm\u0103ri\u021bi videoclipul \u00een care asambl\u0103m lightbox-urile.<br \/>\nCe este inclus \u00een set?          <\/p>\n<p>Structur\u0103 din aluminiu,<\/p>\n<p>Surs\u0103 de alimentare \u00eencorporat\u0103,<\/p>\n<p>Iluminare \u00eencorporat\u0103 a marginilor,<\/p>\n<p>Materiale tip\u0103rite,<\/p>\n<p>Geant\u0103 de transport.<\/p>\n<p>Specifica\u021bii tehnice:<\/p>\n<p>\u00cen\u0103l\u021bime: 200 cm<\/p>\n<p>L\u0103\u021bime: 100 cm<\/p>\n<p>L\u0103\u021bimea profilului: 65 cm<\/p>\n<p>Greutate per unitate: 10 kg<\/p>\n<p>Aplica\u021bii cu Display LED<br \/>\nAplica\u021bii: parte a unei expozi\u021bii permanente, publicitate \u00een magazin sau la fa\u021ba locului, sediu de companie, zon\u0103 de recep\u021bie.<br \/>\nSpecifica\u021bii cheie ale produsului:<\/p>\n<p>Asamblare f\u0103r\u0103 unelte,<\/p>\n<p>Iluminare margini,<\/p>\n<p>Imprimare fa\u021b\u0103-verso,<\/p>\n<p>Sistem pneumatic\/autopliere,<\/p>\n<p>Structur\u0103 reutilizabil\u0103,<\/p>\n<p>Sistemul Silicon Edge (SEG).<\/p>\n","protected":false},"excerpt":{"rendered":"<p>adFrame Slim Display LED &#8211; Beneficii Un \u00eenlocuitor modern pentru roll-up-uri adFrame Slim este o alternativ\u0103 contemporan\u0103 la roll-up-uri. Dac\u0103 v\u0103 g\u00e2ndi\u021bi s\u0103 v\u0103 moderniza\u021bi instrumentele promo\u021bionale, acest model este solu\u021bia ideal\u0103. Iluminarea, care nu este disponibil\u0103 \u00een sistemele clasice de afi\u0219are, \u0219i structura u\u0219oar\u0103 fac ca adFrame Slim s\u0103 atrag\u0103 aten\u021bia clien\u021bilor. \u00cen plus, [&hellip;]<\/p>\n","protected":false},"featured_media":26156,"comment_status":"closed","ping_status":"open","template":"","meta":{"_seopress_robots_primary_cat":"","_seopress_titles_title":"","_seopress_titles_desc":"","_seopress_robots_index":"","inline_featured_image":false},"product_brand":[],"product_cat":[114,115,1640],"product_tag":[],"class_list":{"0":"post-21223","1":"product","2":"type-product","3":"status-publish","4":"has-post-thumbnail","6":"product_cat-casete-luminoase","7":"product_cat-casete-luminoase-independente","8":"product_cat-adframe-slim","10":"first","11":"instock","12":"purchasable","13":"product-type-simple"},"_links":{"self":[{"href":"https:\/\/expovision.ro\/ro\/wp-json\/wp\/v2\/product\/21223","targetHints":{"allow":["GET"]}}],"collection":[{"href":"https:\/\/expovision.ro\/ro\/wp-json\/wp\/v2\/product"}],"about":[{"href":"https:\/\/expovision.ro\/ro\/wp-json\/wp\/v2\/types\/product"}],"replies":[{"embeddable":true,"href":"https:\/\/expovision.ro\/ro\/wp-json\/wp\/v2\/comments?post=21223"}],"wp:featuredmedia":[{"embeddable":true,"href":"https:\/\/expovision.ro\/ro\/wp-json\/wp\/v2\/media\/26156"}],"wp:attachment":[{"href":"https:\/\/expovision.ro\/ro\/wp-json\/wp\/v2\/media?parent=21223"}],"wp:term":[{"taxonomy":"product_brand","embeddable":true,"href":"https:\/\/expovision.ro\/ro\/wp-json\/wp\/v2\/product_brand?post=21223"},{"taxonomy":"product_cat","embeddable":true,"href":"https:\/\/expovision.ro\/ro\/wp-json\/wp\/v2\/product_cat?post=21223"},{"taxonomy":"product_tag","embeddable":true,"href":"https:\/\/expovision.ro\/ro\/wp-json\/wp\/v2\/product_tag?post=21223"}],"curies":[{"name":"wp","href":"https:\/\/api.w.org\/{rel}","templated":true}]}}