{"id":21212,"date":"2025-10-03T13:19:05","date_gmt":"2025-10-03T10:19:05","guid":{"rendered":"https:\/\/expovision.ro\/product\/adtribune-air-%e2%88%8560x100-tribune-ver2\/"},"modified":"2025-10-01T19:52:33","modified_gmt":"2025-10-01T16:52:33","slug":"adtribune-air-%e2%88%8560x100-tribune-ver2","status":"publish","type":"product","link":"https:\/\/expovision.ro\/ro\/produs\/adtribune-air-%e2%88%8560x100-tribune-ver2\/","title":{"rendered":"adTribune Air \u220560&#215;100 Tribune ver2"},"content":{"rendered":"<p>Avantajele contorului gonflabil adTribune Air<br \/>\nStructur\u0103 cu presiune constant\u0103<br \/>\nContorul gonflabil adTribune Air utilizeaz\u0103 o structur\u0103 cu presiune constant\u0103 care nu necesit\u0103 conectarea continu\u0103 la un compresor de aer dup\u0103 umflarea ini\u021bial\u0103. Acest lucru \u00eel face extrem de practic, economisind energie \u0219i men\u021bin\u00e2nd un nivel ideal de presiune pe tot parcursul evenimentului. Structura este echipat\u0103 cu o supap\u0103 de siguran\u021b\u0103 care men\u021bine un nivel optim de presiune pe toat\u0103 durata utiliz\u0103rii sale. Acest lucru asigur\u0103 fiabilitatea produsului pe \u00eentreaga sa durat\u0103 de via\u021b\u0103.<br \/>\nPrinturi rezistente la intemperii<br \/>\nPrinturile de pe adTribune Air sunt realizate din \u021bes\u0103tur\u0103 de poliester impermeabil\u0103, oferind protec\u021bie \u00eempotriva ploii \u0219i a razelor UV. Acest lucru v\u0103 men\u021bine grafica clar\u0103 \u0219i vibrant\u0103, chiar \u0219i \u00een condi\u021bii meteorologice dificile. \u00cen plus, op\u021biunea de a \u00eenlocui printurile permite adaptarea rapid\u0103 \u0219i u\u0219oar\u0103 a tejghelei la diferite campanii promo\u021bionale.<br \/>\nAsamblare f\u0103r\u0103 scule<br \/>\nMontarea tejghelei gonflabile este simpl\u0103 \u0219i intuitiv\u0103. Trebuie doar s\u0103 umfla\u021bi structura pentru a crea un contor promo\u021bional stabil, gata de utilizare. Dezasamblarea este la fel de rapid\u0103, permi\u021b\u00e2nd depozitarea tejghelei \u00een geanta de transport inclus\u0103, facilit\u00e2nd transportul \u0219i depozitarea.<br \/>\nCe este inclus \u00een set?       <\/p>\n<p>Structur\u0103 gonflabil\u0103 cu print personalizat<\/p>\n<p>PVC comprimat tabletop<\/p>\n<p>Accesorii necesare pentru utilizare<\/p>\n<p>Specifica\u021bii tehnice<\/p>\n<p>\u00cen\u0103l\u021bime: 100 cm<\/p>\n<p>L\u0103\u021bime: 60 cm<\/p>\n<p>Greutate per unitate: 14 kg<\/p>\n<p>Capacitate maxim\u0103 de \u00eenc\u0103rcare: 15 kg<\/p>\n<p>Aplica\u021bii<\/p>\n<p>Elemente de stand promo\u021bional<\/p>\n<p>Concerte \u0219i festivaluri<\/p>\n<p>Evenimente sportive<\/p>\n<p>Activit\u0103\u021bi promo\u021bionale<\/p>\n<p>Specifica\u021bii cheie<\/p>\n<p>Asamblare f\u0103r\u0103 unelte<\/p>\n<p>Utilizare \u00een interior \u0219i \u00een exterior<\/p>\n<p>Structur\u0103 reutilizabil\u0103<\/p>\n<p>Sistem de presiune constant\u0103<\/p>\n<p>Cu contorul gonflabil adTribune Air, marca dvs. va ie\u0219i \u00eentotdeauna \u00een eviden\u021b\u0103, oferind o solu\u021bie practic\u0103, durabil\u0103 \u0219i atractiv\u0103 din punct de vedere vizual pentru toate tipurile de evenimente.<\/p>\n","protected":false},"excerpt":{"rendered":"<p>Avantajele contorului gonflabil adTribune Air Structur\u0103 cu presiune constant\u0103 Contorul gonflabil adTribune Air utilizeaz\u0103 o structur\u0103 cu presiune constant\u0103 care nu necesit\u0103 conectarea continu\u0103 la un compresor de aer dup\u0103 umflarea ini\u021bial\u0103. Acest lucru \u00eel face extrem de practic, economisind energie \u0219i men\u021bin\u00e2nd un nivel ideal de presiune pe tot parcursul evenimentului. Structura este echipat\u0103 [&hellip;]<\/p>\n","protected":false},"featured_media":24334,"comment_status":"closed","ping_status":"open","template":"","meta":{"_seopress_robots_primary_cat":"","_seopress_titles_title":"","_seopress_titles_desc":"","_seopress_robots_index":"","inline_featured_image":false},"product_brand":[],"product_cat":[330,282,1643],"product_tag":[],"class_list":{"0":"post-21212","1":"product","2":"type-product","3":"status-publish","4":"has-post-thumbnail","6":"product_cat-contoare","7":"product_cat-publicitate-exterior","8":"product_cat-adtribune-air-ro","10":"first","11":"instock","12":"purchasable","13":"product-type-simple"},"_links":{"self":[{"href":"https:\/\/expovision.ro\/ro\/wp-json\/wp\/v2\/product\/21212","targetHints":{"allow":["GET"]}}],"collection":[{"href":"https:\/\/expovision.ro\/ro\/wp-json\/wp\/v2\/product"}],"about":[{"href":"https:\/\/expovision.ro\/ro\/wp-json\/wp\/v2\/types\/product"}],"replies":[{"embeddable":true,"href":"https:\/\/expovision.ro\/ro\/wp-json\/wp\/v2\/comments?post=21212"}],"wp:featuredmedia":[{"embeddable":true,"href":"https:\/\/expovision.ro\/ro\/wp-json\/wp\/v2\/media\/24334"}],"wp:attachment":[{"href":"https:\/\/expovision.ro\/ro\/wp-json\/wp\/v2\/media?parent=21212"}],"wp:term":[{"taxonomy":"product_brand","embeddable":true,"href":"https:\/\/expovision.ro\/ro\/wp-json\/wp\/v2\/product_brand?post=21212"},{"taxonomy":"product_cat","embeddable":true,"href":"https:\/\/expovision.ro\/ro\/wp-json\/wp\/v2\/product_cat?post=21212"},{"taxonomy":"product_tag","embeddable":true,"href":"https:\/\/expovision.ro\/ro\/wp-json\/wp\/v2\/product_tag?post=21212"}],"curies":[{"name":"wp","href":"https:\/\/api.w.org\/{rel}","templated":true}]}}