{"id":21206,"date":"2025-10-03T13:21:38","date_gmt":"2025-10-03T10:21:38","guid":{"rendered":"https:\/\/expovision.ro\/product\/pop-up-combo-counter-lightbox-100x100\/"},"modified":"2025-10-03T13:21:57","modified_gmt":"2025-10-03T10:21:57","slug":"pop-up-combo-counter-lightbox-100x100","status":"publish","type":"product","link":"https:\/\/expovision.ro\/ro\/produs\/pop-up-combo-counter-lightbox-100x100\/","title":{"rendered":"Pop-up COMBO Counter Lightbox 100&#215;100"},"content":{"rendered":"<p>Unde pute\u021bi utiliza Pop-up Combo?<\/p>\n<p>T\u00e2rguri comerciale \u0219i expozi\u021bii &#8211; perfecte pentru evenimente unde aspectul profesional \u0219i instalarea rapid\u0103 sunt cruciale.<\/p>\n<p>Conferin\u021be \u0219i prezent\u0103ri &#8211; serve\u0219te ca fundal pentru prezent\u0103ri \u0219i ca spa\u021biu pentru interac\u021biunea cu participan\u021bii.<\/p>\n<p>Promo\u021bii \u00een centrele comerciale &#8211; atrage aten\u021bia clien\u021bilor cu grafic\u0103 iluminat\u0103 \u0219i un contor func\u021bional.<\/p>\n<p>Zone de degustare \u0219i promovare &#8211; permit o expunere convenabil\u0103 a produselor \u0219i a materialelor promo\u021bionale.<\/p>\n<p>De ce s\u0103 alege\u021bi Pop-up Combo?<br \/>\nDesign coerent<br \/>\nCutia luminoas\u0103 pop-up \u0219i tejgheaua creeaz\u0103 o solu\u021bie elegant\u0103 \u0219i unitar\u0103, care spore\u0219te recunoa\u0219terea m\u0103rcii \u0219i atrage vizitatori.<br \/>\nAsamblare rapid\u0103 f\u0103r\u0103 scule<br \/>\nAmbele componente ale setului sunt concepute pentru o asamblare rapid\u0103 \u0219i intuitiv\u0103, economisind timp \u00een timpul instal\u0103rii. Structurile se bazeaz\u0103 pe un sistem pop-up modern, necesit\u00e2nd doar o mi\u0219care simpl\u0103 \u00een sus pentru a ridica afi\u0219ajul.<br \/>\nVizibilitate ridicat\u0103 cu iluminare LED<br \/>\nGrafica iluminat\u0103 de pe lightbox-ul pop-up \u0219i de pe tejghea asigur\u0103 o vizibilitate excelent\u0103 a reclamei dumneavoastr\u0103, chiar \u0219i de la distan\u021b\u0103, atr\u0103g\u00e2nd poten\u021biali clien\u021bi la standul dumneavoastr\u0103.<br \/>\nSolu\u021bie rentabil\u0103<br \/>\nPrin achizi\u021bionarea lightbox-ului \u0219i a tejghelei ca set, economisi\u021bi mai mult \u00een compara\u021bie cu achizi\u021bionarea lor separat\u0103 &#8211; o op\u021biune prietenoas\u0103 cu bugetul afacerii dumneavoastr\u0103.<br \/>\nMobilitate \u0219i confort<br \/>\nAmbele elemente sunt u\u0219oare \u0219i u\u0219or de transportat. Setul include pungi practice de transport pentru o portabilitate f\u0103r\u0103 efort.<br \/>\nContor cu sau f\u0103r\u0103 \u00eenc\u0103rc\u0103tor<br \/>\nPersonaliza\u021bi-v\u0103 Pop-up Combo cu un contor care dispune de un \u00eenc\u0103rc\u0103tor wireless \u00eencorporat pentru \u00eenc\u0103rcarea comod\u0103 a dispozitivelor sau alege\u021bi versiunea f\u0103r\u0103 acesta.<br \/>\nCe este inclus \u00een set?  <\/p>\n<p>Pop-up cutie luminoas\u0103 cu print grafic<\/p>\n<p>Pop-up contor cu imprimeu grafic<\/p>\n<p>Saci de transport pentru fiecare component\u0103<\/p>\n","protected":false},"excerpt":{"rendered":"<p>Unde pute\u021bi utiliza Pop-up Combo? T\u00e2rguri comerciale \u0219i expozi\u021bii &#8211; perfecte pentru evenimente unde aspectul profesional \u0219i instalarea rapid\u0103 sunt cruciale. Conferin\u021be \u0219i prezent\u0103ri &#8211; serve\u0219te ca fundal pentru prezent\u0103ri \u0219i ca spa\u021biu pentru interac\u021biunea cu participan\u021bii. Promo\u021bii \u00een centrele comerciale &#8211; atrage aten\u021bia clien\u021bilor cu grafic\u0103 iluminat\u0103 \u0219i un contor func\u021bional. Zone de degustare [&hellip;]<\/p>\n","protected":false},"featured_media":26207,"comment_status":"closed","ping_status":"open","template":"","meta":{"_seopress_robots_primary_cat":"","_seopress_titles_title":"","_seopress_titles_desc":"","_seopress_robots_index":"","inline_featured_image":false},"product_brand":[],"product_cat":[114,1734,1733],"product_tag":[],"class_list":{"0":"post-21206","1":"product","2":"type-product","3":"status-publish","4":"has-post-thumbnail","6":"product_cat-casete-luminoase","7":"product_cat-pop-up-combo-counter-lightbox-ro","8":"product_cat-pop-up-cutii-luminoase","10":"first","11":"instock","12":"purchasable","13":"product-type-simple"},"_links":{"self":[{"href":"https:\/\/expovision.ro\/ro\/wp-json\/wp\/v2\/product\/21206","targetHints":{"allow":["GET"]}}],"collection":[{"href":"https:\/\/expovision.ro\/ro\/wp-json\/wp\/v2\/product"}],"about":[{"href":"https:\/\/expovision.ro\/ro\/wp-json\/wp\/v2\/types\/product"}],"replies":[{"embeddable":true,"href":"https:\/\/expovision.ro\/ro\/wp-json\/wp\/v2\/comments?post=21206"}],"wp:featuredmedia":[{"embeddable":true,"href":"https:\/\/expovision.ro\/ro\/wp-json\/wp\/v2\/media\/26207"}],"wp:attachment":[{"href":"https:\/\/expovision.ro\/ro\/wp-json\/wp\/v2\/media?parent=21206"}],"wp:term":[{"taxonomy":"product_brand","embeddable":true,"href":"https:\/\/expovision.ro\/ro\/wp-json\/wp\/v2\/product_brand?post=21206"},{"taxonomy":"product_cat","embeddable":true,"href":"https:\/\/expovision.ro\/ro\/wp-json\/wp\/v2\/product_cat?post=21206"},{"taxonomy":"product_tag","embeddable":true,"href":"https:\/\/expovision.ro\/ro\/wp-json\/wp\/v2\/product_tag?post=21206"}],"curies":[{"name":"wp","href":"https:\/\/api.w.org\/{rel}","templated":true}]}}