{"id":21205,"date":"2025-10-03T13:19:32","date_gmt":"2025-10-03T10:19:32","guid":{"rendered":"https:\/\/expovision.ro\/product\/adcolumn-air-%e2%88%8560x320-ver2\/"},"modified":"2025-10-03T13:19:53","modified_gmt":"2025-10-03T10:19:53","slug":"adcolumn-air-%e2%88%8560x320-ver2","status":"publish","type":"product","link":"https:\/\/expovision.ro\/ro\/produs\/adcolumn-air-%e2%88%8560x320-ver2\/","title":{"rendered":"adColumn Air \u220560&#215;320 ver2"},"content":{"rendered":"<p>Avantajele utiliz\u0103rii coloanelor publicitare AdColumn Air<br \/>\nColoanele publicitare AdColumn Air ofer\u0103 o suprafa\u021b\u0103 mare pentru prezentarea con\u021binutului publicitar, sporindu-i vizibilitatea \u0219i eficien\u021ba.<br \/>\nSemnalizare clar\u0103 a evenimentului \u0219i orientare mai bun\u0103 a participan\u021bilor<br \/>\nColoana AdColumn Air nu se limiteaz\u0103 la o func\u021bie publicitar\u0103; de asemenea, ajut\u0103 la semnalizarea evenimentului, facilit\u00e2nd navigarea participan\u021bilor \u0219i \u00eembun\u0103t\u0103\u021bind organizarea spa\u021bial\u0103.<br \/>\nAsamblare f\u0103r\u0103 unelte<br \/>\nAsamblarea coloanei publicitare AdColumn Air este extrem de simpl\u0103 \u0219i rapid\u0103, nefiind necesare unelte. Chiar \u0219i persoanele f\u0103r\u0103 experien\u021b\u0103 o pot asambla cu u\u0219urin\u021b\u0103 \u00een cel mai scurt timp.<x id=\"gid_5\"><\/x>Material durabil \u0219i rezistent la ap\u0103<x id=\"gid_6\"><\/x>Coloanele publicitare AdColumn Air sunt fabricate din material rezistent la ap\u0103 \u0219i tratat, asigur\u00e2nd durabilitate \u0219i protec\u021bie \u00eempotriva condi\u021biilor meteorologice nefavorabile.<x id=\"gid_7\"><\/x>Construc\u021bie cu presiune constant\u0103<x id=\"gid_8\"><\/x>Structura este echipat\u0103 cu o supap\u0103 de siguran\u021b\u0103 care men\u021bine un nivel optim de presiune pe toat\u0103 durata utiliz\u0103rii. Acest lucru asigur\u0103 fiabilitatea produsului pe \u00eentreaga sa durat\u0103 de via\u021b\u0103.<x id=\"gid_9\"><\/x>Sistem reutilizabil<x id=\"gid_10\"><\/x>AdColumn Air este un produs standardizat, care v\u0103 permite s\u0103 comanda\u021bi noi printuri pentru structura deja existent\u0103. \u00cen acest fel, coloana publicitar\u0103 poate fi reutilizat\u0103 la diverse evenimente.<br \/>\nCon\u021binutul setului:   <\/p>\n<p>Imprimeu \u0219i structur\u0103 textil\u0103,<\/p>\n<p>Geant\u0103 de transport,<\/p>\n<p>Manual de asamblare.<\/p>\n<p>Specifica\u021bii tehnice:<\/p>\n<p>\u00cen\u0103l\u021bime: 100 cm<\/p>\n<p>L\u0103\u021bime: 60 cm<\/p>\n<p>Greutate per unitate: 15 kg<\/p>\n<p>Aplica\u021bii:<br \/>\nelemente de stand, concerte \u0219i festivaluri, evenimente sportive, evenimente promo\u021bionale.<br \/>\nCaracteristici principale ale produsului:<br \/>\nasamblare f\u0103r\u0103 scule, utilizare \u00een interior \u0219i \u00een exterior, structur\u0103 reutilizabil\u0103 \u0219i construc\u021bie cu presiune constant\u0103.<\/p>\n","protected":false},"excerpt":{"rendered":"<p>Avantajele utiliz\u0103rii coloanelor publicitare AdColumn Air Coloanele publicitare AdColumn Air ofer\u0103 o suprafa\u021b\u0103 mare pentru prezentarea con\u021binutului publicitar, sporindu-i vizibilitatea \u0219i eficien\u021ba. Semnalizare clar\u0103 a evenimentului \u0219i orientare mai bun\u0103 a participan\u021bilor Coloana AdColumn Air nu se limiteaz\u0103 la o func\u021bie publicitar\u0103; de asemenea, ajut\u0103 la semnalizarea evenimentului, facilit\u00e2nd navigarea participan\u021bilor \u0219i \u00eembun\u0103t\u0103\u021bind organizarea spa\u021bial\u0103. [&hellip;]<\/p>\n","protected":false},"featured_media":26188,"comment_status":"closed","ping_status":"open","template":"","meta":{"_seopress_robots_primary_cat":"","_seopress_titles_title":"","_seopress_titles_desc":"","_seopress_robots_index":"","inline_featured_image":false},"product_brand":[],"product_cat":[333,282,1621],"product_tag":[],"class_list":{"0":"post-21205","1":"product","2":"type-product","3":"status-publish","4":"has-post-thumbnail","6":"product_cat-coloane-publicitare","7":"product_cat-publicitate-exterior","8":"product_cat-adcolumn-air-ro","10":"first","11":"instock","12":"purchasable","13":"product-type-simple"},"_links":{"self":[{"href":"https:\/\/expovision.ro\/ro\/wp-json\/wp\/v2\/product\/21205","targetHints":{"allow":["GET"]}}],"collection":[{"href":"https:\/\/expovision.ro\/ro\/wp-json\/wp\/v2\/product"}],"about":[{"href":"https:\/\/expovision.ro\/ro\/wp-json\/wp\/v2\/types\/product"}],"replies":[{"embeddable":true,"href":"https:\/\/expovision.ro\/ro\/wp-json\/wp\/v2\/comments?post=21205"}],"wp:featuredmedia":[{"embeddable":true,"href":"https:\/\/expovision.ro\/ro\/wp-json\/wp\/v2\/media\/26188"}],"wp:attachment":[{"href":"https:\/\/expovision.ro\/ro\/wp-json\/wp\/v2\/media?parent=21205"}],"wp:term":[{"taxonomy":"product_brand","embeddable":true,"href":"https:\/\/expovision.ro\/ro\/wp-json\/wp\/v2\/product_brand?post=21205"},{"taxonomy":"product_cat","embeddable":true,"href":"https:\/\/expovision.ro\/ro\/wp-json\/wp\/v2\/product_cat?post=21205"},{"taxonomy":"product_tag","embeddable":true,"href":"https:\/\/expovision.ro\/ro\/wp-json\/wp\/v2\/product_tag?post=21205"}],"curies":[{"name":"wp","href":"https:\/\/api.w.org\/{rel}","templated":true}]}}