{"id":21200,"date":"2025-10-03T13:21:54","date_gmt":"2025-10-03T10:21:54","guid":{"rendered":"https:\/\/expovision.ro\/product\/adtribune-starter-without-print\/"},"modified":"2025-10-03T13:22:36","modified_gmt":"2025-10-03T10:22:36","slug":"adtribune-starter-without-print","status":"publish","type":"product","link":"https:\/\/expovision.ro\/ro\/produs\/adtribune-starter-without-print\/","title":{"rendered":"adTribune Starter (f\u0103r\u0103 print)"},"content":{"rendered":"<p>Caracteristici cheie:<\/p>\n<p>Print de \u00eenalt\u0103 calitate pe trei laturi, cu grafic\u0103 personalizat\u0103<\/p>\n<p>Structur\u0103 u\u0219oar\u0103 \u0219i pliabil\u0103, pentru montaj rapid<\/p>\n<p>Blat rezistent \u0219i raft interior spa\u021bios<\/p>\n<p>Unde poate fi folosit standul promo\u021bional Starter?<\/p>\n<p>T\u00e2rguri comerciale \u2013 Creeaz\u0103 un spa\u021biu atr\u0103g\u0103tor \u0219i confortabil pentru \u00eent\u00e2lniri cu clien\u021bii sau prezentarea produselor.<\/p>\n<p>Zone de recep\u021bie pentru evenimente \u2013 Dac\u0103 organizezi un eveniment sportiv, o conven\u021bie, o conferin\u021b\u0103 sau orice alt tip de \u00eentrunire ce presupune distribuirea de bilete sau pachete de start, tejgheaua promo\u021bional\u0103 adTribune Starter este solu\u021bia ideal\u0103.<\/p>\n<p>Campanii promo\u021bionale \u2013 Aceast\u0103 tejghea va fi un adaos excelent pentru standul t\u0103u \u00een timpul colect\u0103rii de semn\u0103turi sau al distribuirii materialelor promo\u021bionale.<\/p>\n<p>Caracteristici principale ale adTribune Starter<br \/>\nadTribune Starter este un produs versatil care \u00eembin\u0103 u\u0219urin\u021ba \u00een utilizare cu promovarea eficient\u0103 a brandului. Mai jos sunt prezentate cele mai importante caracteristici ale sale.<br \/>\nStructur\u0103 u\u0219oar\u0103 \u0219i pliabil\u0103 rapid<br \/>\nStructura principal\u0103 a tejghelei promo\u021bionale adTribune Starter este realizat\u0103 dintr-un cadru solid din aluminiu. Este u\u0219oar\u0103, iar procesul de pliere este simplu \u0219i intuitiv. Astfel, montarea standului t\u0103u se va face rapid \u0219i f\u0103r\u0103 efort.<br \/>\nBlat rezistent \u0219i raft interior spa\u021bios<br \/>\nUnul dintre avantajele cheie ale tejghelei promo\u021bionale adTribune Starter este blatul durabil, fabricat din PAL melaminat. Cu dimensiuni de 100 \u00d7 34 cm, ofer\u0103 un spa\u021biu generos pentru expunerea materialelor promo\u021bionale sau a produselor. \u00cen plus, raftul interior spa\u021bios \u00ee\u021bi permite s\u0103 depozitezi materiale suplimentare, produse sau obiecte personale, men\u021bin\u00e2nd standul ordonat \u0219i func\u021bional.<br \/>\nPrint de \u00eenalt\u0103 calitate pe trei laturi<br \/>\nTejgheaua promo\u021bional\u0103 adTribune Starter dispune de printuri de \u00eenalt\u0103 calitate pe trei laturi. Folosim tehnologie avansat\u0103 de imprimare prin sublimare, care asigur\u0103 culori vii \u0219i grafic\u0103 precis\u0103. Printurile reflect\u0103 fidel identitatea vizual\u0103 a brandului t\u0103u \u0219i conceptul promo\u021bional, f\u0103c\u00e2nd standul s\u0103 ias\u0103 \u00een eviden\u021b\u0103. \u00cen plus, marginile sunt finisate cu un profil din silicon, care permite montarea facil\u0103 \u2013 trebuie doar s\u0103 introduci marginea cauciucat\u0103 \u00een fantele cadrului de aluminiu.        <\/p>\n","protected":false},"excerpt":{"rendered":"<p>Caracteristici cheie: Print de \u00eenalt\u0103 calitate pe trei laturi, cu grafic\u0103 personalizat\u0103 Structur\u0103 u\u0219oar\u0103 \u0219i pliabil\u0103, pentru montaj rapid Blat rezistent \u0219i raft interior spa\u021bios Unde poate fi folosit standul promo\u021bional Starter? T\u00e2rguri comerciale \u2013 Creeaz\u0103 un spa\u021biu atr\u0103g\u0103tor \u0219i confortabil pentru \u00eent\u00e2lniri cu clien\u021bii sau prezentarea produselor. Zone de recep\u021bie pentru evenimente \u2013 Dac\u0103 [&hellip;]<\/p>\n","protected":false},"featured_media":26209,"comment_status":"closed","ping_status":"open","template":"","meta":{"_seopress_robots_primary_cat":"","_seopress_titles_title":"","_seopress_titles_desc":"","_seopress_robots_index":"","inline_featured_image":false},"product_brand":[],"product_cat":[1420,1419,84],"product_tag":[],"class_list":{"0":"post-21200","1":"product","2":"type-product","3":"status-publish","4":"has-post-thumbnail","6":"product_cat-adtribune-starter-ro","7":"product_cat-standuri-textile-ro","8":"product_cat-standuri","10":"first","11":"outofstock","12":"purchasable","13":"product-type-simple"},"_links":{"self":[{"href":"https:\/\/expovision.ro\/ro\/wp-json\/wp\/v2\/product\/21200","targetHints":{"allow":["GET"]}}],"collection":[{"href":"https:\/\/expovision.ro\/ro\/wp-json\/wp\/v2\/product"}],"about":[{"href":"https:\/\/expovision.ro\/ro\/wp-json\/wp\/v2\/types\/product"}],"replies":[{"embeddable":true,"href":"https:\/\/expovision.ro\/ro\/wp-json\/wp\/v2\/comments?post=21200"}],"wp:featuredmedia":[{"embeddable":true,"href":"https:\/\/expovision.ro\/ro\/wp-json\/wp\/v2\/media\/26209"}],"wp:attachment":[{"href":"https:\/\/expovision.ro\/ro\/wp-json\/wp\/v2\/media?parent=21200"}],"wp:term":[{"taxonomy":"product_brand","embeddable":true,"href":"https:\/\/expovision.ro\/ro\/wp-json\/wp\/v2\/product_brand?post=21200"},{"taxonomy":"product_cat","embeddable":true,"href":"https:\/\/expovision.ro\/ro\/wp-json\/wp\/v2\/product_cat?post=21200"},{"taxonomy":"product_tag","embeddable":true,"href":"https:\/\/expovision.ro\/ro\/wp-json\/wp\/v2\/product_tag?post=21200"}],"curies":[{"name":"wp","href":"https:\/\/api.w.org\/{rel}","templated":true}]}}