{"id":21033,"date":"2025-10-03T13:15:22","date_gmt":"2025-10-03T10:15:22","guid":{"rendered":"https:\/\/expovision.ro\/product\/adtent-express-pro-3x3m-konstrukcjawydruk-dach\/"},"modified":"2025-10-01T22:36:33","modified_gmt":"2025-10-01T19:36:33","slug":"adtent-express-pro-3x3m-konstrukcjawydruk-dach","status":"publish","type":"product","link":"https:\/\/expovision.ro\/ro\/produs\/adtent-express-pro-3x3m-konstrukcjawydruk-dach\/","title":{"rendered":"adTent EXPRESS PRO 3x3m (konstrukcja+wydruk dach)"},"content":{"rendered":"<p>Cort adTent Express Pro Express &#8211; de ce s\u0103 \u00eel alegi?<br \/>\nConstruc\u021bii Express \u2013 cele mai populare tipuri de corturi pentru t\u00e2rguri \u0219i evenimente<x id=\"gid_0\"><\/x>Corturile Express sunt alegerea preferat\u0103 pentru promovarea \u00een aer liber datorit\u0103 montajului rapid \u0219i a utiliz\u0103rii intuitive. Totu\u0219i, modelele noastre de corturi promo\u021bionale adTent Express Pro ofer\u0103 \u0219i alte avantaje care le fac extrem de func\u021bionale \u0219i atractive. Descoper\u0103 beneficiile acestui model:<x id=\"gid_1\"><\/x>Structur\u0103 nou\u0103, \u0219i mai rezistent\u0103<br \/>\nCortul adTent Express Pro dispune de o construc\u021bie \u00eent\u0103rit\u0103, capabil\u0103 s\u0103 suporte greut\u0103\u021bi de p\u00e2n\u0103 la 100 kg. Acest lucru ofer\u0103 o stabilitate superioar\u0103 \u0219i un grad ridicat de siguran\u021b\u0103 \u00een utilizare. De asemenea, po\u021bi ag\u0103\u021ba produse sau materiale sub acoperi\u0219ul cortului, extinz\u00e2nd spa\u021biul de expunere.<br \/>\nAtrage clien\u021bii c\u0103tre standul t\u0103u<br \/>\nCorturile publicitare adsystem nu sunt doar spa\u021bii func\u021bionale pentru lucru. Ele sunt concepute pentru a atrage privirile trec\u0103torilor \u0219i pentru a pune \u00een valoare oferta ta. Acoperim pere\u021bii, u\u0219ile \u0219i acoperi\u0219ul cortului cu printuri personalizate, \u00een culorile \u0219i grafica brandului t\u0103u. Astfel, ob\u021bii un mesaj publicitar clar \u0219i eficient.<br \/>\nProtec\u021bie eficient\u0103 \u00eempotriva soarelui, v\u00e2ntului \u0219i ploii<br \/>\nModelul adTent Express Pro \u00ee\u021bi ofer\u0103 protec\u021bie \u00eempotriva condi\u021biilor meteorologice nefavorabile. Materialul textil pe care imprim\u0103m este impermeabil, ceea ce \u00eenseamn\u0103 c\u0103 ploaia nu va deteriora materialele promo\u021bionale sau alte obiecte aflate sub cort. Este ideal pentru evenimente \u00een aer liber \u00een orice anotimp.<br \/>\nMontaj rapid, f\u0103r\u0103 unelte<x id=\"gid_8\"><\/x>Montarea \u0219i demontarea cortului se face rapid \u0219i simplu, f\u0103r\u0103 a necesita experien\u021b\u0103 tehnic\u0103. Structura acoperi\u0219ului este compus\u0103 din cadre de aluminiu interconectate, care se pliaz\u0103 \u0219i se extind automat.<x id=\"gid_9\"><\/x>Pentru a ridica cortul, este suficient s\u0103 tragi de picioarele sale \u0219i s\u0103 le fixezi \u00een pozi\u021biile indicate \u2013 nu este nevoie de unelte, ceea ce \u00eenseamn\u0103 c\u0103 nu mai trebuie s\u0103 transpor\u021bi truse de scule.<x id=\"gid_10\"><\/x>U\u0219or de transportat<br \/>\nCortul este livrat cu o geant\u0103 de transport pe ro\u021bi, astfel \u00eenc\u00e2t deplasarea la locul promo\u021biei este simpl\u0103 \u0219i comod\u0103.<br \/>\nPrinturi personalizate, adaptate brandului t\u0103u<br \/>\u00ce\u021bi complet\u0103m cortul Express cu printuri personalizate, incluz\u00e2nd logo-ul companiei, mesaje promo\u021bionale sau grafica dorit\u0103. Mai mult, po\u021bi comanda separat doar materialul textil imprimat, f\u0103r\u0103 a schimba structura. Astfel, cortul devine o solu\u021bie reutilizabil\u0103 pentru diverse campanii.<br \/>Folosim tehnologia ecologic\u0103 de imprimare prin sublimare, care ofer\u0103 culori intense \u0219i durabilitate ridicat\u0103 \u2013 corturile noastre devin astfel o adev\u0103rat\u0103 carte de vizit\u0103 pentru brandul t\u0103u.<br \/>Configurare flexibil\u0103<br \/>\u00ce\u021bi oferim op\u021biunea de a alege num\u0103rul de pere\u021bi laterali \u0219i modul \u00een care vrei s\u0103 fie \u00eenchise u\u0219ile cortului. \u00cen magazinul nostru po\u021bi configura cortul \u00een func\u021bie de nevoile tale \u2013 complet \u00eenchis, cu pere\u021bi par\u021biali sau complet deschis.                       Aleg\u00e2nd un produs adsystem, faci cu siguran\u021b\u0103 o alegere care corespunde cerin\u021belor tale.<br \/>\nUnde \u0219i c\u00e2nd po\u021bi folosi cortul adTent Express Pro?<br \/>\nCorturi express pentru concerte \u0219i festivaluri<br \/>\nCorturile de tip express sunt ideale pentru concerte, festivaluri \u0219i alte evenimente \u00een aer liber. Acestea pot proteja zone de tip food court, puncte de informare, locuri de \u00eenscriere pentru participan\u021bi la competi\u021bii sportive etc.<br \/>\nMontat \u00een spa\u021bii deschise, cortul atrage aten\u021bia participan\u021bilor \u0219i contribuie la folosirea eficient\u0103 a spa\u021biului disponibil. De asemenea, este o alegere excelent\u0103 pentru evenimente \u00een gr\u0103dini, parcuri sau pe plaj\u0103.<br \/>\nCort express pentru utilizare la interior<br \/>Corturile adTent Express Pro nu sunt destinate exclusiv folosirii \u00een aer liber. Ele pot fi folosite cu succes \u0219i la t\u00e2rguri, expozi\u021bii, pie\u021be promo\u021bionale sau evenimente organizate \u00een s\u0103li \u0219i galerii comerciale.<br \/>\u00cen astfel de contexte, cortul publicitar ofer\u0103 un spa\u021biu dedicat, confortabil, care delimiteaz\u0103 clar standul t\u0103u promo\u021bional \u00eentr-un mediu aglomerat.     <\/p>\n","protected":false},"excerpt":{"rendered":"<p>Cort adTent Express Pro Express &#8211; de ce s\u0103 \u00eel alegi? Construc\u021bii Express \u2013 cele mai populare tipuri de corturi pentru t\u00e2rguri \u0219i evenimenteCorturile Express sunt alegerea preferat\u0103 pentru promovarea \u00een aer liber datorit\u0103 montajului rapid \u0219i a utiliz\u0103rii intuitive. Totu\u0219i, modelele noastre de corturi promo\u021bionale adTent Express Pro ofer\u0103 \u0219i alte avantaje care le [&hellip;]<\/p>\n","protected":false},"featured_media":26128,"comment_status":"closed","ping_status":"open","template":"","meta":{"_seopress_robots_primary_cat":"","_seopress_titles_title":"","_seopress_titles_desc":"","_seopress_robots_index":"","inline_featured_image":false},"product_brand":[],"product_cat":[297,282,1608],"product_tag":[],"class_list":{"0":"post-21033","1":"product","2":"type-product","3":"status-publish","4":"has-post-thumbnail","6":"product_cat-corturi-publicitare","7":"product_cat-publicitate-exterior","8":"product_cat-adtent-express-pro-ro","10":"first","11":"outofstock","12":"purchasable","13":"product-type-simple"},"_links":{"self":[{"href":"https:\/\/expovision.ro\/ro\/wp-json\/wp\/v2\/product\/21033","targetHints":{"allow":["GET"]}}],"collection":[{"href":"https:\/\/expovision.ro\/ro\/wp-json\/wp\/v2\/product"}],"about":[{"href":"https:\/\/expovision.ro\/ro\/wp-json\/wp\/v2\/types\/product"}],"replies":[{"embeddable":true,"href":"https:\/\/expovision.ro\/ro\/wp-json\/wp\/v2\/comments?post=21033"}],"wp:featuredmedia":[{"embeddable":true,"href":"https:\/\/expovision.ro\/ro\/wp-json\/wp\/v2\/media\/26128"}],"wp:attachment":[{"href":"https:\/\/expovision.ro\/ro\/wp-json\/wp\/v2\/media?parent=21033"}],"wp:term":[{"taxonomy":"product_brand","embeddable":true,"href":"https:\/\/expovision.ro\/ro\/wp-json\/wp\/v2\/product_brand?post=21033"},{"taxonomy":"product_cat","embeddable":true,"href":"https:\/\/expovision.ro\/ro\/wp-json\/wp\/v2\/product_cat?post=21033"},{"taxonomy":"product_tag","embeddable":true,"href":"https:\/\/expovision.ro\/ro\/wp-json\/wp\/v2\/product_tag?post=21033"}],"curies":[{"name":"wp","href":"https:\/\/api.w.org\/{rel}","templated":true}]}}