{"id":20998,"date":"2025-10-03T13:05:01","date_gmt":"2025-10-03T10:05:01","guid":{"rendered":"https:\/\/expovision.ro\/product\/multiframe-250-3x3-u-stand\/"},"modified":"2025-09-30T01:46:20","modified_gmt":"2025-09-29T22:46:20","slug":"multiframe-250-3x3-u-stand","status":"publish","type":"product","link":"https:\/\/expovision.ro\/ro\/produs\/multiframe-250-3x3-u-stand\/","title":{"rendered":"Multiframe 250 3&#215;3 U stand"},"content":{"rendered":"<p>What benefits does the use of the Multiframe trade booth construction offer?<br \/>\nPrintre seturile gata f\u0103cute prezentate aici, ve\u021bi g\u0103si trei configura\u021bii de baz\u0103:<\/p>\n<p>Cabin\u0103 \u00een linie (\u00eenchis\u0103 pe trei laturi).<\/p>\n<p>Cabin\u0103 de col\u021b compus\u0103 din doi pere\u021bi care se \u00eent\u00e2lnesc la un unghi drept.<\/p>\n<p>Cabin\u0103 peninsular\u0103 format\u0103 dintr-un singur perete, deschis\u0103 pe trei laturi.<\/p>\n<p>Vede\u021bi beneficiile pe care le ob\u021bine\u021bi aleg\u00e2nd standul comercial mobil Multiframe.<br \/>\nCarte de vizit\u0103 impresionant\u0103 pentru brand<br \/>\nUna dintre cele mai importante caracteristici care disting standurile comerciale modulare Multiframe este aspectul elegant al construc\u021biei. Configura\u021biile standurilor comerciale prezentate aici, combinate cu imprimeuri textile, atrag aten\u021bia de la distan\u021b\u0103. Un stand comercial modern de acest tip va deveni o carte de vizit\u0103 pentru brand, subliniind caracterul profesional al companiei dumneavoastr\u0103.<br \/>\nCapacitatea de modificare a standului<br \/>\nO caracteristic\u0103 particular\u0103 a sistemului Multiframe este capacitatea de a schimba aspectul sistemului comandat. Kiturile constau din profile de aluminiu, care sunt conectate cu ajutorul unor conectori speciali. Dac\u0103 nevoile dvs. pentru aspectul cabinei se schimb\u0103 \u00een timp, pute\u021bi transforma cu u\u0219urin\u021b\u0103 aranjamentul modulelor \u00eentr-o construc\u021bie complet diferit\u0103. De aici vine \u0219i numele sistemului &#8211; pe baza cadrelor Multiframe, pute\u021bi crea un stand expozi\u021bional multifunc\u021bional \u0219i portabil.<br \/>\nPrinturi interschimbabile de \u00eenalt\u0103 calitate<br \/>\nPunctul culminant al construc\u021biei din aluminiu din standul comercial mobil Multiframe sunt printurile din material textil blockout. Aceasta este o \u021bes\u0103tur\u0103 de \u00eentunecare care nu las\u0103 lumina s\u0103 treac\u0103. Prin urmare, sistemul nu este iluminat din interior, dar nici lumina care vine din alte direc\u021bii nu va lumina din spate grafica.<br \/>\nImportant este faptul c\u0103 sistemele noastre de imprimare permit preg\u0103tirea de printuri foarte mari, care apoi vin \u00eentr-o singur\u0103 bucat\u0103 pentru construc\u021bia dumneavoastr\u0103. De exemplu, dac\u0103 este necesar, putem imprima grafic\u0103 de p\u00e2n\u0103 la 10&#215;2,5 m.<br \/>\nPentru preg\u0103tirea printurilor pentru standurile noastre comerciale mobile, folosim tehnica de imprimare prin sublimare. Aceast\u0103 metod\u0103 ecologic\u0103 ne permite s\u0103 realiz\u0103m grafic\u0103 de \u00eenalt\u0103 calitate cu culori profund saturate. Datorit\u0103 acestui fapt, printurile noastre vor reprezenta excelent conceptul dvs. grafic, iar standul se va integra perfect \u00een sistemul de identificare grafic\u0103 a m\u0103rcii.<br \/>\nImportant este faptul c\u0103, \u00een cazul unor posibile modific\u0103ri ale aspectului standului sau al unei schimb\u0103ri a ideii promo\u021bionale, pute\u021bi comanda doar printurile de la noi. Construc\u021bia Multiframe este reutilizabil\u0103 \u0219i trebuie doar s\u0103 comanda\u021bi grafic\u0103 nou\u0103 pentru sistem.<br \/>\nStand comercial mobil care se pliaz\u0103 la dimensiuni compacte<br \/>\nSistemul Multiframe \u0219i-a c\u00e2\u0219tigat denumirea de &#8222;mobil&#8221; deoarece, dup\u0103 dezasamblarea cadrelor din aluminiu, acestea sunt pliate \u00een pungi la \u00eendem\u00e2n\u0103, pe care le pute\u021bi transporta chiar \u0219i \u00een ma\u0219ina personal\u0103. Acest lucru \u00eenseamn\u0103 c\u0103 atunci c\u00e2nd v\u0103 preg\u0103ti\u021bi s\u0103 participa\u021bi la t\u00e2rguri, nu trebuie s\u0103 \u00eenchiria\u021bi un vehicul de transport mai mare.<br \/>\nSelec\u021bie larg\u0103 de accesorii<br \/>\nUn avantaj important al standurilor comerciale mobile prezentate aici este oferta larg\u0103 de accesorii suplimentare. Pute\u021bi ad\u0103uga la set lumini, acoperiri, rafturi, panouri pentru umera\u0219e, u\u0219i cu \u00eencuietoare \u0219i plafoniere. Toate acestea fac din construc\u021bia standului dvs. comercial un loc de munc\u0103 \u0219i mai confortabil \u0219i un suport de promovare mai bun.<br \/>\nAspecte tehnice:              <\/p>\n<p>Materiale: aluminiu, poliester, cuburi de plastic,<\/p>\n<p>L\u0103\u021bimea modulului: 50 sau 100 cm,<\/p>\n<p>\u00cen\u0103l\u021bimea modulului: 250\/300\/350 cm<\/p>\n<p>Asamblare: f\u0103r\u0103 scule,<\/p>\n<p>Pungi dedicate incluse \u00een set<\/p>\n<p>F\u0103r\u0103 iluminare intern\u0103 cu LED-uri (posibilitate de achizi\u021bionare a l\u0103mpilor externe),<\/p>\n<p>Accesorii.<\/p>\n","protected":false},"excerpt":{"rendered":"<p>What benefits does the use of the Multiframe trade booth construction offer? Printre seturile gata f\u0103cute prezentate aici, ve\u021bi g\u0103si trei configura\u021bii de baz\u0103: Cabin\u0103 \u00een linie (\u00eenchis\u0103 pe trei laturi). Cabin\u0103 de col\u021b compus\u0103 din doi pere\u021bi care se \u00eent\u00e2lnesc la un unghi drept. Cabin\u0103 peninsular\u0103 format\u0103 dintr-un singur perete, deschis\u0103 pe trei laturi. [&hellip;]<\/p>\n","protected":false},"featured_media":0,"comment_status":"closed","ping_status":"open","template":"","meta":{"_seopress_robots_primary_cat":"","_seopress_titles_title":"","_seopress_titles_desc":"","_seopress_robots_index":"","inline_featured_image":false},"product_brand":[],"product_cat":[289,1535,1537],"product_tag":[],"class_list":{"0":"post-20998","1":"product","2":"type-product","3":"status-publish","5":"product_cat-standuri-de-expozitie","6":"product_cat-kituri-de-standuri-expozitionale-gata-de-utilizare","7":"product_cat-multiframe-ro-2","9":"first","10":"instock","11":"purchasable","12":"product-type-simple"},"_links":{"self":[{"href":"https:\/\/expovision.ro\/ro\/wp-json\/wp\/v2\/product\/20998","targetHints":{"allow":["GET"]}}],"collection":[{"href":"https:\/\/expovision.ro\/ro\/wp-json\/wp\/v2\/product"}],"about":[{"href":"https:\/\/expovision.ro\/ro\/wp-json\/wp\/v2\/types\/product"}],"replies":[{"embeddable":true,"href":"https:\/\/expovision.ro\/ro\/wp-json\/wp\/v2\/comments?post=20998"}],"wp:attachment":[{"href":"https:\/\/expovision.ro\/ro\/wp-json\/wp\/v2\/media?parent=20998"}],"wp:term":[{"taxonomy":"product_brand","embeddable":true,"href":"https:\/\/expovision.ro\/ro\/wp-json\/wp\/v2\/product_brand?post=20998"},{"taxonomy":"product_cat","embeddable":true,"href":"https:\/\/expovision.ro\/ro\/wp-json\/wp\/v2\/product_cat?post=20998"},{"taxonomy":"product_tag","embeddable":true,"href":"https:\/\/expovision.ro\/ro\/wp-json\/wp\/v2\/product_tag?post=20998"}],"curies":[{"name":"wp","href":"https:\/\/api.w.org\/{rel}","templated":true}]}}