{"id":20947,"date":"2025-10-03T13:07:32","date_gmt":"2025-10-03T10:07:32","guid":{"rendered":"https:\/\/expovision.ro\/product\/wydruk-only-adframe-lpo-100x100\/"},"modified":"2025-05-01T10:25:29","modified_gmt":"2025-05-01T07:25:29","slug":"wydruk-only-adframe-lpo-100x100","status":"publish","type":"product","link":"https:\/\/expovision.ro\/ro\/produs\/wydruk-only-adframe-lpo-100x100\/","title":{"rendered":"Wydruk-only adFrame LPO 100&#215;100"},"content":{"rendered":"<p>Cum se utilizeaz\u0103 cel mai bine panoul luminos de exterior?<\/p>\n<p>Store sign: The coated material of the adFrame LPO is highly resistant to adverse weather conditions. As a result, this model can serve as a signboard placed in front of a store or service location. <\/p>\n<p>Panou de informare: Utiliza\u021bi caseta publicitar\u0103 exterioar\u0103 la o institu\u021bie cultural\u0103 pentru a informa vizitatorii despre expozi\u021biile temporare actuale sau despre spectacolele disponibile. De asemenea, panoul informativ poate fi ag\u0103\u021bat \u00een vitrina unui salon de coafur\u0103 sau de \u00eenfrumuse\u021bare. <\/p>\n<p>Semnalizare la intrare: Semnele luminoase pot fi utilizate la intrarea \u00eentr-un birou sau la recep\u021bia unui hotel. Acest lucru asigur\u0103 faptul c\u0103 clien\u021bii dvs. pot g\u0103si cu u\u0219urin\u021b\u0103 locul potrivit. <\/p>\n<p>adFrame LPO outdoor advertising box &#8211; advantages<br \/>\nInnovative outdoor advertising<br \/>\nThe adFrame LPO model is the first illuminated signboard specifically designed for outdoor advertising. It is made from durable coated materials that are highly resistant to adverse weather conditions such as rain and strong wind. The LED lights are additionally protected by a silicone cover. This ensures that your outdoor advertisement will always be illuminated and ready to attract the attention of customers coming from afar.<br \/>\nDurable and intuitive construction<br \/>\nThe adFrame LPO outdoor advertising signboard is mounted on an aluminum frame. Its assembly is completely tool-free and can be carried out by one person in a few minutes. The individual elements have appropriately marked connectors. The set includes glue and hooks for hanging and attaching the box.<br \/>\nInterchangeable prints<br \/>\nThe illuminated signboard is equipped with a print on textile material edged with an elastic band. This print can be removed from the structure and replaced with another at any time, for example, one designed to promote a new event. This means that one structure can serve you for a long time, even if you change your company&#8217;s visual identity. The outdoor advertising box is a reusable system and a long-term investment.<br \/>\nTechnical aspects:         <\/p>\n<p>sistem de ag\u0103\u021bare pe o singur\u0103 fa\u021b\u0103,<\/p>\n<p>cadru din aluminiu cu o l\u0103\u021bime de 8 cm,<\/p>\n<p>Iluminare marginal\u0103 cu LED protejat\u0103 cu silicon,<\/p>\n<p>imprimeu pe material textil tivit cu o band\u0103 elastic\u0103,<\/p>\n<p>coated material adapted to weather conditions,<\/p>\n<p>priz\u0103 proiectat\u0103 pentru utilizare \u00een exterior,<\/p>\n<p>printuri interschimbabile,<\/p>\n<p>asamblare f\u0103r\u0103 scule,<\/p>\n<p>c\u00e2rlige \u0219i lipici pentru montare incluse \u00een set.<\/p>\n<p>Dimensiuni:<\/p>\n<p>L\u0103\u021bime: 100 cm<\/p>\n<p>\u00cen\u0103l\u021bime: 100\/200\/293 cm<\/p>\n","protected":false},"excerpt":{"rendered":"<p>Cum se utilizeaz\u0103 cel mai bine panoul luminos de exterior? Store sign: The coated material of the adFrame LPO is highly resistant to adverse weather conditions. As a result, this model can serve as a signboard placed in front of a store or service location. Panou de informare: Utiliza\u021bi caseta publicitar\u0103 exterioar\u0103 la o institu\u021bie [&hellip;]<\/p>\n","protected":false},"featured_media":25980,"comment_status":"closed","ping_status":"open","template":"","meta":{"_seopress_robots_primary_cat":"","_seopress_titles_title":"","_seopress_titles_desc":"","_seopress_robots_index":"","inline_featured_image":false},"product_brand":[],"product_cat":[114,279,1632],"product_tag":[],"class_list":{"0":"post-20947","1":"product","2":"type-product","3":"status-publish","4":"has-post-thumbnail","6":"product_cat-casete-luminoase","7":"product_cat-casete-luminoase-suspendate","8":"product_cat-adframe-lpo-ro","10":"first","11":"instock","12":"purchasable","13":"product-type-simple"},"_links":{"self":[{"href":"https:\/\/expovision.ro\/ro\/wp-json\/wp\/v2\/product\/20947","targetHints":{"allow":["GET"]}}],"collection":[{"href":"https:\/\/expovision.ro\/ro\/wp-json\/wp\/v2\/product"}],"about":[{"href":"https:\/\/expovision.ro\/ro\/wp-json\/wp\/v2\/types\/product"}],"replies":[{"embeddable":true,"href":"https:\/\/expovision.ro\/ro\/wp-json\/wp\/v2\/comments?post=20947"}],"wp:featuredmedia":[{"embeddable":true,"href":"https:\/\/expovision.ro\/ro\/wp-json\/wp\/v2\/media\/25980"}],"wp:attachment":[{"href":"https:\/\/expovision.ro\/ro\/wp-json\/wp\/v2\/media?parent=20947"}],"wp:term":[{"taxonomy":"product_brand","embeddable":true,"href":"https:\/\/expovision.ro\/ro\/wp-json\/wp\/v2\/product_brand?post=20947"},{"taxonomy":"product_cat","embeddable":true,"href":"https:\/\/expovision.ro\/ro\/wp-json\/wp\/v2\/product_cat?post=20947"},{"taxonomy":"product_tag","embeddable":true,"href":"https:\/\/expovision.ro\/ro\/wp-json\/wp\/v2\/product_tag?post=20947"}],"curies":[{"name":"wp","href":"https:\/\/api.w.org\/{rel}","templated":true}]}}