{"id":20897,"date":"2025-10-03T13:11:09","date_gmt":"2025-10-03T10:11:09","guid":{"rendered":"https:\/\/expovision.ro\/product\/pop-up-lightbox-100x200-bez-wydruku\/"},"modified":"2025-05-01T15:05:59","modified_gmt":"2025-05-01T12:05:59","slug":"pop-up-lightbox-100x200-bez-wydruku","status":"publish","type":"product","link":"https:\/\/expovision.ro\/ro\/produs\/pop-up-lightbox-100x200-bez-wydruku\/","title":{"rendered":"Pop-up Lightbox 100&#215;200 (bez wydruku)"},"content":{"rendered":"<p>How can you use the adTribune Pop-up advertising counter?<br \/>\nOur self-deploying adTribune Pop-up advertising stand will support your promotional activities during various events. You can use it as a portable promotional station during events in shopping malls, during trade fairs, or various promotions. It is also suitable for use in offices, receptions, or service salons.<br \/>\nWhat are the benefits of the self-deploying advertising stand?<br \/>\nA distinctive feature of the pop-up stand is its quick and tool-free assembly. We have implemented a design that allows for the product to be deployed with a single pull, without the need to fit and mount individual elements. As a result, the assembly of the stand will be efficient and fast, even if you lack manual skills.<br \/>\nMoreover, the quickly deployable adTribune Pop-up exhibition counter for trade fairs is equipped with LED lighting installed on the side of the frame. Once the LEDs are turned on, the print with your graphics will become even more visible, and your promotional booth will attract customers&#8217; attention.<br \/>\nIn the printing process, we use the sublimation printing technique. This ensures that colors and graphics are vivid and vibrant, and the overall print is very effective. As a result, our self-deploying advertising stand will become an elegant business card for your company.<br \/>\nThe portable adTribune Pop-up promotional station is a reusable product. The stand is made of aluminum and plastic, making it durable.         Important este faptul c\u0103, dac\u0103 sistemul de identificare grafic\u0103 al companiei dvs. se schimb\u0103 \u00een timp sau dac\u0103 preg\u0103ti\u021bi grafice noi, pute\u021bi utiliza \u00een continuare standul achizi\u021bionat ini\u021bial. \u00centr-un astfel de caz, trebuie doar s\u0103 achizi\u021biona\u021bi o nou\u0103 imprimare pentru acesta. <\/p>\n","protected":false},"excerpt":{"rendered":"<p>How can you use the adTribune Pop-up advertising counter? Our self-deploying adTribune Pop-up advertising stand will support your promotional activities during various events. You can use it as a portable promotional station during events in shopping malls, during trade fairs, or various promotions. It is also suitable for use in offices, receptions, or service salons. [&hellip;]<\/p>\n","protected":false},"featured_media":26054,"comment_status":"closed","ping_status":"open","template":"","meta":{"_seopress_robots_primary_cat":"","_seopress_titles_title":"","_seopress_titles_desc":"","_seopress_robots_index":"","inline_featured_image":false},"product_brand":[],"product_cat":[114],"product_tag":[],"class_list":{"0":"post-20897","1":"product","2":"type-product","3":"status-publish","4":"has-post-thumbnail","6":"product_cat-casete-luminoase","8":"first","9":"instock","10":"purchasable","11":"product-type-simple"},"_links":{"self":[{"href":"https:\/\/expovision.ro\/ro\/wp-json\/wp\/v2\/product\/20897","targetHints":{"allow":["GET"]}}],"collection":[{"href":"https:\/\/expovision.ro\/ro\/wp-json\/wp\/v2\/product"}],"about":[{"href":"https:\/\/expovision.ro\/ro\/wp-json\/wp\/v2\/types\/product"}],"replies":[{"embeddable":true,"href":"https:\/\/expovision.ro\/ro\/wp-json\/wp\/v2\/comments?post=20897"}],"wp:featuredmedia":[{"embeddable":true,"href":"https:\/\/expovision.ro\/ro\/wp-json\/wp\/v2\/media\/26054"}],"wp:attachment":[{"href":"https:\/\/expovision.ro\/ro\/wp-json\/wp\/v2\/media?parent=20897"}],"wp:term":[{"taxonomy":"product_brand","embeddable":true,"href":"https:\/\/expovision.ro\/ro\/wp-json\/wp\/v2\/product_brand?post=20897"},{"taxonomy":"product_cat","embeddable":true,"href":"https:\/\/expovision.ro\/ro\/wp-json\/wp\/v2\/product_cat?post=20897"},{"taxonomy":"product_tag","embeddable":true,"href":"https:\/\/expovision.ro\/ro\/wp-json\/wp\/v2\/product_tag?post=20897"}],"curies":[{"name":"wp","href":"https:\/\/api.w.org\/{rel}","templated":true}]}}