{"id":20877,"date":"2025-10-03T13:13:35","date_gmt":"2025-10-03T10:13:35","guid":{"rendered":"https:\/\/expovision.ro\/product\/adframe-quick-85x200-version-2-0\/"},"modified":"2025-09-30T02:01:44","modified_gmt":"2025-09-29T23:01:44","slug":"adframe-quick-85x200-version-2-0","status":"publish","type":"product","link":"https:\/\/expovision.ro\/ro\/produs\/adframe-quick-85x200-version-2-0\/","title":{"rendered":"adFrame Quick 85&#215;200 version 2.0"},"content":{"rendered":"<p>Stand iluminat adFrame Quick \u2013 Beneficii<br \/>\nIluminare pe ambele fe\u021be<br \/>\nLED-urile sunt montate de-a lungul marginilor laterale ale cadrului. Materialul textil folosit pentru print are propriet\u0103\u021bi speciale care asigur\u0103 o dispersie uniform\u0103 a luminii. Astfel, \u00eentreaga grafic\u0103 este iluminat\u0103 \u00een mod egal, sporind vizibilitatea campaniilor tale promo\u021bionale.<br \/>\nMontaj intuitiv \u0219i mobilitate ridicat\u0103<br \/>\nAsamblarea standului adFrame Quick este rapid\u0103 \u0219i nu necesit\u0103 unelte. Fiecare component\u0103 este prev\u0103zut\u0103 cu conectori numerota\u021bi, ceea ce face structura u\u0219or de montat. Aplicarea printului este simpl\u0103 \u2013 trebuie doar s\u0103 introduci banda de silicon \u00een canalul ramei.<br \/>\nStandul iluminat este livrat fie \u00eentr-o geant\u0103 moale, fie \u00eentr-un troller practic cu ro\u021bi, ceea ce faciliteaz\u0103 transportul \u0219i manipularea.<br \/>Instrument publicitar versatil<br \/>Versiunea cu LED a acestui sistem tip roll-up permite \u00eenlocuirea rapid\u0103 a printului. Pentru viitoare t\u00e2rguri sau conferin\u021be, trebuie doar s\u0103 comanzi o grafic\u0103 nou\u0103, compatibil\u0103 cu structura existent\u0103. Este o solu\u021bie publicitar\u0103 ecologic\u0103, durabil\u0103 \u0219i multifunc\u021bional\u0103, perfect\u0103 pentru branduri dinamice.<br \/>Specifica\u021bii tehnice:      <\/p>\n<p>\u00cen\u0103l\u021bime: 200 cm<\/p>\n<p>L\u0103\u021bime: 100 cm<\/p>\n<p>L\u0103\u021bime cadru: 8 cm<\/p>\n<p>Greutate per unitate: 11 kg<\/p>\n<p>Aplica\u021bii:<\/p>\n<p>Element recep\u021bie,<\/p>\n<p>Parte din stand,<\/p>\n<p>Fundal vorbitor,<\/p>\n<p>Participare la conferin\u021be,<\/p>\n<p>Sediu companie,<\/p>\n<p>Evenimente promo\u021bionale.<\/p>\n<p>Caracteristici cheie:<\/p>\n<p>Asamblare f\u0103r\u0103 unelte,<\/p>\n<p>Iluminare margini,<\/p>\n<p>Autoportan\u021b\u0103,<\/p>\n<p>Structur\u0103 reutilizabil\u0103,<\/p>\n<p>Sistem margini de silicon (SEG),<\/p>\n<p>Printare fa\u021b\u0103-verso<\/p>\n","protected":false},"excerpt":{"rendered":"<p>Stand iluminat adFrame Quick \u2013 Beneficii Iluminare pe ambele fe\u021be LED-urile sunt montate de-a lungul marginilor laterale ale cadrului. Materialul textil folosit pentru print are propriet\u0103\u021bi speciale care asigur\u0103 o dispersie uniform\u0103 a luminii. Astfel, \u00eentreaga grafic\u0103 este iluminat\u0103 \u00een mod egal, sporind vizibilitatea campaniilor tale promo\u021bionale. Montaj intuitiv \u0219i mobilitate ridicat\u0103 Asamblarea standului adFrame [&hellip;]<\/p>\n","protected":false},"featured_media":26092,"comment_status":"closed","ping_status":"open","template":"","meta":{"_seopress_robots_primary_cat":"","_seopress_titles_title":"","_seopress_titles_desc":"","_seopress_robots_index":"","inline_featured_image":false},"product_brand":[],"product_cat":[114,115,1637],"product_tag":[],"class_list":{"0":"post-20877","1":"product","2":"type-product","3":"status-publish","4":"has-post-thumbnail","6":"product_cat-casete-luminoase","7":"product_cat-casete-luminoase-independente","8":"product_cat-adframe-quick","10":"first","11":"instock","12":"purchasable","13":"product-type-simple"},"_links":{"self":[{"href":"https:\/\/expovision.ro\/ro\/wp-json\/wp\/v2\/product\/20877","targetHints":{"allow":["GET"]}}],"collection":[{"href":"https:\/\/expovision.ro\/ro\/wp-json\/wp\/v2\/product"}],"about":[{"href":"https:\/\/expovision.ro\/ro\/wp-json\/wp\/v2\/types\/product"}],"replies":[{"embeddable":true,"href":"https:\/\/expovision.ro\/ro\/wp-json\/wp\/v2\/comments?post=20877"}],"wp:featuredmedia":[{"embeddable":true,"href":"https:\/\/expovision.ro\/ro\/wp-json\/wp\/v2\/media\/26092"}],"wp:attachment":[{"href":"https:\/\/expovision.ro\/ro\/wp-json\/wp\/v2\/media?parent=20877"}],"wp:term":[{"taxonomy":"product_brand","embeddable":true,"href":"https:\/\/expovision.ro\/ro\/wp-json\/wp\/v2\/product_brand?post=20877"},{"taxonomy":"product_cat","embeddable":true,"href":"https:\/\/expovision.ro\/ro\/wp-json\/wp\/v2\/product_cat?post=20877"},{"taxonomy":"product_tag","embeddable":true,"href":"https:\/\/expovision.ro\/ro\/wp-json\/wp\/v2\/product_tag?post=20877"}],"curies":[{"name":"wp","href":"https:\/\/api.w.org\/{rel}","templated":true}]}}