{"id":20789,"date":"2025-10-03T12:24:56","date_gmt":"2025-10-03T09:24:56","guid":{"rendered":"https:\/\/expovision.ro\/product\/pompa-electrica-bravo\/"},"modified":"2025-05-01T15:00:06","modified_gmt":"2025-05-01T12:00:06","slug":"pompa-electrica-bravo","status":"publish","type":"product","link":"https:\/\/expovision.ro\/ro\/produs\/pompa-electrica-bravo\/","title":{"rendered":"pomp\u0103 electric\u0103 BRAVO"},"content":{"rendered":"<p>Eficien\u021b\u0103 \u0219i versatilitate<br \/>\nPompa electric\u0103 Bravo se remarc\u0103 prin puterea sa impresionant\u0103 de 600 W. Aceasta v\u0103 permite s\u0103 reduce\u021bi rapid \u0219i u\u0219or volumul unor articole precum corturile gonflabile.<br \/>\nSiguran\u021b\u0103 \u0219i fiabilitate<br \/>\nUna dintre caracteristicile cheie ale pompei electrice Bravo este un filtru special care \u00eempiedic\u0103 aspirarea obiectelor nedorite \u00een dispozitiv. \u00cen plus, un comutator termic protejeaz\u0103 pompa de supra\u00eenc\u0103lzire. Astfel, \u00eentregul proces este sigur \u0219i fiabil.<br \/>\nDepozitare \u0219i transport u\u0219or<br \/>\nDatorit\u0103 dimensiunilor sale compacte \u0219i designului u\u0219or, pompa electric\u0103 Bravo este u\u0219or de depozitat \u0219i transportat. Furtunul lung de pompare ofer\u0103 confort, elimin\u00e2nd necesitatea de a muta constant dispozitivul.    <\/p>\n","protected":false},"excerpt":{"rendered":"<p>Eficien\u021b\u0103 \u0219i versatilitate Pompa electric\u0103 Bravo se remarc\u0103 prin puterea sa impresionant\u0103 de 600 W. Aceasta v\u0103 permite s\u0103 reduce\u021bi rapid \u0219i u\u0219or volumul unor articole precum corturile gonflabile. Siguran\u021b\u0103 \u0219i fiabilitate Una dintre caracteristicile cheie ale pompei electrice Bravo este un filtru special care \u00eempiedic\u0103 aspirarea obiectelor nedorite \u00een dispozitiv. \u00cen plus, un comutator [&hellip;]<\/p>\n","protected":false},"featured_media":0,"comment_status":"closed","ping_status":"open","template":"","meta":{"_seopress_robots_primary_cat":"","_seopress_titles_title":"","_seopress_titles_desc":"","_seopress_robots_index":"","inline_featured_image":false},"product_brand":[],"product_cat":[631,367,1435],"product_tag":[],"class_list":{"0":"post-20789","1":"product","2":"type-product","3":"status-publish","5":"product_cat-accesorii-si-iluminat-publicitar","6":"product_cat-accesorii-standuri-publicitare","7":"product_cat-pompa-electrica-bravo","9":"first","10":"instock","11":"purchasable","12":"product-type-simple"},"_links":{"self":[{"href":"https:\/\/expovision.ro\/ro\/wp-json\/wp\/v2\/product\/20789","targetHints":{"allow":["GET"]}}],"collection":[{"href":"https:\/\/expovision.ro\/ro\/wp-json\/wp\/v2\/product"}],"about":[{"href":"https:\/\/expovision.ro\/ro\/wp-json\/wp\/v2\/types\/product"}],"replies":[{"embeddable":true,"href":"https:\/\/expovision.ro\/ro\/wp-json\/wp\/v2\/comments?post=20789"}],"wp:attachment":[{"href":"https:\/\/expovision.ro\/ro\/wp-json\/wp\/v2\/media?parent=20789"}],"wp:term":[{"taxonomy":"product_brand","embeddable":true,"href":"https:\/\/expovision.ro\/ro\/wp-json\/wp\/v2\/product_brand?post=20789"},{"taxonomy":"product_cat","embeddable":true,"href":"https:\/\/expovision.ro\/ro\/wp-json\/wp\/v2\/product_cat?post=20789"},{"taxonomy":"product_tag","embeddable":true,"href":"https:\/\/expovision.ro\/ro\/wp-json\/wp\/v2\/product_tag?post=20789"}],"curies":[{"name":"wp","href":"https:\/\/api.w.org\/{rel}","templated":true}]}}