{"id":20745,"date":"2025-10-03T12:27:43","date_gmt":"2025-10-03T09:27:43","guid":{"rendered":"https:\/\/expovision.ro\/product\/adflag-hook-xl\/"},"modified":"2025-05-01T10:31:29","modified_gmt":"2025-05-01T07:31:29","slug":"adflag-hook-xl","status":"publish","type":"product","link":"https:\/\/expovision.ro\/ro\/produs\/adflag-hook-xl\/","title":{"rendered":"adFlag HOOK XL"},"content":{"rendered":"<p>Care sunt avantajele unui steag imprimat personalizat?<br \/>\nSteagurile imprimate la comand\u0103 sunt printre cele mai populare mijloace de publicitate, \u00een special \u00een timpul evenimentelor \u00een aer liber. Cu toate acestea, le pute\u021bi utiliza \u00een multe moduri diferite, inclusiv \u00een interior. Descoperi\u021bi beneficiile utiliz\u0103rii unui steag cu imprimeuri personalizate.<br \/>\nMesaj publicitar clar<br \/>\nPentru a preg\u0103ti steagurile cu imprimeuri personalizate, folosim tehnologia imprim\u0103rii directe. Acest lucru ne permite s\u0103 ob\u021binem imprim\u0103ri de \u00eenalt\u0103 calitate &#8211; grafica de pe steag este clar\u0103 \u0219i bine saturat\u0103 cu culori. Ca urmare, acest tip de suport publicitar nu numai c\u0103 se va integra perfect \u00een sistemul de identitate vizual\u0103 al m\u0103rcii dvs. dar va servi \u0219i ca o modalitate excelent\u0103 de a marca o cl\u0103dire sau un stand. Acest lucru este deosebit de important dac\u0103 organiza\u021bi un eveniment \u00eentr-un interior spa\u021bios sau \u00eentr-o zon\u0103 deschis\u0103.<br \/>\n\u00cen plus, imprimarea se afl\u0103 doar pe o parte a materialului. Cu toate acestea, greutatea \u021bes\u0103turii este de a\u0219a natur\u0103 \u00eenc\u00e2t grafica este vizibil\u0103 \u0219i pe revers.<br \/>\nAsamblare \u0219i transport u\u0219or<br \/>\nNe-am asigurat, de asemenea, c\u0103 asamblarea steagurilor imprimate la comand\u0103 este u\u0219oar\u0103 \u0219i rapid\u0103. Pentru a monta structura, este suficient s\u0103 desf\u0103\u0219ura\u021bi catargul \u0219i s\u0103 glisa\u021bi steagul pe el. Materialul este cusut la cap\u0103t \u00een a\u0219a fel \u00eenc\u00e2t s\u0103 formeze un mic tunel prin care introduce\u021bi catargul. \u00cen plus, \u00eentregul set este u\u0219or, astfel \u00eenc\u00e2t, dac\u0103 planifica\u021bi un eveniment \u00een afara sediului companiei, transportul steagului personalizat nu va fi o problem\u0103.<br \/>\nMateriale durabile<br \/>\nCatargul produsului prezentat aici este fabricat dintr-un amestec de aluminiu \u0219i fibr\u0103 de sticl\u0103. Aceast\u0103 combina\u021bie de materiale asigur\u0103 rezisten\u021ba la condi\u021biile meteorologice nefavorabile \u0219i la deterior\u0103rile mecanice.<br \/>\nCe include setul?          <\/p>\n<p>Steag imprimat personalizat<\/p>\n<p>Catarg<\/p>\n","protected":false},"excerpt":{"rendered":"<p>Care sunt avantajele unui steag imprimat personalizat? Steagurile imprimate la comand\u0103 sunt printre cele mai populare mijloace de publicitate, \u00een special \u00een timpul evenimentelor \u00een aer liber. Cu toate acestea, le pute\u021bi utiliza \u00een multe moduri diferite, inclusiv \u00een interior. Descoperi\u021bi beneficiile utiliz\u0103rii unui steag cu imprimeuri personalizate. Mesaj publicitar clar Pentru a preg\u0103ti steagurile [&hellip;]<\/p>\n","protected":false},"featured_media":25381,"comment_status":"closed","ping_status":"open","template":"","meta":{"_seopress_robots_primary_cat":"","_seopress_titles_title":"","_seopress_titles_desc":"","_seopress_robots_index":"","inline_featured_image":false},"product_brand":[],"product_cat":[282,1053,1619],"product_tag":[],"class_list":{"0":"post-20745","1":"product","2":"type-product","3":"status-publish","4":"has-post-thumbnail","6":"product_cat-publicitate-exterior","7":"product_cat-steaguri-publicitare-si-infasuratoare","8":"product_cat-adflag-hook-ro","10":"first","11":"instock","12":"purchasable","13":"product-type-simple"},"_links":{"self":[{"href":"https:\/\/expovision.ro\/ro\/wp-json\/wp\/v2\/product\/20745","targetHints":{"allow":["GET"]}}],"collection":[{"href":"https:\/\/expovision.ro\/ro\/wp-json\/wp\/v2\/product"}],"about":[{"href":"https:\/\/expovision.ro\/ro\/wp-json\/wp\/v2\/types\/product"}],"replies":[{"embeddable":true,"href":"https:\/\/expovision.ro\/ro\/wp-json\/wp\/v2\/comments?post=20745"}],"wp:featuredmedia":[{"embeddable":true,"href":"https:\/\/expovision.ro\/ro\/wp-json\/wp\/v2\/media\/25381"}],"wp:attachment":[{"href":"https:\/\/expovision.ro\/ro\/wp-json\/wp\/v2\/media?parent=20745"}],"wp:term":[{"taxonomy":"product_brand","embeddable":true,"href":"https:\/\/expovision.ro\/ro\/wp-json\/wp\/v2\/product_brand?post=20745"},{"taxonomy":"product_cat","embeddable":true,"href":"https:\/\/expovision.ro\/ro\/wp-json\/wp\/v2\/product_cat?post=20745"},{"taxonomy":"product_tag","embeddable":true,"href":"https:\/\/expovision.ro\/ro\/wp-json\/wp\/v2\/product_tag?post=20745"}],"curies":[{"name":"wp","href":"https:\/\/api.w.org\/{rel}","templated":true}]}}