{"id":20727,"date":"2025-10-03T13:02:50","date_gmt":"2025-10-03T10:02:50","guid":{"rendered":"https:\/\/expovision.ro\/product\/sego-light-box-2x3-l-stand\/"},"modified":"2025-09-30T01:42:30","modified_gmt":"2025-09-29T22:42:30","slug":"sego-light-box-2x3-l-stand","status":"publish","type":"product","link":"https:\/\/expovision.ro\/ro\/produs\/sego-light-box-2x3-l-stand\/","title":{"rendered":"SEGO Light Box 2&#215;3 L &#8211; stand"},"content":{"rendered":"<p>Ce beneficii ofer\u0103 construc\u021bia SEGO LED?<br \/>\nConstruc\u021bia SEGO LED const\u0103 din module de 100&#215;250, 85&#215;250 cm sau 300&#215;250 cm, care, \u00een versiunea finalizat\u0103, sunt dispuse \u00een trei forme: un stand \u00een linie (\u00eenchis pe trei laturi), o insul\u0103 sau o configura\u021bie de col\u021b.<br \/>\nStanduri comerciale iluminate &#8211; ie\u0219i\u021bi \u00een eviden\u021b\u0103 fa\u021b\u0103 de concuren\u021b\u0103<br \/>\nUn stand comercial preg\u0103tit cu ajutorul boxelor comerciale independente SEGO este o modalitate excelent\u0103 de a crea un spa\u021biu de lucru confortabil \u0219i de a ie\u0219i \u00een eviden\u021b\u0103 \u00een timpul t\u00e2rgurilor. Construc\u021bia va delimita limitele standului dumneavoastr\u0103, iar pere\u021bii vor prezenta grafic\u0103 cu imprimeuri personalizate. Datorit\u0103 ilumin\u0103rii cu LED-uri plasate pe marginile laterale ale modulelor, graficele vor fi iluminate uniform, f\u0103c\u00e2ndu-le \u0219i mai vizibile. Astfel, standul dvs. promo\u021bional va fi vizibil de la distan\u021b\u0103, iar poten\u021bialii clien\u021bi \u00eei vor acorda cu siguran\u021b\u0103 aten\u021bie.<br \/>\nAsamblare f\u0103r\u0103 scule<br \/>\nSistemul pe care se bazeaz\u0103 standurile noastre comerciale SEGO iluminate permite asamblarea f\u0103r\u0103 scule. Fiecare dintre seturile gata f\u0103cute prezentate aici vine cu conectori care v\u0103 permit s\u0103 conecta\u021bi eficient modulele individuale. Prin urmare, nu trebuie s\u0103 v\u0103 face\u021bi griji cu privire la aducerea unei cutii de scule suplimentare la t\u00e2rguri.<br \/>\nPrinturi interschimbabile de \u00eenalt\u0103 calitate<br \/>\nCabinele noastre comerciale independente SEGO sunt finisate cu printuri textile care sunt aplicate pe ambele p\u0103r\u021bi ale cadrului. Acest lucru asigur\u0103 c\u0103 standul este bine vizibil din diferite direc\u021bii.<br \/>\nLa adsystem, ne str\u0103duim s\u0103 ne asigur\u0103m c\u0103 produsele noastre nu sunt doar practice, ci \u0219i de \u00eenalt\u0103 calitate. Prin urmare, pentru a preg\u0103ti printurile pentru construc\u021bia dvs. cu LED-uri, vom utiliza metoda de imprimare prin sublimare. Aceasta este o tehnic\u0103 de imprimare ecologic\u0103 \u0219i modern\u0103 care asigur\u0103 o calitate excelent\u0103 a graficii, cu culori bine saturate.<br \/>\n\u00cen plus, materialul textil pe care plas\u0103m imprimeurile disperseaz\u0103 foarte bine lumina. Ca urmare, grafica de pe standurile comerciale iluminate arat\u0103 foarte impresionant. De asemenea, trebuie s\u0103 \u0219ti\u021bi c\u0103, dac\u0103 schimba\u021bi conceptul grafic al standului dvs. de-a lungul timpului, pute\u021bi comanda doar imprimeurile pentru construc\u021bia existent\u0103. \u00cen plus, pute\u021bi alege accesorii suplimentare pentru standul dvs. cum ar fi rafturi sau un panou TV.<br \/>\nBoxe comerciale independente pentru ani de zile<br \/>\nPentru a realiza seturile prezentate aici, folosim aluminiu, care asigur\u0103 durabilitatea construc\u021biei. Ca urmare, construc\u021bia LED v\u0103 va servi \u00een condi\u021bii bune pentru o lung\u0103 perioad\u0103 de timp \u00een timpul evenimentelor comerciale ulterioare.<br \/>\nAccesorii pentru construc\u021biile LED<br \/>\nEste important faptul c\u0103 v\u0103 pute\u021bi echipa cabinetele comerciale iluminate cu o serie de accesorii practice care fac cabina \u0219i mai confortabil\u0103 de utilizat \u0219i sporesc eficien\u021ba muncii dumneavoastr\u0103. Acestea includ umera\u0219e, rafturi sau un suport pentru televizor.<br \/>\nUnde \u0219i \u00een ce circumstan\u021be pute\u021bi utiliza cabine comerciale iluminate?<br \/>\nBoxele comerciale independente sunt produse concepute cu g\u00e2ndul la t\u00e2rguri. Cu toate acestea, ele sunt, de asemenea, o solu\u021bie excelent\u0103 dac\u0103 v\u0103 preg\u0103ti\u021bi compania pentru activit\u0103\u021bi promo\u021bionale, de exemplu, \u00een centre comerciale mari \u0219i galerii.<br \/>\nAspecte tehnice:              <\/p>\n<p>materiale: aluminiu \u0219i poliester,<\/p>\n<p>Iluminare cu LED-uri,<\/p>\n<p>asamblare f\u0103r\u0103 scule,<\/p>\n<p>l\u0103\u021bimea cadrului: 12 cm,<\/p>\n<p>posibilitatea de a construi un mic birou.<\/p>\n<p>Dimensiuni:<\/p>\n<p>3&#215;2 m,<\/p>\n<p>3&#215;3 m,<\/p>\n<p>5&#215;4 m,<\/p>\n<p>4&#215;3 m.<\/p>\n<p>\u00cen\u0103l\u021bimea modulului: 250 cm (cu posibilitatea de modificare la 300 cm).<\/p>\n","protected":false},"excerpt":{"rendered":"<p>Ce beneficii ofer\u0103 construc\u021bia SEGO LED? Construc\u021bia SEGO LED const\u0103 din module de 100&#215;250, 85&#215;250 cm sau 300&#215;250 cm, care, \u00een versiunea finalizat\u0103, sunt dispuse \u00een trei forme: un stand \u00een linie (\u00eenchis pe trei laturi), o insul\u0103 sau o configura\u021bie de col\u021b. Standuri comerciale iluminate &#8211; ie\u0219i\u021bi \u00een eviden\u021b\u0103 fa\u021b\u0103 de concuren\u021b\u0103 Un stand [&hellip;]<\/p>\n","protected":false},"featured_media":25946,"comment_status":"closed","ping_status":"open","template":"","meta":{"_seopress_robots_primary_cat":"","_seopress_titles_title":"","_seopress_titles_desc":"","_seopress_robots_index":"","inline_featured_image":false},"product_brand":[],"product_cat":[289,1538,1535],"product_tag":[],"class_list":{"0":"post-20727","1":"product","2":"type-product","3":"status-publish","4":"has-post-thumbnail","6":"product_cat-standuri-de-expozitie","7":"product_cat-caseta-luminoasa-sego","8":"product_cat-kituri-de-standuri-expozitionale-gata-de-utilizare","10":"first","11":"instock","12":"purchasable","13":"product-type-simple"},"_links":{"self":[{"href":"https:\/\/expovision.ro\/ro\/wp-json\/wp\/v2\/product\/20727","targetHints":{"allow":["GET"]}}],"collection":[{"href":"https:\/\/expovision.ro\/ro\/wp-json\/wp\/v2\/product"}],"about":[{"href":"https:\/\/expovision.ro\/ro\/wp-json\/wp\/v2\/types\/product"}],"replies":[{"embeddable":true,"href":"https:\/\/expovision.ro\/ro\/wp-json\/wp\/v2\/comments?post=20727"}],"wp:featuredmedia":[{"embeddable":true,"href":"https:\/\/expovision.ro\/ro\/wp-json\/wp\/v2\/media\/25946"}],"wp:attachment":[{"href":"https:\/\/expovision.ro\/ro\/wp-json\/wp\/v2\/media?parent=20727"}],"wp:term":[{"taxonomy":"product_brand","embeddable":true,"href":"https:\/\/expovision.ro\/ro\/wp-json\/wp\/v2\/product_brand?post=20727"},{"taxonomy":"product_cat","embeddable":true,"href":"https:\/\/expovision.ro\/ro\/wp-json\/wp\/v2\/product_cat?post=20727"},{"taxonomy":"product_tag","embeddable":true,"href":"https:\/\/expovision.ro\/ro\/wp-json\/wp\/v2\/product_tag?post=20727"}],"curies":[{"name":"wp","href":"https:\/\/api.w.org\/{rel}","templated":true}]}}