{"id":20699,"date":"2025-10-03T13:04:25","date_gmt":"2025-10-03T10:04:25","guid":{"rendered":"https:\/\/expovision.ro\/product\/foldable-4x3-l-stand\/"},"modified":"2025-09-30T01:45:18","modified_gmt":"2025-09-29T22:45:18","slug":"foldable-4x3-l-stand","status":"publish","type":"product","link":"https:\/\/expovision.ro\/ro\/produs\/foldable-4x3-l-stand\/","title":{"rendered":"Foldable 4&#215;3 L stand"},"content":{"rendered":"<p>Standul de expozi\u021bie pliabil este disponibil \u00een urm\u0103toarele configura\u021bii gata f\u0103cute:<\/p>\n<p>\u00cen linie, \u00eenchis pe trei laturi,<\/p>\n<p>Peninsul\u0103, compus\u0103 dintr-un singur perete,<\/p>\n<p>Col\u021b, format din doi pere\u021bi conecta\u021bi \u00een unghi drept.<\/p>\n<p>Oferim variante de standuri mici \u0219i mari. Aceste tipuri de standuri nu au iluminare LED intern\u0103, rafturi sau birouri mici.<br \/>\nCe beneficii ofer\u0103 sistemul Foldable?<br \/>\nSetul Foldable pentru t\u00e2rguri este un sistem care v\u0103 permite s\u0103 v\u0103 preg\u0103ti\u021bi bine pentru participarea la t\u00e2rguri sau promo\u021bii \u00een centrele comerciale sau pentru amenajarea unui loc de \u00eent\u00e2lnire cu clien\u021bii \u00eentr-un salon de servicii. Vede\u021bi beneficiile utiliz\u0103rii sistemului prezentat aici.<br \/>\nStanduri promo\u021bionale economice<br \/>\nDac\u0103 dori\u021bi s\u0103 proiecta\u021bi un stand simplu care s\u0103 atrag\u0103 aten\u021bia poten\u021bialilor clien\u021bi \u0219i care s\u0103 fie \u0219i o solu\u021bie economic\u0103, sistemul Foldable este o alegere excelent\u0103. Este cea mai economic\u0103 op\u021biune din oferta noastr\u0103.<br \/>\nMesaj publicitar clar<br \/>\nModulele din aluminiu ale standului promo\u021bional vor prezenta imprimeuri cu grafica dumneavoastr\u0103 personalizat\u0103. \u00cen procesul de imprimare, folosim tehnica de imprimare prin sublimare, care permite grafic\u0103 de \u00eenalt\u0103 calitate \u0219i culori bine saturate. Ca urmare, suporturile publicitare de la standul dvs. expozi\u021bional vor atrage aten\u021bia spectatorilor \u0219i vor distinge marca dvs. de concuren\u021b\u0103.<br \/>\nConstruc\u021bie u\u0219oar\u0103 \u0219i asamblare f\u0103r\u0103 scule<br \/>\nUn alt beneficiu important oferit de setul expozi\u021bional pliabil este asamblarea f\u0103r\u0103 scule. Modulele individuale pot fi conectate cu ajutorul conectorilor inclu\u0219i \u00een set. Dup\u0103 asamblare, at\u00e2t standurile de expozi\u021bie mici, c\u00e2t \u0219i cele de dimensiuni mai mari disponibile aici pot fi \u00eempachetate \u00een saci la \u00eendem\u00e2n\u0103 de dimensiunea unui roll-up clasic. Transportul acestora nu este problematic deoarece construc\u021biile sunt foarte u\u0219oare.<br \/>\nAspecte tehnice:        <\/p>\n<p>Materiale: aluminiu \u0219i poliester,<\/p>\n<p>Asamblare f\u0103r\u0103 unelte,<\/p>\n<p>Dimensiunile modulului: 100&#215;250 cm.<\/p>\n","protected":false},"excerpt":{"rendered":"<p>Standul de expozi\u021bie pliabil este disponibil \u00een urm\u0103toarele configura\u021bii gata f\u0103cute: \u00cen linie, \u00eenchis pe trei laturi, Peninsul\u0103, compus\u0103 dintr-un singur perete, Col\u021b, format din doi pere\u021bi conecta\u021bi \u00een unghi drept. Oferim variante de standuri mici \u0219i mari. Aceste tipuri de standuri nu au iluminare LED intern\u0103, rafturi sau birouri mici. Ce beneficii ofer\u0103 sistemul [&hellip;]<\/p>\n","protected":false},"featured_media":0,"comment_status":"closed","ping_status":"open","template":"","meta":{"_seopress_robots_primary_cat":"","_seopress_titles_title":"","_seopress_titles_desc":"","_seopress_robots_index":"","inline_featured_image":false},"product_brand":[],"product_cat":[289,1535,1536],"product_tag":[],"class_list":{"0":"post-20699","1":"product","2":"type-product","3":"status-publish","5":"product_cat-standuri-de-expozitie","6":"product_cat-kituri-de-standuri-expozitionale-gata-de-utilizare","7":"product_cat-pliabil-ro","9":"first","10":"outofstock","11":"purchasable","12":"product-type-simple"},"_links":{"self":[{"href":"https:\/\/expovision.ro\/ro\/wp-json\/wp\/v2\/product\/20699","targetHints":{"allow":["GET"]}}],"collection":[{"href":"https:\/\/expovision.ro\/ro\/wp-json\/wp\/v2\/product"}],"about":[{"href":"https:\/\/expovision.ro\/ro\/wp-json\/wp\/v2\/types\/product"}],"replies":[{"embeddable":true,"href":"https:\/\/expovision.ro\/ro\/wp-json\/wp\/v2\/comments?post=20699"}],"wp:attachment":[{"href":"https:\/\/expovision.ro\/ro\/wp-json\/wp\/v2\/media?parent=20699"}],"wp:term":[{"taxonomy":"product_brand","embeddable":true,"href":"https:\/\/expovision.ro\/ro\/wp-json\/wp\/v2\/product_brand?post=20699"},{"taxonomy":"product_cat","embeddable":true,"href":"https:\/\/expovision.ro\/ro\/wp-json\/wp\/v2\/product_cat?post=20699"},{"taxonomy":"product_tag","embeddable":true,"href":"https:\/\/expovision.ro\/ro\/wp-json\/wp\/v2\/product_tag?post=20699"}],"curies":[{"name":"wp","href":"https:\/\/api.w.org\/{rel}","templated":true}]}}