{"id":20667,"date":"2025-10-03T12:30:09","date_gmt":"2025-10-03T09:30:09","guid":{"rendered":"https:\/\/expovision.ro\/product\/adblanket-145x200cm\/"},"modified":"2025-05-01T10:33:01","modified_gmt":"2025-05-01T07:33:01","slug":"adblanket-145x200cm","status":"publish","type":"product","link":"https:\/\/expovision.ro\/ro\/produs\/adblanket-145x200cm\/","title":{"rendered":"adBlanket 145x200cm"},"content":{"rendered":"<p>Unde s\u0103 folosi\u021bi o p\u0103tur\u0103 imprimat\u0103?<\/p>\n<p>Evenimente \u00een aer liber,<\/p>\n<p>cadouri pentru clien\u021bi,<\/p>\n<p>mobilier de cafenea,<\/p>\n<p>restaurante \u0219i baruri,<\/p>\n<p>piscine \u0219i spa-uri,<\/p>\n<p>evenimente sportive,<\/p>\n<p>picnicuri de familie,<\/p>\n<p>campanii de marketing.<\/p>\n<p>Avantajele modelului adBlanket<br \/>\nMateriale de \u00eenalt\u0103 calitate<br \/>\nP\u0103tura foto adBlanket este fabricat\u0103 din material moale \u0219i pl\u0103cut la atingere, asigur\u00e2nd un confort deplin de utilizare. \u00cen plus, este hipoalergenic, fiind potrivit pentru toat\u0103 lumea.<br \/>\nMetod\u0103 de imprimare ecologic\u0103<br \/>\nTehnica de imprimare prin sublimare garanteaz\u0103 c\u0103 grafica de pe p\u0103tur\u0103 va fi durabil\u0103 \u0219i clar\u0103. Produsul poate fi sp\u0103lat la ma\u0219in\u0103 f\u0103r\u0103 teama de decolorare.<br \/>\nVersatilitate<br \/>\nP\u0103tura imprimat\u0103 adBlanket nu este doar un cadou pentru clien\u021bi sau parteneri, ci \u0219i un accesoriu perfect pentru localul dumneavoastr\u0103. O pute\u021bi folosi \u00een cafenea, bar, restaurant sau piscin\u0103. O p\u0103tur\u0103 cu logo v\u0103 va ajuta brandul s\u0103 r\u0103m\u00e2n\u0103 memorabil pentru mai mult timp.    <\/p>\n","protected":false},"excerpt":{"rendered":"<p>Unde s\u0103 folosi\u021bi o p\u0103tur\u0103 imprimat\u0103? Evenimente \u00een aer liber, cadouri pentru clien\u021bi, mobilier de cafenea, restaurante \u0219i baruri, piscine \u0219i spa-uri, evenimente sportive, picnicuri de familie, campanii de marketing. Avantajele modelului adBlanket Materiale de \u00eenalt\u0103 calitate P\u0103tura foto adBlanket este fabricat\u0103 din material moale \u0219i pl\u0103cut la atingere, asigur\u00e2nd un confort deplin de utilizare. [&hellip;]<\/p>\n","protected":false},"featured_media":25433,"comment_status":"closed","ping_status":"open","template":"","meta":{"_seopress_robots_primary_cat":"","_seopress_titles_title":"","_seopress_titles_desc":"","_seopress_robots_index":"","inline_featured_image":false},"product_brand":[],"product_cat":[367,1055,1437],"product_tag":[],"class_list":{"0":"post-20667","1":"product","2":"type-product","3":"status-publish","4":"has-post-thumbnail","6":"product_cat-accesorii-standuri-publicitare","7":"product_cat-gadgeturi-publicitare","8":"product_cat-adblanket","10":"first","11":"instock","12":"purchasable","13":"product-type-simple"},"_links":{"self":[{"href":"https:\/\/expovision.ro\/ro\/wp-json\/wp\/v2\/product\/20667","targetHints":{"allow":["GET"]}}],"collection":[{"href":"https:\/\/expovision.ro\/ro\/wp-json\/wp\/v2\/product"}],"about":[{"href":"https:\/\/expovision.ro\/ro\/wp-json\/wp\/v2\/types\/product"}],"replies":[{"embeddable":true,"href":"https:\/\/expovision.ro\/ro\/wp-json\/wp\/v2\/comments?post=20667"}],"wp:featuredmedia":[{"embeddable":true,"href":"https:\/\/expovision.ro\/ro\/wp-json\/wp\/v2\/media\/25433"}],"wp:attachment":[{"href":"https:\/\/expovision.ro\/ro\/wp-json\/wp\/v2\/media?parent=20667"}],"wp:term":[{"taxonomy":"product_brand","embeddable":true,"href":"https:\/\/expovision.ro\/ro\/wp-json\/wp\/v2\/product_brand?post=20667"},{"taxonomy":"product_cat","embeddable":true,"href":"https:\/\/expovision.ro\/ro\/wp-json\/wp\/v2\/product_cat?post=20667"},{"taxonomy":"product_tag","embeddable":true,"href":"https:\/\/expovision.ro\/ro\/wp-json\/wp\/v2\/product_tag?post=20667"}],"curies":[{"name":"wp","href":"https:\/\/api.w.org\/{rel}","templated":true}]}}