{"id":20665,"date":"2025-10-03T12:30:14","date_gmt":"2025-10-03T09:30:14","guid":{"rendered":"https:\/\/expovision.ro\/product\/adtent-air-twisted-anchor\/"},"modified":"2025-05-01T15:03:38","modified_gmt":"2025-05-01T12:03:38","slug":"adtent-air-twisted-anchor","status":"publish","type":"product","link":"https:\/\/expovision.ro\/ro\/produs\/adtent-air-twisted-anchor\/","title":{"rendered":"adTent Air &#8211; twisted anchor"},"content":{"rendered":"<p>Ancorare solid\u0103 pe teren nisipos<br \/>\nCuierul r\u0103sucit este proiectat pentru ancorarea sigur\u0103 \u0219i durabil\u0103 pe suprafe\u021be nisipoase. Forma sa r\u0103sucit\u0103 asigur\u0103 o fixare puternic\u0103 la sol, elimin\u00e2nd riscul ca structura s\u0103 se deplaseze chiar \u0219i \u00een condi\u021bii meteorologice dificile.<br \/>\nVersatilitate de utilizare<br \/>\nInelul metalic montat pe \u0219tift permite fixarea flexibil\u0103 a diferitelor accesorii, f\u0103c\u00e2ndu-l un instrument extrem de versatil.<br \/>\nDurabilitate \u0219i longevitate<br \/>\n\u0218tiftul r\u0103sucit este fabricat din materiale de \u00eenalt\u0103 calitate, asigur\u00e2ndu-i durabilitatea \u0219i rezisten\u021ba la deterior\u0103ri mecanice \u0219i la condi\u021biile meteorologice. Este un produs pe care v\u0103 pute\u021bi baza pentru mai multe sezoane.  <\/p>\n","protected":false},"excerpt":{"rendered":"<p>Ancorare solid\u0103 pe teren nisipos Cuierul r\u0103sucit este proiectat pentru ancorarea sigur\u0103 \u0219i durabil\u0103 pe suprafe\u021be nisipoase. Forma sa r\u0103sucit\u0103 asigur\u0103 o fixare puternic\u0103 la sol, elimin\u00e2nd riscul ca structura s\u0103 se deplaseze chiar \u0219i \u00een condi\u021bii meteorologice dificile. Versatilitate de utilizare Inelul metalic montat pe \u0219tift permite fixarea flexibil\u0103 a diferitelor accesorii, f\u0103c\u00e2ndu-l un [&hellip;]<\/p>\n","protected":false},"featured_media":0,"comment_status":"closed","ping_status":"open","template":"","meta":{"_seopress_robots_primary_cat":"","_seopress_titles_title":"","_seopress_titles_desc":"","_seopress_robots_index":"","inline_featured_image":false},"product_brand":[],"product_cat":[631,367,1430],"product_tag":[],"class_list":{"0":"post-20665","1":"product","2":"type-product","3":"status-publish","5":"product_cat-accesorii-si-iluminat-publicitar","6":"product_cat-accesorii-standuri-publicitare","7":"product_cat-adtent-air-ancorare-rasucita","9":"first","10":"instock","11":"purchasable","12":"product-type-simple"},"_links":{"self":[{"href":"https:\/\/expovision.ro\/ro\/wp-json\/wp\/v2\/product\/20665","targetHints":{"allow":["GET"]}}],"collection":[{"href":"https:\/\/expovision.ro\/ro\/wp-json\/wp\/v2\/product"}],"about":[{"href":"https:\/\/expovision.ro\/ro\/wp-json\/wp\/v2\/types\/product"}],"replies":[{"embeddable":true,"href":"https:\/\/expovision.ro\/ro\/wp-json\/wp\/v2\/comments?post=20665"}],"wp:attachment":[{"href":"https:\/\/expovision.ro\/ro\/wp-json\/wp\/v2\/media?parent=20665"}],"wp:term":[{"taxonomy":"product_brand","embeddable":true,"href":"https:\/\/expovision.ro\/ro\/wp-json\/wp\/v2\/product_brand?post=20665"},{"taxonomy":"product_cat","embeddable":true,"href":"https:\/\/expovision.ro\/ro\/wp-json\/wp\/v2\/product_cat?post=20665"},{"taxonomy":"product_tag","embeddable":true,"href":"https:\/\/expovision.ro\/ro\/wp-json\/wp\/v2\/product_tag?post=20665"}],"curies":[{"name":"wp","href":"https:\/\/api.w.org\/{rel}","templated":true}]}}