{"id":20663,"date":"2025-10-03T12:30:37","date_gmt":"2025-10-03T09:30:37","guid":{"rendered":"https:\/\/expovision.ro\/product\/adtent-air-premium-hammer\/"},"modified":"2025-05-01T15:03:39","modified_gmt":"2025-05-01T12:03:39","slug":"adtent-air-premium-hammer","status":"publish","type":"product","link":"https:\/\/expovision.ro\/ro\/produs\/adtent-air-premium-hammer\/","title":{"rendered":"adTent Air premium &#8211; hammer"},"content":{"rendered":"<p>M\u00e2ner ergonomic<br \/>\nM\u00e2nerul ciocanului este fabricat din material antiderapant, oferind o prindere sigur\u0103 \u0219i confortabil\u0103. Designul ergonomic asigur\u0103 c\u0103 unealta se potrive\u0219te bine \u00een m\u00e2n\u0103, permi\u021b\u00e2nd lovituri precise \u0219i eficiente.<br \/>\nUtilizare versatil\u0103<br \/>\nCiocanul de cort este ideal \u0219i pentru asamblarea altor structuri \u00een aer liber, cum ar fi arcadele gonflabile. Este un instrument esen\u021bial pentru organizarea tuturor tipurilor de evenimente \u00een aer liber.<br \/>\nDurabilitate \u0219i flexibilitate<br \/>\nCapul ciocanului este fabricat din cauciuc \u0219i plastic de \u00eenalt\u0103 calitate, asigur\u00e2nd durabilitate \u0219i flexibilitate. Acest lucru face ca ciocanul s\u0103 fie potrivit pentru diverse tipuri de terenuri.   <\/p>\n","protected":false},"excerpt":{"rendered":"<p>M\u00e2ner ergonomic M\u00e2nerul ciocanului este fabricat din material antiderapant, oferind o prindere sigur\u0103 \u0219i confortabil\u0103. Designul ergonomic asigur\u0103 c\u0103 unealta se potrive\u0219te bine \u00een m\u00e2n\u0103, permi\u021b\u00e2nd lovituri precise \u0219i eficiente. Utilizare versatil\u0103 Ciocanul de cort este ideal \u0219i pentru asamblarea altor structuri \u00een aer liber, cum ar fi arcadele gonflabile. Este un instrument esen\u021bial pentru [&hellip;]<\/p>\n","protected":false},"featured_media":0,"comment_status":"closed","ping_status":"open","template":"","meta":{"_seopress_robots_primary_cat":"","_seopress_titles_title":"","_seopress_titles_desc":"","_seopress_robots_index":"","inline_featured_image":false},"product_brand":[],"product_cat":[631,367,1432],"product_tag":[],"class_list":{"0":"post-20663","1":"product","2":"type-product","3":"status-publish","5":"product_cat-accesorii-si-iluminat-publicitar","6":"product_cat-accesorii-standuri-publicitare","7":"product_cat-adtent-air-premium-ciocan","9":"first","10":"instock","11":"purchasable","12":"product-type-simple"},"_links":{"self":[{"href":"https:\/\/expovision.ro\/ro\/wp-json\/wp\/v2\/product\/20663","targetHints":{"allow":["GET"]}}],"collection":[{"href":"https:\/\/expovision.ro\/ro\/wp-json\/wp\/v2\/product"}],"about":[{"href":"https:\/\/expovision.ro\/ro\/wp-json\/wp\/v2\/types\/product"}],"replies":[{"embeddable":true,"href":"https:\/\/expovision.ro\/ro\/wp-json\/wp\/v2\/comments?post=20663"}],"wp:attachment":[{"href":"https:\/\/expovision.ro\/ro\/wp-json\/wp\/v2\/media?parent=20663"}],"wp:term":[{"taxonomy":"product_brand","embeddable":true,"href":"https:\/\/expovision.ro\/ro\/wp-json\/wp\/v2\/product_brand?post=20663"},{"taxonomy":"product_cat","embeddable":true,"href":"https:\/\/expovision.ro\/ro\/wp-json\/wp\/v2\/product_cat?post=20663"},{"taxonomy":"product_tag","embeddable":true,"href":"https:\/\/expovision.ro\/ro\/wp-json\/wp\/v2\/product_tag?post=20663"}],"curies":[{"name":"wp","href":"https:\/\/api.w.org\/{rel}","templated":true}]}}