{"id":20662,"date":"2025-10-03T12:30:18","date_gmt":"2025-10-03T09:30:18","guid":{"rendered":"https:\/\/expovision.ro\/product\/adtent-air-straight-peg\/"},"modified":"2025-05-01T15:03:39","modified_gmt":"2025-05-01T12:03:39","slug":"adtent-air-straight-peg","status":"publish","type":"product","link":"https:\/\/expovision.ro\/ro\/produs\/adtent-air-straight-peg\/","title":{"rendered":"adTent Air &#8211; straight peg"},"content":{"rendered":"<p>Fixare puternic\u0103 pe sol<br \/>\nCuierul drept de 27 cm lungime asigur\u0103 o fixare puternic\u0103 \u0219i stabil\u0103 pe solurile moi \u0219i moi. Acest lucru elimin\u0103 riscul ca corturile sau alte structuri s\u0103 se deplaseze, chiar \u0219i \u00een timpul rafalelor bru\u0219te de v\u00e2nt.<br \/>\nUtilizare versatil\u0103<br \/>\n\u021a\u0103ru\u0219ul este potrivit pentru diverse situa\u021bii. \u00cel pute\u021bi utiliza pentru a fixa corturi, arcuri gonflabile, piloni \u0219i alte structuri care necesit\u0103 stabilitate pe teren.<br \/>\nFiabilitate \u00een condi\u021bii dificile<br \/>\nFabricat din aluminiu de \u00eenalt\u0103 calitate, cuierul asigur\u0103 stabilitatea structurilor chiar \u0219i \u00een cele mai dificile condi\u021bii meteorologice. Fie c\u0103 sunte\u021bi \u00een camping, la un festival sau la un alt eveniment \u00een aer liber, \u021b\u0103ru\u0219ul asigur\u0103 un suport fiabil.   <\/p>\n","protected":false},"excerpt":{"rendered":"<p>Fixare puternic\u0103 pe sol Cuierul drept de 27 cm lungime asigur\u0103 o fixare puternic\u0103 \u0219i stabil\u0103 pe solurile moi \u0219i moi. Acest lucru elimin\u0103 riscul ca corturile sau alte structuri s\u0103 se deplaseze, chiar \u0219i \u00een timpul rafalelor bru\u0219te de v\u00e2nt. Utilizare versatil\u0103 \u021a\u0103ru\u0219ul este potrivit pentru diverse situa\u021bii. \u00cel pute\u021bi utiliza pentru a fixa [&hellip;]<\/p>\n","protected":false},"featured_media":0,"comment_status":"closed","ping_status":"open","template":"","meta":{"_seopress_robots_primary_cat":"","_seopress_titles_title":"","_seopress_titles_desc":"","_seopress_robots_index":"","inline_featured_image":false},"product_brand":[],"product_cat":[631,367,1429],"product_tag":[],"class_list":{"0":"post-20662","1":"product","2":"type-product","3":"status-publish","5":"product_cat-accesorii-si-iluminat-publicitar","6":"product_cat-accesorii-standuri-publicitare","7":"product_cat-adtent-air-tija-dreapta","9":"first","10":"instock","11":"purchasable","12":"product-type-simple"},"_links":{"self":[{"href":"https:\/\/expovision.ro\/ro\/wp-json\/wp\/v2\/product\/20662","targetHints":{"allow":["GET"]}}],"collection":[{"href":"https:\/\/expovision.ro\/ro\/wp-json\/wp\/v2\/product"}],"about":[{"href":"https:\/\/expovision.ro\/ro\/wp-json\/wp\/v2\/types\/product"}],"replies":[{"embeddable":true,"href":"https:\/\/expovision.ro\/ro\/wp-json\/wp\/v2\/comments?post=20662"}],"wp:attachment":[{"href":"https:\/\/expovision.ro\/ro\/wp-json\/wp\/v2\/media?parent=20662"}],"wp:term":[{"taxonomy":"product_brand","embeddable":true,"href":"https:\/\/expovision.ro\/ro\/wp-json\/wp\/v2\/product_brand?post=20662"},{"taxonomy":"product_cat","embeddable":true,"href":"https:\/\/expovision.ro\/ro\/wp-json\/wp\/v2\/product_cat?post=20662"},{"taxonomy":"product_tag","embeddable":true,"href":"https:\/\/expovision.ro\/ro\/wp-json\/wp\/v2\/product_tag?post=20662"}],"curies":[{"name":"wp","href":"https:\/\/api.w.org\/{rel}","templated":true}]}}