{"id":20630,"date":"2025-10-03T12:32:44","date_gmt":"2025-10-03T09:32:44","guid":{"rendered":"https:\/\/expovision.ro\/product\/print-only-adframe-battery-100x200\/"},"modified":"2025-05-01T15:53:29","modified_gmt":"2025-05-01T12:53:29","slug":"print-only-adframe-battery-100x200","status":"publish","type":"product","link":"https:\/\/expovision.ro\/ro\/produs\/print-only-adframe-battery-100x200\/","title":{"rendered":"Print-only adFrame Battery 100&#215;200"},"content":{"rendered":"<p>How to use adFrame Battery lightboxes?<\/p>\n<p>Expozi\u021bii comerciale: Lightbox-ul mobil permite deplasarea u\u0219oar\u0103 \u00een spa\u021biul t\u00e2rgului. Montarea \u0219i demontarea f\u0103r\u0103 unelte v\u0103 economisesc timp pre\u021bios la amenajarea standului dvs. <\/p>\n<p>Apari\u021bii la conferin\u021be: Datorit\u0103 construc\u021biei sale pe ro\u021bi, pute\u021bi aduce cu u\u0219urin\u021b\u0103 lightbox-ul pe scena conferin\u021bei. \u00cen timpul prezent\u0103rii, pute\u021bi roti sistemul pentru a afi\u0219a mesajul pe cealalt\u0103 parte. <\/p>\n<p>Evenimente culturale: Cutiile luminoase sunt ideale ca panouri informative la diverse evenimente culturale. Acestea pot afi\u0219a at\u00e2t mesaje organiza\u021bionale, c\u00e2t \u0219i logo-uri ale sponsorilor. <\/p>\n<p>Battery-powered light box &#8211; advantages of the adFrame Battery model<br \/>\nBuilt-in battery<br \/>\nWith a built-in battery, the lightbox is free from cables and sockets, allowing flexible placement. Designed for energy efficiency, it operates for up to 14 hours on a single charge. The compact battery powers edge LED bulbs and can be charged while the lighting is on.<br \/>\nMobility<br \/>\nThe adFrame Battery model features wheels at the base. You can easily bring it onto a conference stage or move it from one promotional point to another. The lightbox comes with a handy wheeled bag, facilitating transportation and protecting the product from damage.<br \/>\nPractical design<br \/>\nMade of an aluminum frame and textile graphics, the construction requires no tools for setup. The high-quality print can be replaced as needed for promotional campaigns. Additionally, adFrame Battery lightboxes can be connected to each other, allowing the creation of larger structures suitable for trade shows, cultural institutions, and shopping malls.      <\/p>\n","protected":false},"excerpt":{"rendered":"<p>How to use adFrame Battery lightboxes? Expozi\u021bii comerciale: Lightbox-ul mobil permite deplasarea u\u0219oar\u0103 \u00een spa\u021biul t\u00e2rgului. Montarea \u0219i demontarea f\u0103r\u0103 unelte v\u0103 economisesc timp pre\u021bios la amenajarea standului dvs. Apari\u021bii la conferin\u021be: Datorit\u0103 construc\u021biei sale pe ro\u021bi, pute\u021bi aduce cu u\u0219urin\u021b\u0103 lightbox-ul pe scena conferin\u021bei. \u00cen timpul prezent\u0103rii, pute\u021bi roti sistemul pentru a afi\u0219a mesajul [&hellip;]<\/p>\n","protected":false},"featured_media":25535,"comment_status":"closed","ping_status":"open","template":"","meta":{"_seopress_robots_primary_cat":"","_seopress_titles_title":"","_seopress_titles_desc":"","_seopress_robots_index":"","inline_featured_image":false},"product_brand":[],"product_cat":[114,115],"product_tag":[],"class_list":{"0":"post-20630","1":"product","2":"type-product","3":"status-publish","4":"has-post-thumbnail","6":"product_cat-casete-luminoase","7":"product_cat-casete-luminoase-independente","9":"first","10":"instock","11":"purchasable","12":"product-type-simple"},"_links":{"self":[{"href":"https:\/\/expovision.ro\/ro\/wp-json\/wp\/v2\/product\/20630","targetHints":{"allow":["GET"]}}],"collection":[{"href":"https:\/\/expovision.ro\/ro\/wp-json\/wp\/v2\/product"}],"about":[{"href":"https:\/\/expovision.ro\/ro\/wp-json\/wp\/v2\/types\/product"}],"replies":[{"embeddable":true,"href":"https:\/\/expovision.ro\/ro\/wp-json\/wp\/v2\/comments?post=20630"}],"wp:featuredmedia":[{"embeddable":true,"href":"https:\/\/expovision.ro\/ro\/wp-json\/wp\/v2\/media\/25535"}],"wp:attachment":[{"href":"https:\/\/expovision.ro\/ro\/wp-json\/wp\/v2\/media?parent=20630"}],"wp:term":[{"taxonomy":"product_brand","embeddable":true,"href":"https:\/\/expovision.ro\/ro\/wp-json\/wp\/v2\/product_brand?post=20630"},{"taxonomy":"product_cat","embeddable":true,"href":"https:\/\/expovision.ro\/ro\/wp-json\/wp\/v2\/product_cat?post=20630"},{"taxonomy":"product_tag","embeddable":true,"href":"https:\/\/expovision.ro\/ro\/wp-json\/wp\/v2\/product_tag?post=20630"}],"curies":[{"name":"wp","href":"https:\/\/api.w.org\/{rel}","templated":true}]}}