{"id":20628,"date":"2025-10-03T12:32:53","date_gmt":"2025-10-03T09:32:53","guid":{"rendered":"https:\/\/expovision.ro\/product\/adframe-battery-100x200-without-print\/"},"modified":"2025-05-25T00:15:17","modified_gmt":"2025-05-24T21:15:17","slug":"adframe-battery-100x200-fara-print","status":"publish","type":"product","link":"https:\/\/expovision.ro\/ro\/produs\/adframe-battery-100x200-fara-print\/","title":{"rendered":"adFrame Battery 100&#215;200 (f\u0103r\u0103 print)"},"content":{"rendered":"<p>Cum se folosesc casetele luminoase adFrame Battery?<\/p>\n<p>Expozi\u021bii comerciale: Lightbox-ul mobil permite deplasarea u\u0219oar\u0103 \u00een spa\u021biul t\u00e2rgului. Montarea \u0219i demontarea f\u0103r\u0103 unelte v\u0103 economisesc timp pre\u021bios la amenajarea standului dvs. <\/p>\n<p>Apari\u021bii la conferin\u021be: Datorit\u0103 construc\u021biei sale pe ro\u021bi, pute\u021bi aduce cu u\u0219urin\u021b\u0103 lightbox-ul pe scena conferin\u021bei. \u00cen timpul prezent\u0103rii, pute\u021bi roti sistemul pentru a afi\u0219a mesajul pe cealalt\u0103 parte. <\/p>\n<p>Evenimente culturale: Cutiile luminoase sunt ideale ca panouri informative la diverse evenimente culturale. Acestea pot afi\u0219a at\u00e2t mesaje organiza\u021bionale, c\u00e2t \u0219i logo-uri ale sponsorilor. <\/p>\n<p>Caset\u0103 luminoas\u0103 cu baterie \u2013 avantajele modelului adFrame Battery<br \/>\nBaterie integrat\u0103<br \/>\nDatorit\u0103 bateriei \u00eencorporate, caseta luminoas\u0103 nu necesit\u0103 cabluri sau prize, oferind flexibilitate \u00een amplasare. Conceput\u0103 pentru eficien\u021b\u0103 energetic\u0103, func\u021bioneaz\u0103 p\u00e2n\u0103 la 14 ore cu o singur\u0103 \u00eenc\u0103rcare. Bateria compact\u0103 alimenteaz\u0103 LED-urile pozi\u021bionate pe margini \u0219i poate fi \u00eenc\u0103rcat\u0103 chiar \u0219i \u00een timp ce iluminarea este activ\u0103.<br \/>\nMobilitate<br \/>\nModelul adFrame Battery este prev\u0103zut cu ro\u021bi la baz\u0103, permi\u021b\u00e2nd mutarea u\u0219oar\u0103 pe scen\u0103, la conferin\u021be, sau dintr-un punct promo\u021bional \u00een altul. Caseta luminoas\u0103 vine \u00eenso\u021bit\u0103 de o geant\u0103 practic\u0103 cu ro\u021bi, care faciliteaz\u0103 transportul \u0219i protejeaz\u0103 produsul \u00eempotriva deterior\u0103rii.<br \/>\nDesign practic<br \/>\nRealizat\u0103 dintr-un cadru de aluminiu \u0219i grafic\u0103 textil\u0103, structura nu necesit\u0103 unelte pentru montaj. Printul de \u00eenalt\u0103 calitate poate fi \u00eenlocuit oric\u00e2nd, \u00een func\u021bie de campaniile promo\u021bionale. \u00cen plus, casetele luminoase adFrame Battery pot fi conectate \u00eentre ele, permi\u021b\u00e2nd crearea unor structuri de dimensiuni mai mari, potrivite pentru t\u00e2rguri, institu\u021bii culturale sau centre comerciale.<\/p>\n\n\n<p><\/p>\n","protected":false},"excerpt":{"rendered":"<p>Cum se folosesc casetele luminoase adFrame Battery? Expozi\u021bii comerciale: Lightbox-ul mobil permite deplasarea u\u0219oar\u0103 \u00een spa\u021biul t\u00e2rgului. Montarea \u0219i demontarea f\u0103r\u0103 unelte v\u0103 economisesc timp pre\u021bios la amenajarea standului dvs. Apari\u021bii la conferin\u021be: Datorit\u0103 construc\u021biei sale pe ro\u021bi, pute\u021bi aduce cu u\u0219urin\u021b\u0103 lightbox-ul pe scena conferin\u021bei. \u00cen timpul prezent\u0103rii, pute\u021bi roti sistemul pentru a afi\u0219a [&hellip;]<\/p>\n","protected":false},"featured_media":25517,"comment_status":"closed","ping_status":"open","template":"","meta":{"_seopress_robots_primary_cat":"none","_seopress_titles_title":"","_seopress_titles_desc":"","_seopress_robots_index":"","inline_featured_image":false},"product_brand":[],"product_cat":[114,115],"product_tag":[],"class_list":{"0":"post-20628","1":"product","2":"type-product","3":"status-publish","4":"has-post-thumbnail","6":"product_cat-casete-luminoase","7":"product_cat-casete-luminoase-independente","9":"first","10":"instock","11":"purchasable","12":"product-type-simple"},"_links":{"self":[{"href":"https:\/\/expovision.ro\/ro\/wp-json\/wp\/v2\/product\/20628","targetHints":{"allow":["GET"]}}],"collection":[{"href":"https:\/\/expovision.ro\/ro\/wp-json\/wp\/v2\/product"}],"about":[{"href":"https:\/\/expovision.ro\/ro\/wp-json\/wp\/v2\/types\/product"}],"replies":[{"embeddable":true,"href":"https:\/\/expovision.ro\/ro\/wp-json\/wp\/v2\/comments?post=20628"}],"wp:featuredmedia":[{"embeddable":true,"href":"https:\/\/expovision.ro\/ro\/wp-json\/wp\/v2\/media\/25517"}],"wp:attachment":[{"href":"https:\/\/expovision.ro\/ro\/wp-json\/wp\/v2\/media?parent=20628"}],"wp:term":[{"taxonomy":"product_brand","embeddable":true,"href":"https:\/\/expovision.ro\/ro\/wp-json\/wp\/v2\/product_brand?post=20628"},{"taxonomy":"product_cat","embeddable":true,"href":"https:\/\/expovision.ro\/ro\/wp-json\/wp\/v2\/product_cat?post=20628"},{"taxonomy":"product_tag","embeddable":true,"href":"https:\/\/expovision.ro\/ro\/wp-json\/wp\/v2\/product_tag?post=20628"}],"curies":[{"name":"wp","href":"https:\/\/api.w.org\/{rel}","templated":true}]}}