{"id":20586,"date":"2025-10-03T12:44:36","date_gmt":"2025-10-03T09:44:36","guid":{"rendered":"https:\/\/expovision.ro\/product\/sego-light-box-counter-100x100-without-print\/"},"modified":"2025-09-29T02:19:01","modified_gmt":"2025-09-28T23:19:01","slug":"sego-light-box-counter-100x100-without-print","status":"publish","type":"product","link":"https:\/\/expovision.ro\/ro\/produs\/sego-light-box-counter-100x100-without-print\/","title":{"rendered":"SEGO Light Box Counter 100&#215;100 (without print)"},"content":{"rendered":"<p>Care este cel mai bun loc pentru utilizarea tejghelei iluminate?<\/p>\n<p>Stand de expozi\u021bie: contorul SEGO adTribune func\u021bioneaz\u0103 bine at\u00e2t ca mijloc publicitar de sine st\u0103t\u0103tor, c\u00e2t \u0219i ca parte a unui setup de expozi\u021bie. Compatibil cu seturile SEGO, acesta permite crearea unui stand complet. <\/p>\n<p>Conferin\u021be: cu adTribune SEGO, pute\u021bi crea o sta\u021bie elegant\u0103 \u0219i profesional\u0103. Datorit\u0103 asambl\u0103rii \u0219i dezasambl\u0103rii sale u\u0219oare, configurarea dureaz\u0103 doar c\u00e2teva minute. <\/p>\n<p>Evenimente industriale: \u00een timpul evenimentelor industriale, iluminarea cu LED-uri \u0219i imprimarea fa\u021b\u0103-verso de pe tejghea vor atrage aten\u021bia vizitatorilor, oferind o prezentare impresionant\u0103 a m\u0103rcii dvs.<\/p>\n<p>Avantajele modelului adTribune SEGO<br \/>\nContorul publicitar SEGO este un instrument promo\u021bional care eviden\u021biaz\u0103 eficient marca dvs. la orice eveniment.<br \/>\nStand de expozi\u021bie cuprinz\u0103tor<br \/>\nDatorit\u0103 construc\u021biei sale modulare, adTribune SEGO permite amenajarea de spa\u021bii de expozi\u021bie coerente \u0219i atractive. Combinat cu alte elemente ale sistemului SEGO, cum ar fi cadrele \u0219i structurile, acesta creeaz\u0103 un stand de expozi\u021bie care atrage aten\u021bia \u0219i interesul vizitatorilor.<br \/>\nIluminare cu LED-uri<br \/>\nStandul adTribune SEGO este echipat cu iluminare cu LED-uri. Diodele ilumineaz\u0103 uniform \u00eentreaga suprafa\u021b\u0103 de imprimare, oferind culori intense \u0219i saturate. \u00cen plus, grafica fa\u021b\u0103-verso permite prezentarea de con\u021binut publicitar diferit pe ambele p\u0103r\u021bi ale tejghelei, dubl\u00e2nd suprafa\u021ba promo\u021bional\u0103 \u0219i eficien\u021ba publicit\u0103\u021bii dvs.<br \/>\nDesign estetic<br \/>\nBlatul iluminat are un design modern \u0219i elegant, care atrage aten\u021bia \u0219i subliniaz\u0103 profesionalismul m\u0103rcii dvs. Materialele de \u00eenalt\u0103 calitate \u0219i manopera precis\u0103 asigur\u0103 durabilitate \u0219i estetic\u0103, f\u0103c\u00e2nd ca standul dvs. promo\u021bional s\u0103 arate excep\u021bional la fiecare eveniment.<br \/>\nCe este inclus \u00een set?    <\/p>\n<p>cadru din aluminiu cu diode LED,<\/p>\n<p>material textil cu imprimeu.<\/p>\n","protected":false},"excerpt":{"rendered":"<p>Care este cel mai bun loc pentru utilizarea tejghelei iluminate? Stand de expozi\u021bie: contorul SEGO adTribune func\u021bioneaz\u0103 bine at\u00e2t ca mijloc publicitar de sine st\u0103t\u0103tor, c\u00e2t \u0219i ca parte a unui setup de expozi\u021bie. Compatibil cu seturile SEGO, acesta permite crearea unui stand complet. Conferin\u021be: cu adTribune SEGO, pute\u021bi crea o sta\u021bie elegant\u0103 \u0219i profesional\u0103. [&hellip;]<\/p>\n","protected":false},"featured_media":25675,"comment_status":"closed","ping_status":"open","template":"","meta":{"_seopress_robots_primary_cat":"","_seopress_titles_title":"","_seopress_titles_desc":"","_seopress_robots_index":"","inline_featured_image":false},"product_brand":[],"product_cat":[1393,289,1488],"product_tag":[],"class_list":{"0":"post-20586","1":"product","2":"type-product","3":"status-publish","4":"has-post-thumbnail","6":"product_cat-sego-illuminated-exhibition-system-ro","7":"product_cat-standuri-de-expozitie","8":"product_cat-stand-caseta-luminoasa-sego","10":"first","11":"instock","12":"purchasable","13":"product-type-simple"},"_links":{"self":[{"href":"https:\/\/expovision.ro\/ro\/wp-json\/wp\/v2\/product\/20586","targetHints":{"allow":["GET"]}}],"collection":[{"href":"https:\/\/expovision.ro\/ro\/wp-json\/wp\/v2\/product"}],"about":[{"href":"https:\/\/expovision.ro\/ro\/wp-json\/wp\/v2\/types\/product"}],"replies":[{"embeddable":true,"href":"https:\/\/expovision.ro\/ro\/wp-json\/wp\/v2\/comments?post=20586"}],"wp:featuredmedia":[{"embeddable":true,"href":"https:\/\/expovision.ro\/ro\/wp-json\/wp\/v2\/media\/25675"}],"wp:attachment":[{"href":"https:\/\/expovision.ro\/ro\/wp-json\/wp\/v2\/media?parent=20586"}],"wp:term":[{"taxonomy":"product_brand","embeddable":true,"href":"https:\/\/expovision.ro\/ro\/wp-json\/wp\/v2\/product_brand?post=20586"},{"taxonomy":"product_cat","embeddable":true,"href":"https:\/\/expovision.ro\/ro\/wp-json\/wp\/v2\/product_cat?post=20586"},{"taxonomy":"product_tag","embeddable":true,"href":"https:\/\/expovision.ro\/ro\/wp-json\/wp\/v2\/product_tag?post=20586"}],"curies":[{"name":"wp","href":"https:\/\/api.w.org\/{rel}","templated":true}]}}