{"id":20553,"date":"2025-10-03T12:47:15","date_gmt":"2025-10-03T09:47:15","guid":{"rendered":"https:\/\/expovision.ro\/product\/mframe-frame-496x2480\/"},"modified":"2025-09-29T02:23:39","modified_gmt":"2025-09-28T23:23:39","slug":"mframe-frame-496x2480","status":"publish","type":"product","link":"https:\/\/expovision.ro\/ro\/produs\/mframe-frame-496x2480\/","title":{"rendered":"mFrame frame 496&#215;2480"},"content":{"rendered":"<p>Care sunt avantajele cadrelor mFrame?<br \/>\nCadrele mFrame sunt perfecte pentru crearea de standuri moderne pentru t\u00e2rguri, pere\u021bi expozi\u021bionali \u0219i toate tipurile de afi\u0219aje publicitare.<br \/>\nAsamblare f\u0103r\u0103 unelte<br \/>\nCadrele mFrame sunt proiectate pentru asamblare rapid\u0103, f\u0103r\u0103 a fi nevoie de unelte specializate. Important este faptul c\u0103 ramele vin preasamblate, astfel \u00eenc\u00e2t trebuie doar s\u0103 le conecta\u021bi folosind conectori speciali. Acest lucru asigur\u0103 c\u0103 montarea standului la t\u00e2rguri este rapid\u0103 \u0219i eficient\u0103.<br \/>\nConstruc\u021bie din aluminiu ranforsat<br \/>\nCadrul mFrame este fabricat din aluminiu ranforsat.   Ca urmare, sistemul nu este doar stabil, ci permite \u0219i ag\u0103\u021barea articolelor mai grele. Acest lucru permite o prezentare interesant\u0103 a produselor expuse.<br \/>\nExtindere u\u0219oar\u0103 \u0219i o gam\u0103 larg\u0103 de accesorii<br \/>\nSistemul mFrame permite conectarea diferitelor module \u00een func\u021bie de nevoile expozan\u021bilor. Datorit\u0103 compatibilit\u0103\u021bii cu alte elemente mFrame, pute\u021bi crea standuri de orice dimensiune \u0219i form\u0103, perfect adaptate viziunii \u0219i nevoilor dumneavoastr\u0103. Pute\u021bi ad\u0103uga standului diverse rafturi, umera\u0219e sau cutii de lumin\u0103 suplimentare.<br \/>\n13 dimensiuni ale cadrului<br \/>\nPentru a v\u0103 ajuta s\u0103 crea\u021bi un stand personalizat pentru afacerea dvs., configuratorul mFrame ofer\u0103 p\u00e2n\u0103 la 13 dimensiuni diferite ale cadrului, precum \u0219i u\u0219i \u0219i conectori pentru a ajusta l\u0103\u021bimea structurilor.<br \/>\nCe include setul?   <\/p>\n<p>mFrame frame,<\/p>\n<p>Elemente de montare,<\/p>\n<p>Manual de utilizare.<\/p>\n<p>Specifica\u021bii tehnice:<\/p>\n<p>L\u0103\u021bime: 49,6\/99,2 cm,<\/p>\n<p>\u00cen\u0103l\u021bime: 49,6\/99,2\/124\/148,8\/198,4\/248\/297,6 cm,<\/p>\n<p>Ad\u00e2ncime: 6,2 cm,<\/p>\n<p>Greutate: 6-14 kg,<\/p>\n<p>Compatible with other mFrame modules,<\/p>\n<p>Material: aluminiu anodizat.<\/p>\n","protected":false},"excerpt":{"rendered":"<p>Care sunt avantajele cadrelor mFrame? Cadrele mFrame sunt perfecte pentru crearea de standuri moderne pentru t\u00e2rguri, pere\u021bi expozi\u021bionali \u0219i toate tipurile de afi\u0219aje publicitare. Asamblare f\u0103r\u0103 unelte Cadrele mFrame sunt proiectate pentru asamblare rapid\u0103, f\u0103r\u0103 a fi nevoie de unelte specializate. Important este faptul c\u0103 ramele vin preasamblate, astfel \u00eenc\u00e2t trebuie doar s\u0103 le conecta\u021bi [&hellip;]<\/p>\n","protected":false},"featured_media":25719,"comment_status":"closed","ping_status":"open","template":"","meta":{"_seopress_robots_primary_cat":"","_seopress_titles_title":"","_seopress_titles_desc":"","_seopress_robots_index":"","inline_featured_image":false},"product_brand":[],"product_cat":[1052,289,1584],"product_tag":[],"class_list":{"0":"post-20553","1":"product","2":"type-product","3":"status-publish","4":"has-post-thumbnail","6":"product_cat-mframe-sistem-expozitional-modular","7":"product_cat-standuri-de-expozitie","8":"product_cat-cadru-mframe","10":"first","11":"outofstock","12":"purchasable","13":"product-type-simple"},"_links":{"self":[{"href":"https:\/\/expovision.ro\/ro\/wp-json\/wp\/v2\/product\/20553","targetHints":{"allow":["GET"]}}],"collection":[{"href":"https:\/\/expovision.ro\/ro\/wp-json\/wp\/v2\/product"}],"about":[{"href":"https:\/\/expovision.ro\/ro\/wp-json\/wp\/v2\/types\/product"}],"replies":[{"embeddable":true,"href":"https:\/\/expovision.ro\/ro\/wp-json\/wp\/v2\/comments?post=20553"}],"wp:featuredmedia":[{"embeddable":true,"href":"https:\/\/expovision.ro\/ro\/wp-json\/wp\/v2\/media\/25719"}],"wp:attachment":[{"href":"https:\/\/expovision.ro\/ro\/wp-json\/wp\/v2\/media?parent=20553"}],"wp:term":[{"taxonomy":"product_brand","embeddable":true,"href":"https:\/\/expovision.ro\/ro\/wp-json\/wp\/v2\/product_brand?post=20553"},{"taxonomy":"product_cat","embeddable":true,"href":"https:\/\/expovision.ro\/ro\/wp-json\/wp\/v2\/product_cat?post=20553"},{"taxonomy":"product_tag","embeddable":true,"href":"https:\/\/expovision.ro\/ro\/wp-json\/wp\/v2\/product_tag?post=20553"}],"curies":[{"name":"wp","href":"https:\/\/api.w.org\/{rel}","templated":true}]}}