{"id":20536,"date":"2025-10-03T12:48:24","date_gmt":"2025-10-03T09:48:24","guid":{"rendered":"https:\/\/expovision.ro\/product\/mframe-arched-frame-496x1488\/"},"modified":"2025-09-29T02:27:08","modified_gmt":"2025-09-28T23:27:08","slug":"mframe-arched-frame-496x1488","status":"publish","type":"product","link":"https:\/\/expovision.ro\/ro\/produs\/mframe-arched-frame-496x1488\/","title":{"rendered":"mFrame arched frame 496&#215;1488"},"content":{"rendered":"<p>Care sunt avantajele cadrelor arcuite mFrame?<br \/>\nAsamblare rapid\u0103 f\u0103r\u0103 unelte<br \/>\nCadrele arcuite mFrame sunt proiectate pentru o asamblare u\u0219oar\u0103. Elementele se conecteaz\u0103 folosind conectori speciali, permi\u021b\u00e2nd montarea rapid\u0103 a standului f\u0103r\u0103 a fi nevoie de unelte suplimentare. Cadrele sunt preasamblate, ceea ce face ca conectarea modulelor individuale s\u0103 fie un proces simplu.<br \/>\nConstruc\u021bie durabil\u0103<br \/>\nCadrul mFrame este fabricat din aluminiu armat, asigur\u00e2nd o utilizare de lung\u0103 durat\u0103 \u0219i capacitatea de a monta elemente mai mari. Construc\u021bia robust\u0103 permite cadrelor s\u0103 suporte chiar \u0219i elemente de afi\u0219aj mai grele.<br \/>\nModularitate \u0219i posibilitate de extindere<br \/>\nSistemul mFrame permite conectarea diferitelor module, oferindu-v\u0103 flexibilitatea de a ajusta dimensiunea \u0219i aspectul standului \u00een func\u021bie de nevoile specifice. Posibilitatea de extindere \u0219i o gam\u0103 larg\u0103 de accesorii permit personalizarea standului pentru diferite evenimente.<br \/>\n13 dimensiuni disponibile<br \/>\nSistemul ofer\u0103 diferite dimensiuni ale cadrului, care pot fi u\u0219or combinate \u0219i configurate \u00een orice mod. Acest lucru v\u0103 permite s\u0103 crea\u021bi o configura\u021bie care \u00eendepline\u0219te perfect cerin\u021bele fiec\u0103rui eveniment.<br \/>\nCe include setul?     <\/p>\n<p>mFrame arched frame,<\/p>\n<p>Elemente de montare,<\/p>\n<p>Manual de utilizare.<\/p>\n<p>Dimensiuni \u0219i greutate:<\/p>\n<p>L\u0103\u021bime: 49,6\/99,2 cm,<\/p>\n<p>\u00cen\u0103l\u021bime: 49,6\/99,2\/124\/148,8\/198,4\/248\/297,6 cm,<\/p>\n<p>Ad\u00e2ncime: 6,2 cm,<\/p>\n<p>Greutate: 6-14 kg.<\/p>\n<p>Specifica\u021bii tehnice:<\/p>\n<p>Dimensiuni: diferite dimensiuni disponibile,<\/p>\n<p>Material: aluminiu,<\/p>\n<p>Compatibility with other mFrame modules,<\/p>\n<p>Abilitatea de a monta elemente mai grele.<\/p>\n","protected":false},"excerpt":{"rendered":"<p>Care sunt avantajele cadrelor arcuite mFrame? Asamblare rapid\u0103 f\u0103r\u0103 unelte Cadrele arcuite mFrame sunt proiectate pentru o asamblare u\u0219oar\u0103. Elementele se conecteaz\u0103 folosind conectori speciali, permi\u021b\u00e2nd montarea rapid\u0103 a standului f\u0103r\u0103 a fi nevoie de unelte suplimentare. Cadrele sunt preasamblate, ceea ce face ca conectarea modulelor individuale s\u0103 fie un proces simplu. Construc\u021bie durabil\u0103 Cadrul [&hellip;]<\/p>\n","protected":false},"featured_media":25751,"comment_status":"closed","ping_status":"open","template":"","meta":{"_seopress_robots_primary_cat":"","_seopress_titles_title":"","_seopress_titles_desc":"","_seopress_robots_index":"","inline_featured_image":false},"product_brand":[],"product_cat":[1052,289,1577],"product_tag":[],"class_list":{"0":"post-20536","1":"product","2":"type-product","3":"status-publish","4":"has-post-thumbnail","6":"product_cat-mframe-sistem-expozitional-modular","7":"product_cat-standuri-de-expozitie","8":"product_cat-cadru-arcuit-mframe","10":"first","11":"outofstock","12":"purchasable","13":"product-type-simple"},"_links":{"self":[{"href":"https:\/\/expovision.ro\/ro\/wp-json\/wp\/v2\/product\/20536","targetHints":{"allow":["GET"]}}],"collection":[{"href":"https:\/\/expovision.ro\/ro\/wp-json\/wp\/v2\/product"}],"about":[{"href":"https:\/\/expovision.ro\/ro\/wp-json\/wp\/v2\/types\/product"}],"replies":[{"embeddable":true,"href":"https:\/\/expovision.ro\/ro\/wp-json\/wp\/v2\/comments?post=20536"}],"wp:featuredmedia":[{"embeddable":true,"href":"https:\/\/expovision.ro\/ro\/wp-json\/wp\/v2\/media\/25751"}],"wp:attachment":[{"href":"https:\/\/expovision.ro\/ro\/wp-json\/wp\/v2\/media?parent=20536"}],"wp:term":[{"taxonomy":"product_brand","embeddable":true,"href":"https:\/\/expovision.ro\/ro\/wp-json\/wp\/v2\/product_brand?post=20536"},{"taxonomy":"product_cat","embeddable":true,"href":"https:\/\/expovision.ro\/ro\/wp-json\/wp\/v2\/product_cat?post=20536"},{"taxonomy":"product_tag","embeddable":true,"href":"https:\/\/expovision.ro\/ro\/wp-json\/wp\/v2\/product_tag?post=20536"}],"curies":[{"name":"wp","href":"https:\/\/api.w.org\/{rel}","templated":true}]}}