{"id":20514,"date":"2025-10-03T12:48:47","date_gmt":"2025-10-03T09:48:47","guid":{"rendered":"https:\/\/expovision.ro\/product\/mframe-4x-out-connector\/"},"modified":"2025-09-29T02:28:44","modified_gmt":"2025-09-28T23:28:44","slug":"mframe-4x-out-connector","status":"publish","type":"product","link":"https:\/\/expovision.ro\/ro\/produs\/mframe-4x-out-connector\/","title":{"rendered":"mFrame 4x out connector"},"content":{"rendered":"<p>Care sunt avantajele conectorului intern mFrame?<br \/>\nStabilitate \u0219i durabilitate<br \/>\nConectorul intern mFrame este conceput pentru a oferi conexiuni stabile \u0219i durabile \u00eentre elementele sistemului. Fabricat din materiale de \u00eenalt\u0103 calitate, acesta garanteaz\u0103 fixarea sigur\u0103 \u0219i stabilitatea general\u0103 a structurii.<br \/>\nU\u0219urin\u021ba instal\u0103rii<br \/>\nConectorul mFrame permite asamblarea rapid\u0103 f\u0103r\u0103 a fi nevoie de unelte specializate. Acest lucru simplific\u0103 procesul de instalare a standului, asigur\u00e2nd conexiuni sigure \u0219i precise \u00eentre module.<br \/>\nVersatilitate<br \/>\nConectorul intern mFrame este compatibil cu diferite module ale sistemului mFrame, permi\u021b\u00e2nd configura\u021bii flexibile ale standului. Acest lucru permite crearea de structuri stabile \u0219i extensibile, adaptate la nevoile specifice ale standului.<br \/>\n\u00cen configuratorul nostru, ve\u021bi g\u0103si mai multe tipuri de conectori:   <\/p>\n<p>Conector extern\/extern: Une\u0219te 2 rame la un unghi de 90 de grade, cre\u00e2nd un spa\u021biu gol de 6,2&#215;6,2 cm.<\/p>\n<p>Conector extern\/extern\/extern: Une\u0219te 3 rame la un unghi de 90 de grade, cre\u00e2nd un spa\u021biu gol de 6,2&#215;6,2 cm.<\/p>\n<p>Conector extern\/extern\/extern\/extern\/extern: Une\u0219te 4 rame la un unghi de 90 de grade, cre\u00e2nd un spa\u021biu gol de 6,2&#215;6,2 cm.<\/p>\n<p>Conector intern\/extern: Une\u0219te 2 rame la un unghi de 90 de grade, acoperind 6,2 cm de grafic\u0103 pe una dintre rame.<\/p>\n<p>LMD connector: Connects an mFrame frame with an LMD lightbox.<\/p>\n<p>Conector cadru reglabil: Utilizat pentru a modifica l\u0103\u021bimea cadrului, care poate fi util \u00een cazul \u00een care standul dvs. dep\u0103\u0219e\u0219te spa\u021biul alocat.<\/p>\n<p>Ce include setul?<\/p>\n<p>mFrame internal connector,<\/p>\n<p>Manual de instalare.<\/p>\n<p>Specifica\u021bii tehnice:<\/p>\n<p>Material: o\u021bel inoxidabil,<\/p>\n<p>Asamblare u\u0219oar\u0103 \u0219i rapid\u0103,<\/p>\n<p>Compatibility with the mFrame system,<\/p>\n<p>Conexiune stabil\u0103 a modulului.<\/p>\n","protected":false},"excerpt":{"rendered":"<p>Care sunt avantajele conectorului intern mFrame? Stabilitate \u0219i durabilitate Conectorul intern mFrame este conceput pentru a oferi conexiuni stabile \u0219i durabile \u00eentre elementele sistemului. Fabricat din materiale de \u00eenalt\u0103 calitate, acesta garanteaz\u0103 fixarea sigur\u0103 \u0219i stabilitatea general\u0103 a structurii. U\u0219urin\u021ba instal\u0103rii Conectorul mFrame permite asamblarea rapid\u0103 f\u0103r\u0103 a fi nevoie de unelte specializate. Acest lucru [&hellip;]<\/p>\n","protected":false},"featured_media":25765,"comment_status":"closed","ping_status":"open","template":"","meta":{"_seopress_robots_primary_cat":"","_seopress_titles_title":"","_seopress_titles_desc":"","_seopress_robots_index":"","inline_featured_image":false},"product_brand":[],"product_cat":[1052,289,1562],"product_tag":[],"class_list":{"0":"post-20514","1":"product","2":"type-product","3":"status-publish","4":"has-post-thumbnail","6":"product_cat-mframe-sistem-expozitional-modular","7":"product_cat-standuri-de-expozitie","8":"product_cat-conector-cu-4-iesiri-mframe","10":"first","11":"instock","12":"purchasable","13":"product-type-simple"},"_links":{"self":[{"href":"https:\/\/expovision.ro\/ro\/wp-json\/wp\/v2\/product\/20514","targetHints":{"allow":["GET"]}}],"collection":[{"href":"https:\/\/expovision.ro\/ro\/wp-json\/wp\/v2\/product"}],"about":[{"href":"https:\/\/expovision.ro\/ro\/wp-json\/wp\/v2\/types\/product"}],"replies":[{"embeddable":true,"href":"https:\/\/expovision.ro\/ro\/wp-json\/wp\/v2\/comments?post=20514"}],"wp:featuredmedia":[{"embeddable":true,"href":"https:\/\/expovision.ro\/ro\/wp-json\/wp\/v2\/media\/25765"}],"wp:attachment":[{"href":"https:\/\/expovision.ro\/ro\/wp-json\/wp\/v2\/media?parent=20514"}],"wp:term":[{"taxonomy":"product_brand","embeddable":true,"href":"https:\/\/expovision.ro\/ro\/wp-json\/wp\/v2\/product_brand?post=20514"},{"taxonomy":"product_cat","embeddable":true,"href":"https:\/\/expovision.ro\/ro\/wp-json\/wp\/v2\/product_cat?post=20514"},{"taxonomy":"product_tag","embeddable":true,"href":"https:\/\/expovision.ro\/ro\/wp-json\/wp\/v2\/product_tag?post=20514"}],"curies":[{"name":"wp","href":"https:\/\/api.w.org\/{rel}","templated":true}]}}