{"id":20512,"date":"2025-10-03T12:49:17","date_gmt":"2025-10-03T09:49:17","guid":{"rendered":"https:\/\/expovision.ro\/product\/mframe-clamp-connector\/"},"modified":"2025-09-29T02:30:07","modified_gmt":"2025-09-28T23:30:07","slug":"mframe-clamp-connector","status":"publish","type":"product","link":"https:\/\/expovision.ro\/ro\/produs\/mframe-clamp-connector\/","title":{"rendered":"mFrame clamp connector"},"content":{"rendered":"<p>Care sunt avantajele sistemului mFrame clampy?<br \/>\nStabilitate \u0219i durabilitate<br \/>\nmFrame clampy sunt concepute pentru a fixa \u00een siguran\u021b\u0103 elementele sistemului. Fabricate din materiale de \u00eenalt\u0103 calitate, acestea garanteaz\u0103 o conexiune fiabil\u0103, contribuind la stabilitatea general\u0103 a structurii.<br \/>\nInstalare u\u0219oar\u0103<br \/>\nSistemul mFrame clampy permite instalarea rapid\u0103 \u0219i f\u0103r\u0103 probleme, f\u0103r\u0103 a fi nevoie de unelte specializate. Aceast\u0103 solu\u021bie accelereaz\u0103 procesul de instalare a standului, asigur\u00e2nd o fixare sigur\u0103 \u0219i stabil\u0103.<br \/>\nVersatilitate<br \/>\nClampy sunt compatibile cu diferite module ale sistemului mFrame, permi\u021b\u00e2nd o utilizare larg\u0103 \u00een diferite configura\u021bii ale standului. Aceast\u0103 flexibilitate v\u0103 permite s\u0103 crea\u021bi spa\u021bii adaptate nevoilor dumneavoastr\u0103 expozi\u021bionale.<br \/>\nCe include setul?   <\/p>\n<p>mFrame clampy (fastening elements),<\/p>\n<p>Manual de instalare.<\/p>\n<p>Specifica\u021bii tehnice:<\/p>\n<p>Material: aluminiu,<\/p>\n<p>Instalare u\u0219oar\u0103 \u0219i rapid\u0103,<\/p>\n<p>Compatibility with the mFrame system,<\/p>\n<p>Fixarea stabil\u0103 a elementelor structurale.<\/p>\n","protected":false},"excerpt":{"rendered":"<p>Care sunt avantajele sistemului mFrame clampy? Stabilitate \u0219i durabilitate mFrame clampy sunt concepute pentru a fixa \u00een siguran\u021b\u0103 elementele sistemului. Fabricate din materiale de \u00eenalt\u0103 calitate, acestea garanteaz\u0103 o conexiune fiabil\u0103, contribuind la stabilitatea general\u0103 a structurii. Instalare u\u0219oar\u0103 Sistemul mFrame clampy permite instalarea rapid\u0103 \u0219i f\u0103r\u0103 probleme, f\u0103r\u0103 a fi nevoie de unelte specializate. [&hellip;]<\/p>\n","protected":false},"featured_media":25777,"comment_status":"closed","ping_status":"open","template":"","meta":{"_seopress_robots_primary_cat":"","_seopress_titles_title":"","_seopress_titles_desc":"","_seopress_robots_index":"","inline_featured_image":false},"product_brand":[],"product_cat":[1052,289,1579],"product_tag":[],"class_list":{"0":"post-20512","1":"product","2":"type-product","3":"status-publish","4":"has-post-thumbnail","6":"product_cat-mframe-sistem-expozitional-modular","7":"product_cat-standuri-de-expozitie","8":"product_cat-conector-cu-clema-mframe","10":"first","11":"instock","12":"purchasable","13":"product-type-simple"},"_links":{"self":[{"href":"https:\/\/expovision.ro\/ro\/wp-json\/wp\/v2\/product\/20512","targetHints":{"allow":["GET"]}}],"collection":[{"href":"https:\/\/expovision.ro\/ro\/wp-json\/wp\/v2\/product"}],"about":[{"href":"https:\/\/expovision.ro\/ro\/wp-json\/wp\/v2\/types\/product"}],"replies":[{"embeddable":true,"href":"https:\/\/expovision.ro\/ro\/wp-json\/wp\/v2\/comments?post=20512"}],"wp:featuredmedia":[{"embeddable":true,"href":"https:\/\/expovision.ro\/ro\/wp-json\/wp\/v2\/media\/25777"}],"wp:attachment":[{"href":"https:\/\/expovision.ro\/ro\/wp-json\/wp\/v2\/media?parent=20512"}],"wp:term":[{"taxonomy":"product_brand","embeddable":true,"href":"https:\/\/expovision.ro\/ro\/wp-json\/wp\/v2\/product_brand?post=20512"},{"taxonomy":"product_cat","embeddable":true,"href":"https:\/\/expovision.ro\/ro\/wp-json\/wp\/v2\/product_cat?post=20512"},{"taxonomy":"product_tag","embeddable":true,"href":"https:\/\/expovision.ro\/ro\/wp-json\/wp\/v2\/product_tag?post=20512"}],"curies":[{"name":"wp","href":"https:\/\/api.w.org\/{rel}","templated":true}]}}