{"id":20463,"date":"2025-10-03T12:50:59","date_gmt":"2025-10-03T09:50:59","guid":{"rendered":"https:\/\/expovision.ro\/product\/mframe-led-lamp\/"},"modified":"2025-10-03T12:51:10","modified_gmt":"2025-10-03T09:51:10","slug":"mframe-led-lamp","status":"publish","type":"product","link":"https:\/\/expovision.ro\/ro\/produs\/mframe-led-lamp\/","title":{"rendered":"mFrame LED lamp"},"content":{"rendered":"<p>Iluminatul LED mFrame este modalitatea perfect\u0103 de a v\u0103 lumina afi\u0219ajul, indiferent de loca\u021bie \u0219i de condi\u021biile de iluminare. Produsele \u0219i mesajul dvs. vor deveni vizibile chiar \u0219i \u00een \u00eenc\u0103peri mai \u00eentunecate.Iluminarea noastr\u0103 cu LED garanteaz\u0103 o lumin\u0103 de \u00eenalt\u0103 calitate care reproduce cu fidelitate culorile \u0219i detaliile produselor dvs. Acest lucru va face ca afi\u0219ajul dvs. s\u0103 arate profesionist \u0219i atractiv. Instalarea iluminatului LED mFrame este simpl\u0103 \u0219i nu necesit\u0103 abilit\u0103\u021bi avansate. Pute\u021bi preg\u0103ti rapid \u0219i eficient afi\u0219ajul dvs. pentru prezentare.    <\/p>\n","protected":false},"excerpt":{"rendered":"<p>Iluminatul LED mFrame este modalitatea perfect\u0103 de a v\u0103 lumina afi\u0219ajul, indiferent de loca\u021bie \u0219i de condi\u021biile de iluminare. Produsele \u0219i mesajul dvs. vor deveni vizibile chiar \u0219i \u00een \u00eenc\u0103peri mai \u00eentunecate.Iluminarea noastr\u0103 cu LED garanteaz\u0103 o lumin\u0103 de \u00eenalt\u0103 calitate care reproduce cu fidelitate culorile \u0219i detaliile produselor dvs. Acest lucru va face ca [&hellip;]<\/p>\n","protected":false},"featured_media":25823,"comment_status":"closed","ping_status":"open","template":"","meta":{"_seopress_robots_primary_cat":"","_seopress_titles_title":"","_seopress_titles_desc":"","_seopress_robots_index":"","inline_featured_image":false},"product_brand":[],"product_cat":[1052,289,1560],"product_tag":[],"class_list":{"0":"post-20463","1":"product","2":"type-product","3":"status-publish","4":"has-post-thumbnail","6":"product_cat-mframe-sistem-expozitional-modular","7":"product_cat-standuri-de-expozitie","8":"product_cat-mframe-ro","10":"first","11":"instock","12":"purchasable","13":"product-type-simple"},"_links":{"self":[{"href":"https:\/\/expovision.ro\/ro\/wp-json\/wp\/v2\/product\/20463","targetHints":{"allow":["GET"]}}],"collection":[{"href":"https:\/\/expovision.ro\/ro\/wp-json\/wp\/v2\/product"}],"about":[{"href":"https:\/\/expovision.ro\/ro\/wp-json\/wp\/v2\/types\/product"}],"replies":[{"embeddable":true,"href":"https:\/\/expovision.ro\/ro\/wp-json\/wp\/v2\/comments?post=20463"}],"wp:featuredmedia":[{"embeddable":true,"href":"https:\/\/expovision.ro\/ro\/wp-json\/wp\/v2\/media\/25823"}],"wp:attachment":[{"href":"https:\/\/expovision.ro\/ro\/wp-json\/wp\/v2\/media?parent=20463"}],"wp:term":[{"taxonomy":"product_brand","embeddable":true,"href":"https:\/\/expovision.ro\/ro\/wp-json\/wp\/v2\/product_brand?post=20463"},{"taxonomy":"product_cat","embeddable":true,"href":"https:\/\/expovision.ro\/ro\/wp-json\/wp\/v2\/product_cat?post=20463"},{"taxonomy":"product_tag","embeddable":true,"href":"https:\/\/expovision.ro\/ro\/wp-json\/wp\/v2\/product_tag?post=20463"}],"curies":[{"name":"wp","href":"https:\/\/api.w.org\/{rel}","templated":true}]}}