{"id":20426,"date":"2025-10-03T12:53:21","date_gmt":"2025-10-03T09:53:21","guid":{"rendered":"https:\/\/expovision.ro\/product\/multiframe-250-set1-black-dwustronny\/"},"modified":"2025-09-29T02:39:01","modified_gmt":"2025-09-28T23:39:01","slug":"multiframe-250-set1-black-dwustronny","status":"publish","type":"product","link":"https:\/\/expovision.ro\/ro\/produs\/multiframe-250-set1-black-dwustronny\/","title":{"rendered":"Multiframe 250 SET1 (Black) dwustronny"},"content":{"rendered":"<p>Mobilitate \u0219i confort \u00een utilizare<br \/>\nUnul dintre principalele avantaje ale cadrului multiframe este mobilitatea sa. Construc\u021bia poate fi dezasamblat\u0103 \u00een elemente mici care pot fi ambalate \u00een gen\u021bi practice. Acest lucru face ca \u00eentregul set s\u0103 fie u\u0219or de transportat &#8211; chiar \u0219i cu o ma\u0219in\u0103 personal\u0103. Aceast\u0103 solu\u021bie ofer\u0103 flexibilitate pentru deplasarea \u00eentre diferite evenimente, ceea ce este deosebit de important pentru companiile care particip\u0103 frecvent la t\u00e2rguri.<br \/>\nOp\u021biuni versatile de extindere<br \/>\nSistemul de cadru multiframe ofer\u0103 o gam\u0103 larg\u0103 de accesorii, cum ar fi capace, rafturi, lumini \u0219i panouri suspendate, care v\u0103 permit s\u0103 personaliza\u021bi \u0219i mai mult standul \u00een func\u021bie de nevoile dumneavoastr\u0103. Datorit\u0103 acestor complet\u0103ri, cabinetele bazate pe sistemul multiframe devin nu numai pl\u0103cute din punct de vedere estetic, ci \u0219i un instrument publicitar eficient care atrage aten\u021bia poten\u021bialilor clien\u021bi.<br \/>\nOp\u021biunea de a ad\u0103uga o camer\u0103 de depozitare<br \/>\nCadrul multiframe permite, de asemenea, ad\u0103ugarea u\u0219oar\u0103 a unei camere de depozitare cu u\u0219i de sistem care pot fi blocate. Aceast\u0103 solu\u021bie practic\u0103 permite depozitarea materialelor esen\u021biale \u0219i ofer\u0103 un spa\u021biu de lucru departe de ochii vizitatorilor, sporind confortul utiliz\u0103rii standului.<br \/>\nSpecifica\u021bii tehnice:     <\/p>\n<p>Material: Rame din aluminiu u\u0219oare, dar durabile,<\/p>\n<p>Asamblare f\u0103r\u0103 unelte,<\/p>\n<p>Posibilitate de modificare \u0219i extindere cu accesoriile disponibile,<\/p>\n<p>Color: Black, without print.<\/p>\n<p>Dimensiuni:<\/p>\n<p>SET1 (100 x 250 cm)<\/p>\n<p>SET2 (195 x 250 cm)<\/p>\n<p>SET3 (290 x 250 cm)<\/p>\n<p>SET4 (385 x 250 cm)<\/p>\n<p>SET5 (480 x 250 cm)<\/p>\n<p>SET1 (100 x 301 cm)<\/p>\n<p>SET2 (195 x 301 cm)<\/p>\n<p>SET3 (290 x 301 cm)<\/p>\n<p>SET4 (385 x 301 cm)<\/p>\n<p>SET5 (480 x 301 cm)<\/p>\n","protected":false},"excerpt":{"rendered":"<p>Mobilitate \u0219i confort \u00een utilizare Unul dintre principalele avantaje ale cadrului multiframe este mobilitatea sa. Construc\u021bia poate fi dezasamblat\u0103 \u00een elemente mici care pot fi ambalate \u00een gen\u021bi practice. Acest lucru face ca \u00eentregul set s\u0103 fie u\u0219or de transportat &#8211; chiar \u0219i cu o ma\u0219in\u0103 personal\u0103. Aceast\u0103 solu\u021bie ofer\u0103 flexibilitate pentru deplasarea \u00eentre diferite [&hellip;]<\/p>\n","protected":false},"featured_media":0,"comment_status":"closed","ping_status":"open","template":"","meta":{"_seopress_robots_primary_cat":"","_seopress_titles_title":"","_seopress_titles_desc":"","_seopress_robots_index":"","inline_featured_image":false},"product_brand":[],"product_cat":[289,1485,1483],"product_tag":[],"class_list":{"0":"post-20426","1":"product","2":"type-product","3":"status-publish","5":"product_cat-standuri-de-expozitie","6":"product_cat-multiframe-ro","7":"product_cat-multiframe-sistem-expozitional-modular-ro","9":"first","10":"instock","11":"purchasable","12":"product-type-simple"},"_links":{"self":[{"href":"https:\/\/expovision.ro\/ro\/wp-json\/wp\/v2\/product\/20426","targetHints":{"allow":["GET"]}}],"collection":[{"href":"https:\/\/expovision.ro\/ro\/wp-json\/wp\/v2\/product"}],"about":[{"href":"https:\/\/expovision.ro\/ro\/wp-json\/wp\/v2\/types\/product"}],"replies":[{"embeddable":true,"href":"https:\/\/expovision.ro\/ro\/wp-json\/wp\/v2\/comments?post=20426"}],"wp:attachment":[{"href":"https:\/\/expovision.ro\/ro\/wp-json\/wp\/v2\/media?parent=20426"}],"wp:term":[{"taxonomy":"product_brand","embeddable":true,"href":"https:\/\/expovision.ro\/ro\/wp-json\/wp\/v2\/product_brand?post=20426"},{"taxonomy":"product_cat","embeddable":true,"href":"https:\/\/expovision.ro\/ro\/wp-json\/wp\/v2\/product_cat?post=20426"},{"taxonomy":"product_tag","embeddable":true,"href":"https:\/\/expovision.ro\/ro\/wp-json\/wp\/v2\/product_tag?post=20426"}],"curies":[{"name":"wp","href":"https:\/\/api.w.org\/{rel}","templated":true}]}}