{"id":20394,"date":"2025-10-03T12:54:10","date_gmt":"2025-10-03T09:54:10","guid":{"rendered":"https:\/\/expovision.ro\/product\/print-only-multiframe-250-cm-set2-single-sided\/"},"modified":"2025-09-29T02:40:18","modified_gmt":"2025-09-28T23:40:18","slug":"print-only-multiframe-250-cm-set2-single-sided","status":"publish","type":"product","link":"https:\/\/expovision.ro\/ro\/produs\/print-only-multiframe-250-cm-set2-single-sided\/","title":{"rendered":"Print-only Multiframe 250 cm SET2 single-sided"},"content":{"rendered":"<p>De ce s\u0103 alege\u021bi printuri pentru cadrul multiframe?<br \/>\nGrafic\u0103 de \u00eenalt\u0103 calitate<br \/>\nImprimarea prin sublimare utilizat\u0103 \u00een printurile pentru cadrul multiframe asigur\u0103 o profunzime excep\u021bional\u0103 a culorilor \u0219i o precizie a detaliilor. Acest lucru \u00eenseamn\u0103 c\u0103 standul dvs. va avea un aspect profesional, iar grafica va atrage aten\u021bia vizitatorilor cu contraste puternice \u0219i culori vibrante. Indiferent dac\u0103 grafica dvs. este detaliat\u0103 sau se bazeaz\u0103 pe mesaje simple \u0219i clare, tehnologia de sublimare reproduce perfect efectele dorite.<br \/>\nInstalare u\u0219oar\u0103<br \/>\nPrinturile sunt \u00eempodobite cu o margine special\u0103 de silicon, ceea ce faciliteaz\u0103 montarea lor pe cadru. Acest lucru face ca instalarea standului s\u0103 fie rapid\u0103 \u0219i f\u0103r\u0103 complica\u021bii, f\u0103r\u0103 a fi nevoie de unelte suplimentare. Acest design inovator economise\u0219te timp \u0219i ofer\u0103 o conexiune stabil\u0103, care este apreciat\u0103 \u00een special de cei care particip\u0103 frecvent la evenimente comerciale \u0219i au nevoie de solu\u021bii rapide \u0219i eficiente.<br \/>\nDurabilitate \u0219i u\u0219urin\u021b\u0103 \u00een transport<br \/>\nMaterialul folosit pentru printuri este poliesterul, care este rezistent la riduri. Acest lucru este deosebit de important \u00een timpul transportului, deoarece printurile \u00ee\u0219i p\u0103streaz\u0103 aspectul estetic chiar \u0219i dup\u0103 ce au fost rulate pentru o perioad\u0103 lung\u0103 de timp. Nu trebuie s\u0103 v\u0103 face\u021bi griji cu privire la c\u0103lcarea materialului &#8211; pur \u0219i simplu monta\u021bi-l pe ram\u0103, iar prezentarea va ar\u0103ta imediat \u00eengrijit\u0103 \u0219i profesional\u0103.<br \/>\nBlocarea luminii<br \/>\nDatorit\u0103 utiliz\u0103rii unui material care blocheaz\u0103 lumina, printurile multiframe sunt perfecte pentru zonele cu mult\u0103 lumin\u0103 solar\u0103, cum ar fi \u00een apropierea ferestrelor. Chiar \u0219i lumina puternic\u0103 a zilei nu are un impact negativ asupra vizibilit\u0103\u021bii graficii, ceea ce face ca standul s\u0103 arate bine \u00een orice condi\u021bii de iluminare. Aceast\u0103 solu\u021bie spore\u0219te posibilit\u0103\u021bile de amenajare, permi\u021b\u00e2ndu-v\u0103 s\u0103 pozi\u021biona\u021bi standul oriunde f\u0103r\u0103 s\u0103 v\u0103 face\u021bi griji cu privire la impactul luminii asupra afi\u0219ajului.<br \/>\nCe include setul?        <\/p>\n<p>Prints for the multiframe frame,<\/p>\n<p>Manual de instalare.<\/p>\n<p>Specifica\u021bii tehnice:<\/p>\n<p>Material: Poliester, rezistent la riduri, blocarea luminii,<\/p>\n<p>Printing Technique: Sublimation for high-quality colors,<\/p>\n<p>Instalare: \u00cempodobit cu margine de silicon pentru o montare u\u0219oar\u0103,<\/p>\n<p>Compatibilitate: Se potrive\u0219te tuturor cadrelor multiframe.<\/p>\n","protected":false},"excerpt":{"rendered":"<p>De ce s\u0103 alege\u021bi printuri pentru cadrul multiframe? Grafic\u0103 de \u00eenalt\u0103 calitate Imprimarea prin sublimare utilizat\u0103 \u00een printurile pentru cadrul multiframe asigur\u0103 o profunzime excep\u021bional\u0103 a culorilor \u0219i o precizie a detaliilor. Acest lucru \u00eenseamn\u0103 c\u0103 standul dvs. va avea un aspect profesional, iar grafica va atrage aten\u021bia vizitatorilor cu contraste puternice \u0219i culori vibrante. [&hellip;]<\/p>\n","protected":false},"featured_media":0,"comment_status":"closed","ping_status":"open","template":"","meta":{"_seopress_robots_primary_cat":"","_seopress_titles_title":"","_seopress_titles_desc":"","_seopress_robots_index":"","inline_featured_image":false},"product_brand":[],"product_cat":[289,1485,1483],"product_tag":[],"class_list":{"0":"post-20394","1":"product","2":"type-product","3":"status-publish","5":"product_cat-standuri-de-expozitie","6":"product_cat-multiframe-ro","7":"product_cat-multiframe-sistem-expozitional-modular-ro","9":"first","10":"instock","11":"purchasable","12":"product-type-simple"},"_links":{"self":[{"href":"https:\/\/expovision.ro\/ro\/wp-json\/wp\/v2\/product\/20394","targetHints":{"allow":["GET"]}}],"collection":[{"href":"https:\/\/expovision.ro\/ro\/wp-json\/wp\/v2\/product"}],"about":[{"href":"https:\/\/expovision.ro\/ro\/wp-json\/wp\/v2\/types\/product"}],"replies":[{"embeddable":true,"href":"https:\/\/expovision.ro\/ro\/wp-json\/wp\/v2\/comments?post=20394"}],"wp:attachment":[{"href":"https:\/\/expovision.ro\/ro\/wp-json\/wp\/v2\/media?parent=20394"}],"wp:term":[{"taxonomy":"product_brand","embeddable":true,"href":"https:\/\/expovision.ro\/ro\/wp-json\/wp\/v2\/product_brand?post=20394"},{"taxonomy":"product_cat","embeddable":true,"href":"https:\/\/expovision.ro\/ro\/wp-json\/wp\/v2\/product_cat?post=20394"},{"taxonomy":"product_tag","embeddable":true,"href":"https:\/\/expovision.ro\/ro\/wp-json\/wp\/v2\/product_tag?post=20394"}],"curies":[{"name":"wp","href":"https:\/\/api.w.org\/{rel}","templated":true}]}}