{"id":20382,"date":"2025-10-03T12:55:06","date_gmt":"2025-10-03T09:55:06","guid":{"rendered":"https:\/\/expovision.ro\/product\/multiframe-wheelie-bag-long\/"},"modified":"2025-09-29T02:41:55","modified_gmt":"2025-09-28T23:41:55","slug":"multiframe-wheelie-bag-long","status":"publish","type":"product","link":"https:\/\/expovision.ro\/ro\/produs\/multiframe-wheelie-bag-long\/","title":{"rendered":"Multiframe wheelie bag long"},"content":{"rendered":"<p>Principalele avantaje ale sacilor Multiframe<br \/>\nDurabilitate<br \/>\nSacii Multiframe sunt fabrica\u021bi din material durabil care asigur\u0103 protec\u021bia componentelor sistemului \u00een timpul transportului. Materialul rezistent la deterior\u0103ri asigur\u0103 faptul c\u0103 modulele r\u0103m\u00e2n intacte, indiferent de condi\u021biile de transport.<br \/>\nComoditate<br \/>\nM\u00e2nerele ergonomice asigur\u0103 transportarea u\u0219oar\u0103 a sacilor, indiferent de loca\u021bie sau de metoda de transport. Sacii pot fi transporta\u021bi cu u\u0219urin\u021b\u0103, simplific\u00e2nd semnificativ logistica \u00een timpul preg\u0103tirii evenimentelor.<br \/>\nU\u0219urin\u021ba transportului<br \/>\nModulele ambalate \u00een saci sunt u\u0219or de transportat, permi\u021b\u00e2nd transportarea lor chiar \u0219i \u00eentr-o ma\u0219in\u0103 personal\u0103. Aceast\u0103 solu\u021bie economise\u0219te timp \u0219i reduce costurile logistice, \u00een special pentru participarea frecvent\u0103 la evenimente.<br \/>\nDepozitare<br \/>\nSacii asigur\u0103 o depozitare convenabil\u0103 a componentelor sistemului Multiframe \u00eentre evenimente. Acestea protejeaz\u0103 modulele de deteriorare \u0219i permit reutilizarea u\u0219oar\u0103, f\u0103c\u00e2nd gestionarea resurselor mai eficient\u0103.<br \/>\nDiferite op\u021biuni din care s\u0103 alege\u021bi    <\/p>\n<p>Geant\u0103 cu ro\u021bi lungi: Dispune de 8 compartimente care p\u0103streaz\u0103 profilurile organizate \u0219i protejate \u00een timpul c\u0103l\u0103toriei.<\/p>\n<p>Geant\u0103 scurt\u0103 cu ro\u021bi: Aceast\u0103 geant\u0103 compact\u0103 cu ro\u021bi are, de asemenea, 8 compartimente, dar este proiectat\u0103 pentru a transporta at\u00e2t profile orizontale, c\u00e2t \u0219i alte accesorii, cum ar fi extensii \u0219i suporturi.<\/p>\n<p>Geant\u0103 f\u0103r\u0103 ro\u021bi: Aceast\u0103 geant\u0103 are 16 compartimente, ceea ce o face ideal\u0103 pentru transportul profilelor Multiframe. De\u0219i nu are ro\u021bi, asigur\u0103 o protec\u021bie \u0219i o organizare excelente pentru echipamentul dvs. \u00een timpul transportului. <\/p>\n","protected":false},"excerpt":{"rendered":"<p>Principalele avantaje ale sacilor Multiframe Durabilitate Sacii Multiframe sunt fabrica\u021bi din material durabil care asigur\u0103 protec\u021bia componentelor sistemului \u00een timpul transportului. Materialul rezistent la deterior\u0103ri asigur\u0103 faptul c\u0103 modulele r\u0103m\u00e2n intacte, indiferent de condi\u021biile de transport. Comoditate M\u00e2nerele ergonomice asigur\u0103 transportarea u\u0219oar\u0103 a sacilor, indiferent de loca\u021bie sau de metoda de transport. Sacii pot fi [&hellip;]<\/p>\n","protected":false},"featured_media":0,"comment_status":"closed","ping_status":"open","template":"","meta":{"_seopress_robots_primary_cat":"","_seopress_titles_title":"","_seopress_titles_desc":"","_seopress_robots_index":"","inline_featured_image":false},"product_brand":[],"product_cat":[289,1531,1483],"product_tag":[],"class_list":{"0":"post-20382","1":"product","2":"type-product","3":"status-publish","5":"product_cat-standuri-de-expozitie","6":"product_cat-geanta-lunga-pe-roti-multiframe","7":"product_cat-multiframe-sistem-expozitional-modular-ro","9":"first","10":"instock","11":"purchasable","12":"product-type-simple"},"_links":{"self":[{"href":"https:\/\/expovision.ro\/ro\/wp-json\/wp\/v2\/product\/20382","targetHints":{"allow":["GET"]}}],"collection":[{"href":"https:\/\/expovision.ro\/ro\/wp-json\/wp\/v2\/product"}],"about":[{"href":"https:\/\/expovision.ro\/ro\/wp-json\/wp\/v2\/types\/product"}],"replies":[{"embeddable":true,"href":"https:\/\/expovision.ro\/ro\/wp-json\/wp\/v2\/comments?post=20382"}],"wp:attachment":[{"href":"https:\/\/expovision.ro\/ro\/wp-json\/wp\/v2\/media?parent=20382"}],"wp:term":[{"taxonomy":"product_brand","embeddable":true,"href":"https:\/\/expovision.ro\/ro\/wp-json\/wp\/v2\/product_brand?post=20382"},{"taxonomy":"product_cat","embeddable":true,"href":"https:\/\/expovision.ro\/ro\/wp-json\/wp\/v2\/product_cat?post=20382"},{"taxonomy":"product_tag","embeddable":true,"href":"https:\/\/expovision.ro\/ro\/wp-json\/wp\/v2\/product_tag?post=20382"}],"curies":[{"name":"wp","href":"https:\/\/api.w.org\/{rel}","templated":true}]}}