{"id":20379,"date":"2025-10-03T12:54:52","date_gmt":"2025-10-03T09:54:52","guid":{"rendered":"https:\/\/expovision.ro\/product\/multiframe-vertical-pole-extension-50cm\/"},"modified":"2025-09-29T02:41:40","modified_gmt":"2025-09-28T23:41:40","slug":"multiframe-vertical-pole-extension-50cm","status":"publish","type":"product","link":"https:\/\/expovision.ro\/ro\/produs\/multiframe-vertical-pole-extension-50cm\/","title":{"rendered":"Multiframe vertical pole extension 50cm"},"content":{"rendered":"<p>De ce s\u0103 alege\u021bi profilele pentru cadrul multiframe?<br \/>\nDurabilitate pentru ani de zileProfilele pentru cadrul multiframe sunt fabricate din material durabil, rezistent la deterior\u0103ri mecanice, asigur\u00e2nd o utilizare de lung\u0103 durat\u0103. Indiferent de c\u00e2t de des utiliza\u021bi standul, aceste profile garanteaz\u0103 stabilitatea \u0219i durabilitatea structurii, ceea ce este deosebit de important pentru asamblarea \u0219i dezasamblarea frecvent\u0103 la diverse evenimente.<br \/>\nAsamblare u\u0219oar\u0103Gra\u021bie designului inovator, profilele pentru cadrul multiframe sunt u\u0219or de asamblat \u0219i nu necesit\u0103 unelte specializate. Fiecare component\u0103 se potrive\u0219te perfect cu restul sistemului, permi\u021b\u00e2nd montarea rapid\u0103 a standului \u0219i economisirea timpului. Aceast\u0103 caracteristic\u0103 face din profile o solu\u021bie ideal\u0103 pentru companiile care pun pre\u021b pe eficien\u021b\u0103 atunci c\u00e2nd \u00ee\u0219i preg\u0103tesc standurile.<br \/>\nTransport convenabilProfilele sunt proiectate cu g\u00e2ndul la transportul u\u0219or &#8211; sunt u\u0219oare, iar forma lor permite \u00eempachetarea convenabil\u0103 \u00een saci de transport. Acest lucru \u00eenseamn\u0103 c\u0103, chiar \u0219i \u00een cazul deplas\u0103rii frecvente \u00eentre diferite evenimente, profilurile \u00ee\u0219i men\u021bin func\u021bionalitatea, iar transportul este lipsit de complica\u021bii. Este o solu\u021bie confortabil\u0103 pentru cei care c\u0103l\u0103toresc des cu standurile lor.<br \/>\nCe include setul?     <\/p>\n<p>Profiluri pentru cadrul multiframe<\/p>\n<p>Specifica\u021bii tehnice:<\/p>\n<p>Material: Aliaj de aluminiu durabil \u0219i u\u0219or, rezistent la deteriorare,<\/p>\n<p>Asamblare: F\u0103r\u0103 scule, rapid \u0219i intuitiv,<\/p>\n<p>Compatibilitate: Se potrive\u0219te tuturor cadrelor \u0219i componentelor multiframe.<\/p>\n","protected":false},"excerpt":{"rendered":"<p>De ce s\u0103 alege\u021bi profilele pentru cadrul multiframe? Durabilitate pentru ani de zileProfilele pentru cadrul multiframe sunt fabricate din material durabil, rezistent la deterior\u0103ri mecanice, asigur\u00e2nd o utilizare de lung\u0103 durat\u0103. Indiferent de c\u00e2t de des utiliza\u021bi standul, aceste profile garanteaz\u0103 stabilitatea \u0219i durabilitatea structurii, ceea ce este deosebit de important pentru asamblarea \u0219i dezasamblarea [&hellip;]<\/p>\n","protected":false},"featured_media":0,"comment_status":"closed","ping_status":"open","template":"","meta":{"_seopress_robots_primary_cat":"","_seopress_titles_title":"","_seopress_titles_desc":"","_seopress_robots_index":"","inline_featured_image":false},"product_brand":[],"product_cat":[289,1530,1483],"product_tag":[],"class_list":{"0":"post-20379","1":"product","2":"type-product","3":"status-publish","5":"product_cat-standuri-de-expozitie","6":"product_cat-extensie-pentru-stalp-vertical-multiframe","7":"product_cat-multiframe-sistem-expozitional-modular-ro","9":"first","10":"instock","11":"purchasable","12":"product-type-simple"},"_links":{"self":[{"href":"https:\/\/expovision.ro\/ro\/wp-json\/wp\/v2\/product\/20379","targetHints":{"allow":["GET"]}}],"collection":[{"href":"https:\/\/expovision.ro\/ro\/wp-json\/wp\/v2\/product"}],"about":[{"href":"https:\/\/expovision.ro\/ro\/wp-json\/wp\/v2\/types\/product"}],"replies":[{"embeddable":true,"href":"https:\/\/expovision.ro\/ro\/wp-json\/wp\/v2\/comments?post=20379"}],"wp:attachment":[{"href":"https:\/\/expovision.ro\/ro\/wp-json\/wp\/v2\/media?parent=20379"}],"wp:term":[{"taxonomy":"product_brand","embeddable":true,"href":"https:\/\/expovision.ro\/ro\/wp-json\/wp\/v2\/product_brand?post=20379"},{"taxonomy":"product_cat","embeddable":true,"href":"https:\/\/expovision.ro\/ro\/wp-json\/wp\/v2\/product_cat?post=20379"},{"taxonomy":"product_tag","embeddable":true,"href":"https:\/\/expovision.ro\/ro\/wp-json\/wp\/v2\/product_tag?post=20379"}],"curies":[{"name":"wp","href":"https:\/\/api.w.org\/{rel}","templated":true}]}}