{"id":20292,"date":"2025-10-03T12:56:23","date_gmt":"2025-10-03T09:56:23","guid":{"rendered":"https:\/\/expovision.ro\/product\/multiframe-straight-connector-storage-room\/"},"modified":"2025-09-29T02:44:38","modified_gmt":"2025-09-28T23:44:38","slug":"multiframe-straight-connector-storage-room","status":"publish","type":"product","link":"https:\/\/expovision.ro\/ro\/produs\/multiframe-straight-connector-storage-room\/","title":{"rendered":"Multiframe straight connector storage room"},"content":{"rendered":"<p>Why choose connectors and accessories for the Multiframe system?<br \/>\nConexiuni solideConectorii Multiframe asigur\u0103 conexiuni sigure \u0219i durabile \u00eentre module, cresc\u00e2nd stabilitatea structurii, indiferent de dimensiunea \u0219i complexitatea acesteia. Acest lucru asigur\u0103 siguran\u021ba standului \u0219i un aspect profesional.<br \/>\nU\u0219urin\u021ba asambl\u0103riiAccesoriile sunt proiectate pentru o asamblare rapid\u0103, f\u0103r\u0103 a fi nevoie de unelte specializate. Acest lucru permite montarea eficient\u0103 a standului, economisind timp \u0219i efort.<br \/>\nVersatilitateAccesoriile disponibile, cum ar fi capacele, panourile suspendate \u0219i alte elemente, ofer\u0103 o gam\u0103 larg\u0103 de aplica\u021bii pentru adaptarea standului la nevoile specifice. Acest lucru permite o utilizare \u0219i mai bun\u0103 a spa\u021biului expozi\u021bional.<br \/>\nCe include setul?   <\/p>\n<p>Connectors for Multiframe frames,<\/p>\n<p>Accesorii de montare \u0219i manual de utilizare.<\/p>\n","protected":false},"excerpt":{"rendered":"<p>Why choose connectors and accessories for the Multiframe system? Conexiuni solideConectorii Multiframe asigur\u0103 conexiuni sigure \u0219i durabile \u00eentre module, cresc\u00e2nd stabilitatea structurii, indiferent de dimensiunea \u0219i complexitatea acesteia. Acest lucru asigur\u0103 siguran\u021ba standului \u0219i un aspect profesional. U\u0219urin\u021ba asambl\u0103riiAccesoriile sunt proiectate pentru o asamblare rapid\u0103, f\u0103r\u0103 a fi nevoie de unelte specializate. Acest lucru permite [&hellip;]<\/p>\n","protected":false},"featured_media":0,"comment_status":"closed","ping_status":"open","template":"","meta":{"_seopress_robots_primary_cat":"","_seopress_titles_title":"","_seopress_titles_desc":"","_seopress_robots_index":"","inline_featured_image":false},"product_brand":[],"product_cat":[289,1529,1483],"product_tag":[],"class_list":{"0":"post-20292","1":"product","2":"type-product","3":"status-publish","5":"product_cat-standuri-de-expozitie","6":"product_cat-conector-drept-pentru-spatiu-de-depozitare-multiframe","7":"product_cat-multiframe-sistem-expozitional-modular-ro","9":"first","10":"instock","11":"purchasable","12":"product-type-simple"},"_links":{"self":[{"href":"https:\/\/expovision.ro\/ro\/wp-json\/wp\/v2\/product\/20292","targetHints":{"allow":["GET"]}}],"collection":[{"href":"https:\/\/expovision.ro\/ro\/wp-json\/wp\/v2\/product"}],"about":[{"href":"https:\/\/expovision.ro\/ro\/wp-json\/wp\/v2\/types\/product"}],"replies":[{"embeddable":true,"href":"https:\/\/expovision.ro\/ro\/wp-json\/wp\/v2\/comments?post=20292"}],"wp:attachment":[{"href":"https:\/\/expovision.ro\/ro\/wp-json\/wp\/v2\/media?parent=20292"}],"wp:term":[{"taxonomy":"product_brand","embeddable":true,"href":"https:\/\/expovision.ro\/ro\/wp-json\/wp\/v2\/product_brand?post=20292"},{"taxonomy":"product_cat","embeddable":true,"href":"https:\/\/expovision.ro\/ro\/wp-json\/wp\/v2\/product_cat?post=20292"},{"taxonomy":"product_tag","embeddable":true,"href":"https:\/\/expovision.ro\/ro\/wp-json\/wp\/v2\/product_tag?post=20292"}],"curies":[{"name":"wp","href":"https:\/\/api.w.org\/{rel}","templated":true}]}}