{"id":20229,"date":"2025-10-03T12:58:52","date_gmt":"2025-10-03T09:58:52","guid":{"rendered":"https:\/\/expovision.ro\/product\/mframe-i-connector-with-adjustable-length-180\/"},"modified":"2025-09-29T02:49:42","modified_gmt":"2025-09-28T23:49:42","slug":"mframe-i-connector-with-adjustable-length-180","status":"publish","type":"product","link":"https:\/\/expovision.ro\/ro\/produs\/mframe-i-connector-with-adjustable-length-180\/","title":{"rendered":"mFrame I-connector with adjustable length 180\u00b0"},"content":{"rendered":"<p>Care sunt beneficiile conectorilor mFrame \u00een form\u0103 de I?<br \/>\nConexiune stabil\u0103<br \/>\nConectorii mFrame \u00een form\u0103 de I asigur\u0103 conexiuni sigure \u0219i securizate ale cadrelor \u00een linie dreapt\u0103, permi\u021b\u00e2nd construirea unor structuri mai mari f\u0103r\u0103 a compromite stabilitatea acestora.<br \/>\nInstalare rapid\u0103<br \/>\nConectorii mFrame \u00een form\u0103 de I permit instalarea rapid\u0103, f\u0103r\u0103 unelte, simplific\u00e2nd procesul de construc\u021bie a standului.<br \/>\nCompatibilitate cu sistemul mFrame<br \/>\nConectorii \u00een form\u0103 de I sunt complet compatibili cu alte module ale sistemului mFrame, permi\u021b\u00e2nd ajust\u0103ri flexibile ale structurii \u00een func\u021bie de cerin\u021bele utilizatorului.<br \/>\n\u00cen magazinul nostru, sunt disponibile cinci tipuri de conectori mFrame \u00een form\u0103 de I, care difer\u0103 \u00een func\u021bie de lungime: 2, 4, 6, 12 pini \u0219i un conector cu spa\u021biere reglabil\u0103. Aceste op\u021biuni v\u0103 permit s\u0103 v\u0103 adapta\u021bi structura la nevoi \u0219i cerin\u021be specifice.<br \/>\nCe include setul? <\/p>\n<p>I-shaped mFrame connectors,<\/p>\n<p>Manual de instalare.<\/p>\n<p>Specifica\u021bii tehnice:<\/p>\n<p>Material: o\u021bel inoxidabil,<\/p>\n<p>Instalare f\u0103r\u0103 scule,<\/p>\n<p>Compatibility with the mFrame system.<\/p>\n","protected":false},"excerpt":{"rendered":"<p>Care sunt beneficiile conectorilor mFrame \u00een form\u0103 de I? Conexiune stabil\u0103 Conectorii mFrame \u00een form\u0103 de I asigur\u0103 conexiuni sigure \u0219i securizate ale cadrelor \u00een linie dreapt\u0103, permi\u021b\u00e2nd construirea unor structuri mai mari f\u0103r\u0103 a compromite stabilitatea acestora. Instalare rapid\u0103 Conectorii mFrame \u00een form\u0103 de I permit instalarea rapid\u0103, f\u0103r\u0103 unelte, simplific\u00e2nd procesul de construc\u021bie [&hellip;]<\/p>\n","protected":false},"featured_media":25878,"comment_status":"closed","ping_status":"open","template":"","meta":{"_seopress_robots_primary_cat":"","_seopress_titles_title":"","_seopress_titles_desc":"","_seopress_robots_index":"","inline_featured_image":false},"product_brand":[],"product_cat":[1052,289,1567],"product_tag":[],"class_list":{"0":"post-20229","1":"product","2":"type-product","3":"status-publish","4":"has-post-thumbnail","6":"product_cat-mframe-sistem-expozitional-modular","7":"product_cat-standuri-de-expozitie","8":"product_cat-conector-i-cu-lungime-reglabila-180-mframe","10":"first","11":"instock","12":"purchasable","13":"product-type-simple"},"_links":{"self":[{"href":"https:\/\/expovision.ro\/ro\/wp-json\/wp\/v2\/product\/20229","targetHints":{"allow":["GET"]}}],"collection":[{"href":"https:\/\/expovision.ro\/ro\/wp-json\/wp\/v2\/product"}],"about":[{"href":"https:\/\/expovision.ro\/ro\/wp-json\/wp\/v2\/types\/product"}],"replies":[{"embeddable":true,"href":"https:\/\/expovision.ro\/ro\/wp-json\/wp\/v2\/comments?post=20229"}],"wp:featuredmedia":[{"embeddable":true,"href":"https:\/\/expovision.ro\/ro\/wp-json\/wp\/v2\/media\/25878"}],"wp:attachment":[{"href":"https:\/\/expovision.ro\/ro\/wp-json\/wp\/v2\/media?parent=20229"}],"wp:term":[{"taxonomy":"product_brand","embeddable":true,"href":"https:\/\/expovision.ro\/ro\/wp-json\/wp\/v2\/product_brand?post=20229"},{"taxonomy":"product_cat","embeddable":true,"href":"https:\/\/expovision.ro\/ro\/wp-json\/wp\/v2\/product_cat?post=20229"},{"taxonomy":"product_tag","embeddable":true,"href":"https:\/\/expovision.ro\/ro\/wp-json\/wp\/v2\/product_tag?post=20229"}],"curies":[{"name":"wp","href":"https:\/\/api.w.org\/{rel}","templated":true}]}}