{"id":19794,"date":"2025-10-03T12:21:12","date_gmt":"2025-10-03T09:21:12","guid":{"rendered":"https:\/\/expovision.ro\/product\/adwall-smart-curbat-4x3\/"},"modified":"2025-05-01T14:55:53","modified_gmt":"2025-05-01T11:55:53","slug":"adwall-smart-curbat-4x3","status":"publish","type":"product","link":"https:\/\/expovision.ro\/ro\/produs\/adwall-smart-curbat-4x3\/","title":{"rendered":"adWall Smart curbat 4&#215;3"},"content":{"rendered":"<p>Aplica\u021bii ale peretelui curbat adWall Smart<br \/>\nPeretele curbat pop-up Smart poate fi utilizat la diverse evenimente, at\u00e2t la sediul companiei dvs., c\u00e2t \u0219i \u00een exterior. Descoperi\u021bi cum s\u0103 utiliza\u021bi cel mai bine acest sistem expozi\u021bional. <\/p>\n<p>Element de stand publicitar: Peretele magnetic serve\u0219te drept fundal pentru standul companiei dvs. la t\u00e2rguri sau alte evenimente promo\u021bionale. \u00cent\u0103ririle transversale extinse \u00eent\u0103resc structura, asigur\u00e2nd stabilitatea chiar \u0219i atunci c\u00e2nd o mul\u021bime de poten\u021biali clien\u021bi se adun\u0103 \u00een jurul standului. <\/p>\n<p>Stand promo\u021bional: AdWall Smart Curved vine cu o geant\u0103 de transport. Dup\u0103 montarea peretelui, pute\u021bi plasa carcasa \u00een pozi\u021bie vertical\u0103 \u0219i o pute\u021bi folosi ca tejghea. \u00cen acest fel, crea\u021bi un stand promo\u021bional complet \u0219i profesional.  <\/p>\n<p>Decora\u021biuni de birou: Peretele curbat pop-up poate fi utilizat \u0219i la sediul companiei dvs. \u00cel pute\u021bi amplasa \u00een zona de recep\u021bie pentru a \u00eent\u00e2mpina oaspe\u021bii de la intrare sau \u00een sala de conferin\u021be pentru a crea un fundal pentru angaja\u021bii care vorbesc. <\/p>\n<p>Principalele avantaje ale peretelui magnetic<br \/>\nConstruc\u021bie stabil\u0103<br \/>\nAdWall Smart Curved are un design inovator. Mecanismul s\u0103u de auto-blocare faciliteaz\u0103 asamblarea \u0219i dezasamblarea, asigur\u00e2nd \u00een acela\u0219i timp stabilitatea peretelui. Cadrul, sus\u021binut de \u00eent\u0103rituri transversale, este fabricat din aluminiu tras &#8211; un material durabil \u0219i u\u0219or.<br \/>\nGrafic\u0103 de \u00eenalt\u0103 calitate<br \/>\nPrinturile pentru perete sunt realizate pe material PVC. Aceste printuri sunt caracterizate de rezolu\u021bie \u00eenalt\u0103 \u0219i reproducere excelent\u0103 a culorilor. Ele nu las\u0103 s\u0103 treac\u0103 lumina \u0219i nu reflect\u0103 str\u0103lucirea. Printurile sunt montate pe benzi magnetice, facilit\u00e2nd instalarea \u0219i asigur\u00e2nd aderen\u021ba precis\u0103 a graficii la structur\u0103.<br \/>\nEfect 3D<br \/>\nPeretele magnetic este construit pe o baz\u0103 arcuit\u0103, ie\u0219ind \u00een eviden\u021b\u0103 fa\u021b\u0103 de sistemele expozi\u021bionale clasice, drepte. Laturile rotunjite, acoperite \u00een \u00eentregime cu print, creeaz\u0103 un efect 3D. Ca urmare, peretele devine nu numai un fundal, ci \u0219i un spa\u021biu publicitar.<br \/>\nOp\u021biuni de personalizare<br \/>\nPeretele pop-up curbat este disponibil \u00een dou\u0103 dimensiuni. Pute\u021bi ajusta l\u0103\u021bimea acestuia la nevoile standului dvs. \u00cen plus, pute\u021bi echipa peretele cu iluminare LED. Cutia de transport inclus\u0103 poate fi utilizat\u0103 cu u\u0219urin\u021b\u0103 ca un contor. Toate acestea v\u0103 permit s\u0103 crea\u021bi un stand publicitar unic cu un singur produs.           <\/p>\n","protected":false},"excerpt":{"rendered":"<p>Aplica\u021bii ale peretelui curbat adWall Smart Peretele curbat pop-up Smart poate fi utilizat la diverse evenimente, at\u00e2t la sediul companiei dvs., c\u00e2t \u0219i \u00een exterior. Descoperi\u021bi cum s\u0103 utiliza\u021bi cel mai bine acest sistem expozi\u021bional. Element de stand publicitar: Peretele magnetic serve\u0219te drept fundal pentru standul companiei dvs. la t\u00e2rguri sau alte evenimente promo\u021bionale. \u00cent\u0103ririle [&hellip;]<\/p>\n","protected":false},"featured_media":25179,"comment_status":"closed","ping_status":"open","template":"","meta":{"_seopress_robots_primary_cat":"","_seopress_titles_title":"","_seopress_titles_desc":"","_seopress_robots_index":"","inline_featured_image":false},"product_brand":[],"product_cat":[1148,1474,1471],"product_tag":[],"class_list":{"0":"post-19794","1":"product","2":"type-product","3":"status-publish","4":"has-post-thumbnail","6":"product_cat-panouri-de-prezentare","7":"product_cat-adwall-smart-curbat","8":"product_cat-panouri-pop-up-de-prezentare","10":"first","11":"instock","12":"purchasable","13":"product-type-simple"},"_links":{"self":[{"href":"https:\/\/expovision.ro\/ro\/wp-json\/wp\/v2\/product\/19794","targetHints":{"allow":["GET"]}}],"collection":[{"href":"https:\/\/expovision.ro\/ro\/wp-json\/wp\/v2\/product"}],"about":[{"href":"https:\/\/expovision.ro\/ro\/wp-json\/wp\/v2\/types\/product"}],"replies":[{"embeddable":true,"href":"https:\/\/expovision.ro\/ro\/wp-json\/wp\/v2\/comments?post=19794"}],"wp:featuredmedia":[{"embeddable":true,"href":"https:\/\/expovision.ro\/ro\/wp-json\/wp\/v2\/media\/25179"}],"wp:attachment":[{"href":"https:\/\/expovision.ro\/ro\/wp-json\/wp\/v2\/media?parent=19794"}],"wp:term":[{"taxonomy":"product_brand","embeddable":true,"href":"https:\/\/expovision.ro\/ro\/wp-json\/wp\/v2\/product_brand?post=19794"},{"taxonomy":"product_cat","embeddable":true,"href":"https:\/\/expovision.ro\/ro\/wp-json\/wp\/v2\/product_cat?post=19794"},{"taxonomy":"product_tag","embeddable":true,"href":"https:\/\/expovision.ro\/ro\/wp-json\/wp\/v2\/product_tag?post=19794"}],"curies":[{"name":"wp","href":"https:\/\/api.w.org\/{rel}","templated":true}]}}