{"id":19769,"date":"2025-10-03T11:06:02","date_gmt":"2025-10-03T08:06:02","guid":{"rendered":"https:\/\/expovision.ro\/product\/print-only-adtribune-shell\/"},"modified":"2025-05-01T14:57:23","modified_gmt":"2025-05-01T11:57:23","slug":"print-only-adtribune-shell","status":"publish","type":"product","link":"https:\/\/expovision.ro\/ro\/produs\/print-only-adtribune-shell\/","title":{"rendered":"Print-only adTribune Shell"},"content":{"rendered":"<p>Unde sunt cel mai bine utilizate contoarele promo\u021bionale?  <\/p>\n<p>Evenimente promo\u021bionale: adTribune Shell permite gestionarea eficient\u0103 a spa\u021biului promo\u021bional cu patru rafturi interne unde pute\u021bi depozita materiale suplimentare.  <\/p>\n<p>Expozi\u021bii comerciale: contoarele promo\u021bionale ofer\u0103 un spa\u021biu publicitar mare \u0219i rafturi func\u021bionale pentru expunerea produselor. Construc\u021bia robust\u0103 \u0219i u\u0219urin\u021ba de asamblare fac din acestea un produs excelent pentru evenimentele dinamice din cadrul t\u00e2rgurilor comerciale.   <\/p>\n<p>Conferin\u021be: capacitatea de a plia \u0219i desf\u0103\u0219ura rapid adTribune Shell \u00eentr-o valiz\u0103 cu ro\u021bi asigur\u0103 transportul \u0219i depozitarea convenabile, ceea ce se dovede\u0219te util \u00een timpul conferin\u021belor.<\/p>\n<p>Avantajele modelului adTribune Shell<br \/>\nPrin alegerea adTribune Shell, investi\u021bi \u00eentr-un produs multifunc\u021bional care ofer\u0103 nu numai un spa\u021biu publicitar mare, ci \u0219i u\u0219urin\u021b\u0103 \u00een utilizare.<br \/>\nForm\u0103 unic\u0103<br \/>\nUna dintre caracteristicile unice ale adTribune Shell este posibilitatea de a-l plia \u00eentr-o valiz\u0103 cu ro\u021bi. Aceasta este o solu\u021bie mobil\u0103 \u0219i practic\u0103. \u00cen plus, cele patru rafturi interne ofer\u0103 spa\u021biu suplimentar pentru depozitarea materialelor \u0219i produselor promo\u021bionale, ceea ce este deosebit de util \u00een timpul evenimentelor.<br \/>\nConstruc\u021bie robust\u0103<br \/>\nStructura tejghelei promo\u021bionale este realizat\u0103 din material PCV de cea mai \u00eenalt\u0103 calitate, ceea ce asigur\u0103 durabilitatea produsului. Partea superioar\u0103 \u0219i rafturile sunt realizate din panouri solide de mobilier. Contorul de dimensiuni mari ofer\u0103 o suprafa\u021b\u0103 publicitar\u0103 semnificativ\u0103, permi\u021b\u00e2nd o prezentare eficient\u0103 a brandului \u0219i a produselor dvs.<br \/>\nAsamblare intuitiv\u0103<br \/>\nAsamblarea adTribune Shell este intuitiv\u0103 \u0219i f\u0103r\u0103 unelte. Necesit\u0103 timp \u0219i efort minime \u00een timpul preg\u0103tirii evenimentului. Dup\u0103 eveniment, tejgheaua poate fi pliat\u0103 \u00eentr-o valiz\u0103 cu ro\u021bi, fiind u\u0219or de transportat \u0219i depozitat.<br \/>\nCe este inclus \u00een set?      <\/p>\n<p>Contor PCV, pliabil \u00eentr-o valiz\u0103 cu ro\u021bi,<\/p>\n<p>partea superioar\u0103 \u0219i rafturile sunt realizate din panouri de mobil\u0103,<\/p>\n<p>grafic\u0103 imprimat\u0103 pe folie, securizat\u0103 cu laminat.<\/p>\n","protected":false},"excerpt":{"rendered":"<p>Unde sunt cel mai bine utilizate contoarele promo\u021bionale? Evenimente promo\u021bionale: adTribune Shell permite gestionarea eficient\u0103 a spa\u021biului promo\u021bional cu patru rafturi interne unde pute\u021bi depozita materiale suplimentare. Expozi\u021bii comerciale: contoarele promo\u021bionale ofer\u0103 un spa\u021biu publicitar mare \u0219i rafturi func\u021bionale pentru expunerea produselor. Construc\u021bia robust\u0103 \u0219i u\u0219urin\u021ba de asamblare fac din acestea un produs excelent pentru [&hellip;]<\/p>\n","protected":false},"featured_media":24270,"comment_status":"closed","ping_status":"open","template":"","meta":{"_seopress_robots_primary_cat":"","_seopress_titles_title":"","_seopress_titles_desc":"","_seopress_robots_index":"","inline_featured_image":false},"product_brand":[],"product_cat":[1454,84,1443],"product_tag":[],"class_list":{"0":"post-19769","1":"product","2":"type-product","3":"status-publish","4":"has-post-thumbnail","6":"product_cat-adtribune-shell-ro-2","7":"product_cat-standuri","8":"product_cat-standuri-clasice-ro-2","10":"first","11":"instock","12":"purchasable","13":"product-type-simple"},"_links":{"self":[{"href":"https:\/\/expovision.ro\/ro\/wp-json\/wp\/v2\/product\/19769","targetHints":{"allow":["GET"]}}],"collection":[{"href":"https:\/\/expovision.ro\/ro\/wp-json\/wp\/v2\/product"}],"about":[{"href":"https:\/\/expovision.ro\/ro\/wp-json\/wp\/v2\/types\/product"}],"replies":[{"embeddable":true,"href":"https:\/\/expovision.ro\/ro\/wp-json\/wp\/v2\/comments?post=19769"}],"wp:featuredmedia":[{"embeddable":true,"href":"https:\/\/expovision.ro\/ro\/wp-json\/wp\/v2\/media\/24270"}],"wp:attachment":[{"href":"https:\/\/expovision.ro\/ro\/wp-json\/wp\/v2\/media?parent=19769"}],"wp:term":[{"taxonomy":"product_brand","embeddable":true,"href":"https:\/\/expovision.ro\/ro\/wp-json\/wp\/v2\/product_brand?post=19769"},{"taxonomy":"product_cat","embeddable":true,"href":"https:\/\/expovision.ro\/ro\/wp-json\/wp\/v2\/product_cat?post=19769"},{"taxonomy":"product_tag","embeddable":true,"href":"https:\/\/expovision.ro\/ro\/wp-json\/wp\/v2\/product_tag?post=19769"}],"curies":[{"name":"wp","href":"https:\/\/api.w.org\/{rel}","templated":true}]}}