{"id":19760,"date":"2025-10-03T11:06:23","date_gmt":"2025-10-03T08:06:23","guid":{"rendered":"https:\/\/expovision.ro\/product\/print-only-adtribune-shell-2in1\/"},"modified":"2025-05-01T14:57:25","modified_gmt":"2025-05-01T11:57:25","slug":"print-only-adtribune-shell-2in1","status":"publish","type":"product","link":"https:\/\/expovision.ro\/ro\/produs\/print-only-adtribune-shell-2in1\/","title":{"rendered":"Print-only adTribune Shell 2in1"},"content":{"rendered":"<p>Care este cel mai bun loc pentru a utiliza un contor promo\u021bional?  <\/p>\n<p>Expozi\u021bii comerciale: adTribune Shell 2in1 are o zon\u0103 mare de afi\u0219are, valoroas\u0103 \u00een timpul particip\u0103rii la expozi\u021bii comerciale. Opt rafturi permit depozitarea materialelor de marketing suplimentare, iar construc\u021bia solid\u0103 asigur\u0103 stabilitatea tejghelei.   <\/p>\n<p>Evenimente promo\u021bionale: contorul promo\u021bional, care se pliaz\u0103 \u00eentr-o valiz\u0103, permite transportul u\u0219or \u0219i configurarea rapid\u0103 a standului, \u00een timp ce imprim\u0103rile interschimbabile v\u0103 permit s\u0103 ajusta\u021bi grafica pentru diferite campanii.  <\/p>\n<p>Conferin\u021be: la conferin\u021be, adTribune Shell 2in1 ofer\u0103 o sta\u021bie profesional\u0103 pentru prezentarea produselor \u0219i a materialelor informative.<\/p>\n<p>Advantages of the adTribune Shell 2in1 Model<br \/>\nBy choosing adTribune Shell 2in1, you gain a solid, large, and mobile promotional counter that effectively highlights your brand at any event.<br \/>\nCounter Folding into a Suitcase<br \/>\nAdTribune Shell 2in1 folds into two wheeled suitcases. This solution provides exceptional mobility, which is particularly important during frequent location changes at various events. Once folded, transporting and storing the counter becomes extremely convenient.<br \/>\nLarge Advertising Surface<br \/>\nThe adTribune Shell 2in1 model is one of the largest counters available on the market. The large display space allows for an effective presentation of products, attracting the attention of potential customers.<br \/>\nTool-Free Assembly<br \/>\nThe assembly of the counter is intuitive and does not requires any tools. You simply unfold the two suitcases and place the furniture board top on them. Additionally, the velcro-attached prints can be replaced with new ones after the promotion period ends.<br \/>\nWhat does the set include?     <\/p>\n<p>contra pliere \u00een dou\u0103 valize cu ro\u021bi,<\/p>\n<p>partea superioar\u0103 \u0219i rafturile sunt realizate din panouri de mobil\u0103,<\/p>\n<p>imprimare securizat\u0103 cu laminat.<\/p>\n","protected":false},"excerpt":{"rendered":"<p>Care este cel mai bun loc pentru a utiliza un contor promo\u021bional? Expozi\u021bii comerciale: adTribune Shell 2in1 are o zon\u0103 mare de afi\u0219are, valoroas\u0103 \u00een timpul particip\u0103rii la expozi\u021bii comerciale. Opt rafturi permit depozitarea materialelor de marketing suplimentare, iar construc\u021bia solid\u0103 asigur\u0103 stabilitatea tejghelei. Evenimente promo\u021bionale: contorul promo\u021bional, care se pliaz\u0103 \u00eentr-o valiz\u0103, permite transportul [&hellip;]<\/p>\n","protected":false},"featured_media":24292,"comment_status":"closed","ping_status":"open","template":"","meta":{"_seopress_robots_primary_cat":"","_seopress_titles_title":"","_seopress_titles_desc":"","_seopress_robots_index":"","inline_featured_image":false},"product_brand":[],"product_cat":[1454,84,1443],"product_tag":[],"class_list":{"0":"post-19760","1":"product","2":"type-product","3":"status-publish","4":"has-post-thumbnail","6":"product_cat-adtribune-shell-ro-2","7":"product_cat-standuri","8":"product_cat-standuri-clasice-ro-2","10":"first","11":"instock","12":"purchasable","13":"product-type-simple"},"_links":{"self":[{"href":"https:\/\/expovision.ro\/ro\/wp-json\/wp\/v2\/product\/19760","targetHints":{"allow":["GET"]}}],"collection":[{"href":"https:\/\/expovision.ro\/ro\/wp-json\/wp\/v2\/product"}],"about":[{"href":"https:\/\/expovision.ro\/ro\/wp-json\/wp\/v2\/types\/product"}],"replies":[{"embeddable":true,"href":"https:\/\/expovision.ro\/ro\/wp-json\/wp\/v2\/comments?post=19760"}],"wp:featuredmedia":[{"embeddable":true,"href":"https:\/\/expovision.ro\/ro\/wp-json\/wp\/v2\/media\/24292"}],"wp:attachment":[{"href":"https:\/\/expovision.ro\/ro\/wp-json\/wp\/v2\/media?parent=19760"}],"wp:term":[{"taxonomy":"product_brand","embeddable":true,"href":"https:\/\/expovision.ro\/ro\/wp-json\/wp\/v2\/product_brand?post=19760"},{"taxonomy":"product_cat","embeddable":true,"href":"https:\/\/expovision.ro\/ro\/wp-json\/wp\/v2\/product_cat?post=19760"},{"taxonomy":"product_tag","embeddable":true,"href":"https:\/\/expovision.ro\/ro\/wp-json\/wp\/v2\/product_tag?post=19760"}],"curies":[{"name":"wp","href":"https:\/\/api.w.org\/{rel}","templated":true}]}}