{"id":19752,"date":"2025-10-03T11:06:40","date_gmt":"2025-10-03T08:06:40","guid":{"rendered":"https:\/\/expovision.ro\/product\/print-only-adtribune-standard\/"},"modified":"2025-05-01T10:50:43","modified_gmt":"2025-05-01T07:50:43","slug":"print-only-adtribune-standard","status":"publish","type":"product","link":"https:\/\/expovision.ro\/ro\/produs\/print-only-adtribune-standard\/","title":{"rendered":"Print-only adTribune Standard"},"content":{"rendered":"<p>Unde s\u0103 utiliza\u021bi cel mai bine adTribune Standard?<\/p>\n<p>T\u00e2rguri comerciale: adTribune Standard este o solu\u021bie excelent\u0103 pentru t\u00e2rguri comerciale. Imprim\u0103rile interschimbabile permit adaptarea graficii la diferite evenimente, sporind func\u021bionalitatea produsului.<\/p>\n<p>Conferin\u021be: la conferin\u021be, ghi\u0219eul creeaz\u0103 un spa\u021biu profesional pentru prezentarea materialelor.<\/p>\n<p>Recep\u021bie: adTribune Standard poate servi ca un ghi\u0219eu de recep\u021bie elegant, deosebit de potrivit pentru spa\u021biile mici.<\/p>\n<p>Trade Fair Counter &#8211; advantages<br \/>\nBy choosing adTribune Standard, you gain a versatile tool that will facilitate the organization of any event.<br \/>\nIntuitive assembly<br \/>\nThe adTribune Standard counter features quick and easy assembly. Printed graphics are pre-placed in aluminum frames, allowing for immediate booth preparation.  Pur \u0219i simplu scoate\u021bi blatul din sacul de transport, desf\u0103\u0219ura\u021bi p\u0103r\u021bile laterale ale structurii \u0219i bloca\u021bi-le cu raftul \u0219i blatul. Acest lucru economise\u0219te timp pre\u021bios \u00een timpul evenimentului.<br \/>\nConstruc\u021bie solid\u0103<br \/>\nConstruc\u021bia adTribune Standard este realizat\u0103 din profile de aluminiu anodizat, asigur\u00e2nd durabilitate \u0219i u\u0219urin\u021b\u0103. Blatul \u0219i raftul realizate din panouri de mobilier durabile confer\u0103 tejghea soliditate, iar laminarea suplimentar\u0103 a elementelor grafice le protejeaz\u0103 de deteriorare.<br \/>\nPrinturi interschimbabile<br \/>\nSistemul de schimb de printuri permite personalizarea u\u0219oar\u0103 a aspectului tejghelei pentru diferite evenimente \u0219i campanii publicitare. Acest lucru face ca un instrument s\u0103 poat\u0103 fi utilizat de mai multe ori. Este o solu\u021bie practic\u0103 \u0219i economic\u0103 care v\u0103 va fi util\u0103 pentru o perioad\u0103 lung\u0103 de timp.<br \/>\nCe este inclus \u00een set?<\/p>\n<p>construc\u021bie din aluminiu,<\/p>\n<p>blat \u0219i raft realizate din panouri de mobil\u0103,<\/p>\n<p>film imprimat, securizat cu laminat,<\/p>\n<p>geant\u0103 de transport.<\/p>\n","protected":false},"excerpt":{"rendered":"<p>Unde s\u0103 utiliza\u021bi cel mai bine adTribune Standard? T\u00e2rguri comerciale: adTribune Standard este o solu\u021bie excelent\u0103 pentru t\u00e2rguri comerciale. Imprim\u0103rile interschimbabile permit adaptarea graficii la diferite evenimente, sporind func\u021bionalitatea produsului. Conferin\u021be: la conferin\u021be, ghi\u0219eul creeaz\u0103 un spa\u021biu profesional pentru prezentarea materialelor. Recep\u021bie: adTribune Standard poate servi ca un ghi\u0219eu de recep\u021bie elegant, deosebit de potrivit [&hellip;]<\/p>\n","protected":false},"featured_media":24308,"comment_status":"closed","ping_status":"open","template":"","meta":{"_seopress_robots_primary_cat":"","_seopress_titles_title":"","_seopress_titles_desc":"","_seopress_robots_index":"","inline_featured_image":false},"product_brand":[],"product_cat":[1455,84,1443],"product_tag":[],"class_list":{"0":"post-19752","1":"product","2":"type-product","3":"status-publish","4":"has-post-thumbnail","6":"product_cat-adtribune-standard-ro","7":"product_cat-standuri","8":"product_cat-standuri-clasice-ro-2","10":"first","11":"instock","12":"purchasable","13":"product-type-simple"},"_links":{"self":[{"href":"https:\/\/expovision.ro\/ro\/wp-json\/wp\/v2\/product\/19752","targetHints":{"allow":["GET"]}}],"collection":[{"href":"https:\/\/expovision.ro\/ro\/wp-json\/wp\/v2\/product"}],"about":[{"href":"https:\/\/expovision.ro\/ro\/wp-json\/wp\/v2\/types\/product"}],"replies":[{"embeddable":true,"href":"https:\/\/expovision.ro\/ro\/wp-json\/wp\/v2\/comments?post=19752"}],"wp:featuredmedia":[{"embeddable":true,"href":"https:\/\/expovision.ro\/ro\/wp-json\/wp\/v2\/media\/24308"}],"wp:attachment":[{"href":"https:\/\/expovision.ro\/ro\/wp-json\/wp\/v2\/media?parent=19752"}],"wp:term":[{"taxonomy":"product_brand","embeddable":true,"href":"https:\/\/expovision.ro\/ro\/wp-json\/wp\/v2\/product_brand?post=19752"},{"taxonomy":"product_cat","embeddable":true,"href":"https:\/\/expovision.ro\/ro\/wp-json\/wp\/v2\/product_cat?post=19752"},{"taxonomy":"product_tag","embeddable":true,"href":"https:\/\/expovision.ro\/ro\/wp-json\/wp\/v2\/product_tag?post=19752"}],"curies":[{"name":"wp","href":"https:\/\/api.w.org\/{rel}","templated":true}]}}