{"id":19738,"date":"2025-10-03T11:08:33","date_gmt":"2025-10-03T08:08:33","guid":{"rendered":"https:\/\/expovision.ro\/product\/print-only-adfoam-cube\/"},"modified":"2025-05-01T10:50:46","modified_gmt":"2025-05-01T07:50:46","slug":"print-only-adfoam-cube","status":"publish","type":"product","link":"https:\/\/expovision.ro\/ro\/produs\/print-only-adfoam-cube\/","title":{"rendered":"Print-only adFoam Cube"},"content":{"rendered":"<p>Unde s\u0103 folosi\u021bi scaunele cub?<\/p>\n<p>Expozi\u021bii comerciale,<\/p>\n<p>festivaluri de muzic\u0103,<\/p>\n<p>picnicuri corporative,<\/p>\n<p>evenimente sportive,<\/p>\n<p>zone de relaxare la birou,<\/p>\n<p>t\u00e2rguri \u0219i festivaluri,<\/p>\n<p>centre comerciale.<\/p>\n<p>Avantajele modelului adFoam Cube<br \/>\nU\u0219or, durabil \u0219i portabil<br \/>\nCube este fabricat din spum\u0103 poliuretanic\u0103 u\u0219oar\u0103, dar extrem de durabil\u0103. Acest lucru \u00eel face u\u0219or de transportat, iar greutatea sa redus\u0103 \u0219i dimensiunile compacte asigur\u0103 un transport \u0219i o utilizare convenabile.<br \/>\nMateriale de \u00eenalt\u0103 calitate<br \/>\nCapacul modelului adFoam Cube este fabricat din \u021bes\u0103tur\u0103 potrivit\u0103 pentru utilizarea \u00een exterior. Imprimeurile sunt create prin sublimare, asigur\u00e2nd culori vii \u0219i durabilitate \u00eendelungat\u0103. \u00cen plus, oferim op\u021biunea de a comanda doar materialele grafice, permi\u021b\u00e2nd actualizarea u\u0219oar\u0103 \u0219i rentabil\u0103 a aspectului cuburilor.<br \/>\nUtilizare versatil\u0103<br \/>\nScaunul cub este un produs care func\u021bioneaz\u0103 bine \u00een diverse contexte &#8211; de la t\u00e2rguri \u0219i evenimente industriale la birouri \u0219i spa\u021bii de relaxare. Este o completare perfect\u0103 pentru publicitatea \u00een aer liber, construind \u00een acela\u0219i timp o imagine de brand pozitiv\u0103 prin faptul c\u0103 arat\u0103 c\u0103 companiei \u00eei pas\u0103 de confortul clien\u021bilor.<br \/>\nCe include setul?    <\/p>\n<p>Scaun Cube,<\/p>\n<p>copert\u0103 textil\u0103 imprimat\u0103.<\/p>\n","protected":false},"excerpt":{"rendered":"<p>Unde s\u0103 folosi\u021bi scaunele cub? Expozi\u021bii comerciale, festivaluri de muzic\u0103, picnicuri corporative, evenimente sportive, zone de relaxare la birou, t\u00e2rguri \u0219i festivaluri, centre comerciale. Avantajele modelului adFoam Cube U\u0219or, durabil \u0219i portabil Cube este fabricat din spum\u0103 poliuretanic\u0103 u\u0219oar\u0103, dar extrem de durabil\u0103. Acest lucru \u00eel face u\u0219or de transportat, iar greutatea sa redus\u0103 \u0219i [&hellip;]<\/p>\n","protected":false},"featured_media":24377,"comment_status":"closed","ping_status":"open","template":"","meta":{"_seopress_robots_primary_cat":"","_seopress_titles_title":"","_seopress_titles_desc":"","_seopress_robots_index":"","inline_featured_image":false},"product_brand":[],"product_cat":[282,322,1613],"product_tag":[],"class_list":{"0":"post-19738","1":"product","2":"type-product","3":"status-publish","4":"has-post-thumbnail","6":"product_cat-publicitate-exterior","7":"product_cat-publicitate-mobilier-spuma","8":"product_cat-adfoam-cube-ro","10":"first","11":"instock","12":"purchasable","13":"product-type-simple"},"_links":{"self":[{"href":"https:\/\/expovision.ro\/ro\/wp-json\/wp\/v2\/product\/19738","targetHints":{"allow":["GET"]}}],"collection":[{"href":"https:\/\/expovision.ro\/ro\/wp-json\/wp\/v2\/product"}],"about":[{"href":"https:\/\/expovision.ro\/ro\/wp-json\/wp\/v2\/types\/product"}],"replies":[{"embeddable":true,"href":"https:\/\/expovision.ro\/ro\/wp-json\/wp\/v2\/comments?post=19738"}],"wp:featuredmedia":[{"embeddable":true,"href":"https:\/\/expovision.ro\/ro\/wp-json\/wp\/v2\/media\/24377"}],"wp:attachment":[{"href":"https:\/\/expovision.ro\/ro\/wp-json\/wp\/v2\/media?parent=19738"}],"wp:term":[{"taxonomy":"product_brand","embeddable":true,"href":"https:\/\/expovision.ro\/ro\/wp-json\/wp\/v2\/product_brand?post=19738"},{"taxonomy":"product_cat","embeddable":true,"href":"https:\/\/expovision.ro\/ro\/wp-json\/wp\/v2\/product_cat?post=19738"},{"taxonomy":"product_tag","embeddable":true,"href":"https:\/\/expovision.ro\/ro\/wp-json\/wp\/v2\/product_tag?post=19738"}],"curies":[{"name":"wp","href":"https:\/\/api.w.org\/{rel}","templated":true}]}}