{"id":19736,"date":"2025-10-03T11:08:39","date_gmt":"2025-10-03T08:08:39","guid":{"rendered":"https:\/\/expovision.ro\/product\/sezlong-personalizat-addeck\/"},"modified":"2025-05-01T10:50:46","modified_gmt":"2025-05-01T07:50:46","slug":"sezlong-personalizat-addeck","status":"publish","type":"product","link":"https:\/\/expovision.ro\/ro\/produs\/sezlong-personalizat-addeck\/","title":{"rendered":"\u0218ezlong personalizat adDeck"},"content":{"rendered":"<p>Unde s\u0103 folosi\u021bi \u0219ezlongurile publicitare?<\/p>\n<p>Expozi\u021bii comerciale,<\/p>\n<p>festivaluri de muzic\u0103,<\/p>\n<p>evenimente sportive,<\/p>\n<p>evenimente \u00een parc,<\/p>\n<p>cinematografe \u00een aer liber,<\/p>\n<p>barurile de pe plaj\u0103 \u0219i terasele restaurantelor,<\/p>\n<p>zone de relaxare pentru birouri,<\/p>\n<p>evenimente corporative.<\/p>\n<p>Avantajele modelului adDeck<br \/>\nMetod\u0103 modern\u0103 de promovare<br \/>\n\u0218ezlongurile personalizate sunt o metod\u0103 modern\u0103 de promovare care consolideaz\u0103 \u00een mod eficient mesajele m\u0103rcii \u00een mintea consumatorilor. Oferind clien\u021bilor un loc confortabil de odihn\u0103, crea\u021bi asocia\u021bii pozitive \u0219i \u00eei \u00eencuraja\u021bi subtil s\u0103 apeleze la serviciile dvs. Pute\u021bi afi\u0219a nu numai logo-ul dvs. pe scaun, ci \u0219i informa\u021bii despre promo\u021bii, produse noi sau invita\u021bii la evenimente viitoare.<br \/>\nScaun cu logo durabil<br \/>\nScaunul adDeck este fabricat din lemn de fag de \u00eenalt\u0103 calitate, asigur\u00e2nd durabilitatea \u0219i stabilitatea scaunului. Lemnul este finisat cu aten\u021bie pentru a elimina riscul de a\u0219chii \u0219i margini aspre, garant\u00e2nd longevitatea \u0219i siguran\u021ba utilizatorului.<br \/>\nMateriale de \u00eenalt\u0103 calitate<br \/>\nCoperta adDeck este fabricat\u0103 din \u021bes\u0103tur\u0103 de poliester cu rezisten\u021b\u0103 ridicat\u0103 la condi\u021biile meteorologice. Materialul este u\u0219or de \u00eentre\u021binut, f\u0103c\u00e2nd din \u0219ezlongurile logo o alegere ideal\u0103 pentru evenimentele \u00een aer liber. Cu toate acestea, asigura\u021bi depozitarea corespunz\u0103toare \u0219i \u00eentre\u021binerea regulat\u0103 a \u0219ezlongului, \u00een special \u00een medii cu umiditate ridicat\u0103.<br \/>\nSetul include:<\/p>\n<p>\u0219ezlong personalizat (\u021bes\u0103tur\u0103 cu imprimare aplicat\u0103 pe cadru)<\/p>\n","protected":false},"excerpt":{"rendered":"<p>Unde s\u0103 folosi\u021bi \u0219ezlongurile publicitare? Expozi\u021bii comerciale, festivaluri de muzic\u0103, evenimente sportive, evenimente \u00een parc, cinematografe \u00een aer liber, barurile de pe plaj\u0103 \u0219i terasele restaurantelor, zone de relaxare pentru birouri, evenimente corporative. Avantajele modelului adDeck Metod\u0103 modern\u0103 de promovare \u0218ezlongurile personalizate sunt o metod\u0103 modern\u0103 de promovare care consolideaz\u0103 \u00een mod eficient mesajele m\u0103rcii [&hellip;]<\/p>\n","protected":false},"featured_media":24385,"comment_status":"closed","ping_status":"open","template":"","meta":{"_seopress_robots_primary_cat":"","_seopress_titles_title":"","_seopress_titles_desc":"","_seopress_robots_index":"","inline_featured_image":false},"product_brand":[],"product_cat":[282,324,1622],"product_tag":[],"class_list":{"0":"post-19736","1":"product","2":"type-product","3":"status-publish","4":"has-post-thumbnail","6":"product_cat-publicitate-exterior","7":"product_cat-sezlonguri-publicitare","8":"product_cat-addeck-personalised-deckchair-ro","10":"first","11":"instock","12":"purchasable","13":"product-type-simple"},"_links":{"self":[{"href":"https:\/\/expovision.ro\/ro\/wp-json\/wp\/v2\/product\/19736","targetHints":{"allow":["GET"]}}],"collection":[{"href":"https:\/\/expovision.ro\/ro\/wp-json\/wp\/v2\/product"}],"about":[{"href":"https:\/\/expovision.ro\/ro\/wp-json\/wp\/v2\/types\/product"}],"replies":[{"embeddable":true,"href":"https:\/\/expovision.ro\/ro\/wp-json\/wp\/v2\/comments?post=19736"}],"wp:featuredmedia":[{"embeddable":true,"href":"https:\/\/expovision.ro\/ro\/wp-json\/wp\/v2\/media\/24385"}],"wp:attachment":[{"href":"https:\/\/expovision.ro\/ro\/wp-json\/wp\/v2\/media?parent=19736"}],"wp:term":[{"taxonomy":"product_brand","embeddable":true,"href":"https:\/\/expovision.ro\/ro\/wp-json\/wp\/v2\/product_brand?post=19736"},{"taxonomy":"product_cat","embeddable":true,"href":"https:\/\/expovision.ro\/ro\/wp-json\/wp\/v2\/product_cat?post=19736"},{"taxonomy":"product_tag","embeddable":true,"href":"https:\/\/expovision.ro\/ro\/wp-json\/wp\/v2\/product_tag?post=19736"}],"curies":[{"name":"wp","href":"https:\/\/api.w.org\/{rel}","templated":true}]}}