{"id":19729,"date":"2025-10-03T11:08:52","date_gmt":"2025-10-03T08:08:52","guid":{"rendered":"https:\/\/expovision.ro\/product\/print-only-adfoam-roller-mini\/"},"modified":"2025-05-01T15:59:20","modified_gmt":"2025-05-01T12:59:20","slug":"print-only-adfoam-roller-mini","status":"publish","type":"product","link":"https:\/\/expovision.ro\/ro\/produs\/print-only-adfoam-roller-mini\/","title":{"rendered":"Print-only adFoam Roller Mini"},"content":{"rendered":"<p>Pufule\u021bul publicitar adFaom Roller Mini, datorit\u0103 formei sale cilindrice, poate \u00eendeplini diverse func\u021bii &#8211; de la scaun la m\u0103su\u021b\u0103 de cafea sau taburet pentru picioare. Imprimeul este interschimbabil, ceea ce \u00eenseamn\u0103 c\u0103 \u00eel pute\u021bi personaliza \u00een func\u021bie de nevoile dvs. \u0219i \u00eel pute\u021bi schimba \u00een func\u021bie de ocazie. Metoda sublim\u0103rii v\u0103 permite s\u0103 acoperi\u021bi pufule\u021bul cu orice design grafic, f\u0103c\u00e2ndu-l un produs publicitar versatil. Pouf-ul adFoam Roller Mini este fabricat din spum\u0103 poliuretanic\u0103 u\u0219oar\u0103, ceea ce \u00eel face u\u0219or de transportat \u0219i aranjat. Scaunul este perfect pentru diverse evenimente, de la t\u00e2rguri la promo\u021bii, spectacole \u0219i birou. Este un produs care poate servi mai multor func\u021bii \u0219i atrage \u00eentotdeauna aten\u021bia cu forma sa neobi\u0219nuit\u0103. Dac\u0103 sunte\u021bi \u00een c\u0103utarea unui mobilier publicitar care s\u0103 combine func\u021bionalitatea, confortul \u0219i personalizarea, adFoam Roller Mini va fi solu\u021bia pentru dumneavoastr\u0103.      <\/p>\n","protected":false},"excerpt":{"rendered":"<p>Pufule\u021bul publicitar adFaom Roller Mini, datorit\u0103 formei sale cilindrice, poate \u00eendeplini diverse func\u021bii &#8211; de la scaun la m\u0103su\u021b\u0103 de cafea sau taburet pentru picioare. Imprimeul este interschimbabil, ceea ce \u00eenseamn\u0103 c\u0103 \u00eel pute\u021bi personaliza \u00een func\u021bie de nevoile dvs. \u0219i \u00eel pute\u021bi schimba \u00een func\u021bie de ocazie. Metoda sublim\u0103rii v\u0103 permite s\u0103 acoperi\u021bi pufule\u021bul [&hellip;]<\/p>\n","protected":false},"featured_media":24399,"comment_status":"closed","ping_status":"open","template":"","meta":{"_seopress_robots_primary_cat":"","_seopress_titles_title":"","_seopress_titles_desc":"","_seopress_robots_index":"","inline_featured_image":false},"product_brand":[],"product_cat":[282,322,1612],"product_tag":[],"class_list":{"0":"post-19729","1":"product","2":"type-product","3":"status-publish","4":"has-post-thumbnail","6":"product_cat-publicitate-exterior","7":"product_cat-publicitate-mobilier-spuma","8":"product_cat-adfoam-roller-mini-ro","10":"first","11":"instock","12":"purchasable","13":"product-type-simple"},"_links":{"self":[{"href":"https:\/\/expovision.ro\/ro\/wp-json\/wp\/v2\/product\/19729","targetHints":{"allow":["GET"]}}],"collection":[{"href":"https:\/\/expovision.ro\/ro\/wp-json\/wp\/v2\/product"}],"about":[{"href":"https:\/\/expovision.ro\/ro\/wp-json\/wp\/v2\/types\/product"}],"replies":[{"embeddable":true,"href":"https:\/\/expovision.ro\/ro\/wp-json\/wp\/v2\/comments?post=19729"}],"wp:featuredmedia":[{"embeddable":true,"href":"https:\/\/expovision.ro\/ro\/wp-json\/wp\/v2\/media\/24399"}],"wp:attachment":[{"href":"https:\/\/expovision.ro\/ro\/wp-json\/wp\/v2\/media?parent=19729"}],"wp:term":[{"taxonomy":"product_brand","embeddable":true,"href":"https:\/\/expovision.ro\/ro\/wp-json\/wp\/v2\/product_brand?post=19729"},{"taxonomy":"product_cat","embeddable":true,"href":"https:\/\/expovision.ro\/ro\/wp-json\/wp\/v2\/product_cat?post=19729"},{"taxonomy":"product_tag","embeddable":true,"href":"https:\/\/expovision.ro\/ro\/wp-json\/wp\/v2\/product_tag?post=19729"}],"curies":[{"name":"wp","href":"https:\/\/api.w.org\/{rel}","templated":true}]}}