{"id":19727,"date":"2025-10-03T11:08:57","date_gmt":"2025-10-03T08:08:57","guid":{"rendered":"https:\/\/expovision.ro\/product\/adboard-solduri-58x100\/"},"modified":"2025-05-01T15:59:20","modified_gmt":"2025-05-01T12:59:20","slug":"adboard-solduri-58x100","status":"publish","type":"product","link":"https:\/\/expovision.ro\/ro\/produs\/adboard-solduri-58x100\/","title":{"rendered":"adBoard \u0218olduri 58&#215;100"},"content":{"rendered":"<p>Unde s\u0103 folosi\u021bi un stand informativ?<\/p>\n<p>Promo\u021bii \u00een centrele comerciale,<\/p>\n<p>restaurante \u0219i cafenele,<\/p>\n<p>informa\u021bii \u00een fa\u021ba magazinelor,<\/p>\n<p>culoarele de informare,<\/p>\n<p>t\u00e2rguri comerciale,<\/p>\n<p>conferin\u021be \u0219i seminarii,<\/p>\n<p>hoteluri,<\/p>\n<p>birouri \u0219i sedii de companii,<\/p>\n<p>galerii de art\u0103.<\/p>\n<p>Avantajele modelului adBoard Hips<br \/>\nDurabilitate \u0219i versatilitate<br \/>\nFabricat din plastic HIPS, suportul informa\u021bional asigur\u0103 o durabilitate de mul\u021bi ani. Imprimarea este aplicat\u0103 pe folie folosind tehnologia cu solvent \u0219i apoi laminat\u0103, garant\u00e2nd rezisten\u021ba la decolorare. Acest lucru \u00eenseamn\u0103 c\u0103 pute\u021bi utiliza standul pentru diverse promo\u021bii \u0219i evenimente f\u0103r\u0103 s\u0103 v\u0103 face\u021bi griji cu privire la degradarea calit\u0103\u021bii.<br \/>\nMesaj fa\u021b\u0103-verso<br \/>\nStandul adBoard Hips are grafic\u0103 fa\u021b\u0103-verso, f\u0103c\u00e2nd mesajul dvs. publicitar vizibil pentru to\u021bi privitorii. Pute\u021bi utiliza ambele fe\u021be pentru a transmite mai multe informa\u021bii sau pentru a ie\u0219i \u00een eviden\u021b\u0103 \u00een mul\u021bime.<br \/>\nConstruc\u021bie u\u0219oar\u0103<br \/>\nConstruc\u021bia adBoard Hips se caracterizeaz\u0103 prin stabilitate \u0219i lejeritate. Acest lucru permite ca standul publicitar s\u0103 fie u\u0219or mutat \u0219i montat \u00een diferite loca\u021bii. Acest lucru este deosebit de util \u00een timpul evenimentelor \u0219i t\u00e2rgurilor comerciale unde mobilitatea este crucial\u0103.<br \/>\nCe include setul?     <\/p>\n<p>Stand informativ cu imprimare.<\/p>\n","protected":false},"excerpt":{"rendered":"<p>Unde s\u0103 folosi\u021bi un stand informativ? Promo\u021bii \u00een centrele comerciale, restaurante \u0219i cafenele, informa\u021bii \u00een fa\u021ba magazinelor, culoarele de informare, t\u00e2rguri comerciale, conferin\u021be \u0219i seminarii, hoteluri, birouri \u0219i sedii de companii, galerii de art\u0103. Avantajele modelului adBoard Hips Durabilitate \u0219i versatilitate Fabricat din plastic HIPS, suportul informa\u021bional asigur\u0103 o durabilitate de mul\u021bi ani. Imprimarea este [&hellip;]<\/p>\n","protected":false},"featured_media":24403,"comment_status":"closed","ping_status":"open","template":"","meta":{"_seopress_robots_primary_cat":"","_seopress_titles_title":"","_seopress_titles_desc":"","_seopress_robots_index":"","inline_featured_image":false},"product_brand":[],"product_cat":[283,282,1627],"product_tag":[],"class_list":{"0":"post-19727","1":"product","2":"type-product","3":"status-publish","4":"has-post-thumbnail","6":"product_cat-panouri-a","7":"product_cat-publicitate-exterior","8":"product_cat-adboard-hips-ro","10":"first","11":"instock","12":"purchasable","13":"product-type-simple"},"_links":{"self":[{"href":"https:\/\/expovision.ro\/ro\/wp-json\/wp\/v2\/product\/19727","targetHints":{"allow":["GET"]}}],"collection":[{"href":"https:\/\/expovision.ro\/ro\/wp-json\/wp\/v2\/product"}],"about":[{"href":"https:\/\/expovision.ro\/ro\/wp-json\/wp\/v2\/types\/product"}],"replies":[{"embeddable":true,"href":"https:\/\/expovision.ro\/ro\/wp-json\/wp\/v2\/comments?post=19727"}],"wp:featuredmedia":[{"embeddable":true,"href":"https:\/\/expovision.ro\/ro\/wp-json\/wp\/v2\/media\/24403"}],"wp:attachment":[{"href":"https:\/\/expovision.ro\/ro\/wp-json\/wp\/v2\/media?parent=19727"}],"wp:term":[{"taxonomy":"product_brand","embeddable":true,"href":"https:\/\/expovision.ro\/ro\/wp-json\/wp\/v2\/product_brand?post=19727"},{"taxonomy":"product_cat","embeddable":true,"href":"https:\/\/expovision.ro\/ro\/wp-json\/wp\/v2\/product_cat?post=19727"},{"taxonomy":"product_tag","embeddable":true,"href":"https:\/\/expovision.ro\/ro\/wp-json\/wp\/v2\/product_tag?post=19727"}],"curies":[{"name":"wp","href":"https:\/\/api.w.org\/{rel}","templated":true}]}}