{"id":19620,"date":"2025-10-03T12:24:17","date_gmt":"2025-10-03T09:24:17","guid":{"rendered":"https:\/\/expovision.ro\/product\/adfolder-a4\/"},"modified":"2025-05-01T16:02:48","modified_gmt":"2025-05-01T13:02:48","slug":"adfolder-a4","status":"publish","type":"product","link":"https:\/\/expovision.ro\/ro\/produs\/adfolder-a4\/","title":{"rendered":"adFolder A4"},"content":{"rendered":"<p>Unde s\u0103 folosi\u021bi un stand pentru bro\u0219uri?<\/p>\n<p>Expozi\u021bii comerciale \u0219i conferin\u021be,<\/p>\n<p>recep\u021bii,<\/p>\n<p>panouri informative \u00een centrele comerciale,<\/p>\n<p>evenimente promo\u021bionale,<\/p>\n<p>hoteluri \u0219i centre de conferin\u021be,<\/p>\n<p>biblioteci \u0219i s\u0103li de lectur\u0103,<\/p>\n<p>birouri de v\u00e2nz\u0103ri,<\/p>\n<p>universit\u0103\u021bi \u0219i \u0219coli.<\/p>\n<p>Avantajele modelului adFolder<br \/>\nMateriale de \u00eenalt\u0103 calitate<br \/>\nStandul pentru bro\u0219uri adFolder este fabricat dintr-o combina\u021bie de aluminiu durabil \u0219i sticl\u0103 acrilic\u0103. Acest lucru \u00eel face nu numai elegant, ci \u0219i rezistent la deterior\u0103ri.<br \/>\nAsamblare f\u0103r\u0103 probleme<br \/>\nStandul adFolder este u\u0219or de asamblat \u0219i dezasamblat, permi\u021b\u00e2nd configurarea rapid\u0103 a standului dvs. expozi\u021bional. \u00cen plus, setul include o cutie ranforsat\u0103 care faciliteaz\u0103 transportul \u0219i depozitarea produsului.<br \/>\nVersatilitate \u0219i func\u021bionalitate<br \/>\nStandul adFolder are \u0219ase rafturi pentru bro\u0219uri, care pot fi aranjate pe ambele p\u0103r\u021bi ale standului. Acest lucru \u00eei permite s\u0103 de\u021bin\u0103 un num\u0103r mare de materiale promo\u021bionale \u00een diverse formate. Designul s\u0103u simetric permite aranjarea bro\u0219urilor pe ambele p\u0103r\u021bi ale standului.<br \/>\nCe este inclus \u00een set?    <\/p>\n<p>Suport pentru bro\u0219uri,<\/p>\n<p>geant\u0103 de transport.<\/p>\n","protected":false},"excerpt":{"rendered":"<p>Unde s\u0103 folosi\u021bi un stand pentru bro\u0219uri? Expozi\u021bii comerciale \u0219i conferin\u021be, recep\u021bii, panouri informative \u00een centrele comerciale, evenimente promo\u021bionale, hoteluri \u0219i centre de conferin\u021be, biblioteci \u0219i s\u0103li de lectur\u0103, birouri de v\u00e2nz\u0103ri, universit\u0103\u021bi \u0219i \u0219coli. Avantajele modelului adFolder Materiale de \u00eenalt\u0103 calitate Standul pentru bro\u0219uri adFolder este fabricat dintr-o combina\u021bie de aluminiu durabil \u0219i sticl\u0103 [&hellip;]<\/p>\n","protected":false},"featured_media":25271,"comment_status":"closed","ping_status":"open","template":"","meta":{"_seopress_robots_primary_cat":"","_seopress_titles_title":"","_seopress_titles_desc":"","_seopress_robots_index":"","inline_featured_image":false},"product_brand":[],"product_cat":[367,368,1439],"product_tag":[],"class_list":{"0":"post-19620","1":"product","2":"type-product","3":"status-publish","4":"has-post-thumbnail","6":"product_cat-accesorii-standuri-publicitare","7":"product_cat-suporturi-pentru-brosuri","8":"product_cat-adfolder","10":"first","11":"instock","12":"purchasable","13":"product-type-simple"},"_links":{"self":[{"href":"https:\/\/expovision.ro\/ro\/wp-json\/wp\/v2\/product\/19620","targetHints":{"allow":["GET"]}}],"collection":[{"href":"https:\/\/expovision.ro\/ro\/wp-json\/wp\/v2\/product"}],"about":[{"href":"https:\/\/expovision.ro\/ro\/wp-json\/wp\/v2\/types\/product"}],"replies":[{"embeddable":true,"href":"https:\/\/expovision.ro\/ro\/wp-json\/wp\/v2\/comments?post=19620"}],"wp:featuredmedia":[{"embeddable":true,"href":"https:\/\/expovision.ro\/ro\/wp-json\/wp\/v2\/media\/25271"}],"wp:attachment":[{"href":"https:\/\/expovision.ro\/ro\/wp-json\/wp\/v2\/media?parent=19620"}],"wp:term":[{"taxonomy":"product_brand","embeddable":true,"href":"https:\/\/expovision.ro\/ro\/wp-json\/wp\/v2\/product_brand?post=19620"},{"taxonomy":"product_cat","embeddable":true,"href":"https:\/\/expovision.ro\/ro\/wp-json\/wp\/v2\/product_cat?post=19620"},{"taxonomy":"product_tag","embeddable":true,"href":"https:\/\/expovision.ro\/ro\/wp-json\/wp\/v2\/product_tag?post=19620"}],"curies":[{"name":"wp","href":"https:\/\/api.w.org\/{rel}","templated":true}]}}