{"id":19615,"date":"2025-10-03T12:24:31","date_gmt":"2025-10-03T09:24:31","guid":{"rendered":"https:\/\/expovision.ro\/product\/adwall-edge-plus-1x3s-ssbez-wydruku\/"},"modified":"2025-05-01T16:02:22","modified_gmt":"2025-05-01T13:02:22","slug":"adwall-edge-plus-1x3s-ssbez-wydruku","status":"publish","type":"product","link":"https:\/\/expovision.ro\/ro\/produs\/adwall-edge-plus-1x3s-ssbez-wydruku\/","title":{"rendered":"adWall Edge Plus 1x3S SS(bez wydruku)"},"content":{"rendered":"<p>Aplica\u021bii ale adWall Edge<br \/>\nPeretele pop-up magnetic poate fi utilizat \u00een diverse campanii de marketing. Cum pute\u021bi utiliza pe deplin poten\u021bialul acestui produs? <\/p>\n<p>Stand promo\u021bional: Cu adWall Edge, standul companiei dvs. de la t\u00e2rguri, conferin\u021be \u0219i \u00eent\u00e2lniri industriale va c\u0103p\u0103ta un caracter profesional. O hostess sau un promoter va atrage imediat aten\u021bia poten\u021bialilor clien\u021bi pe fundalul acestuia. <\/p>\n<p>Design interior: Atunci c\u00e2nd proiecta\u021bi un birou sau un spa\u021biu de servicii, simbolurile companiei nu trebuie uitate. Prin plasarea logo-ului dvs. pe perete \u00een zona de recep\u021bie sau la intrare, consolida\u021bi imaginea m\u0103rcii \u00een mintea clien\u021bilor. <\/p>\n<p>Advantages of the Magnetic Pop-Up Wall<br \/>\nIntuitive Construction<br \/>\nThe adWall Edge is based on an accordion-style construction that should take no more than a few minutes to set up. Aluminum elements are connected with snap fasteners, making the assembly tool-free. You can transport the entire structure in the bag included with the product.<br \/>\nInterchangeable Prints<br \/>\nPrints for the adWall Edge are made on flexible polyester fabric. The sublimation printing method ensures durability and high-quality graphics. Moreover, our website offers the option to purchase the prints separately. So if you change your company&#8217;s visual identity over time or prepare a new promotional campaign, you can order materials to fit the existing structure.<br \/>\nCustomization Options<br \/>\nThe magnetic pop-up wall is available in three sizes, allowing you to easily fit it to the dimensions of your booth or office space. If you want your graphics to be illuminated, you can order an additional LED installation.      <\/p>\n","protected":false},"excerpt":{"rendered":"<p>Aplica\u021bii ale adWall Edge Peretele pop-up magnetic poate fi utilizat \u00een diverse campanii de marketing. Cum pute\u021bi utiliza pe deplin poten\u021bialul acestui produs? Stand promo\u021bional: Cu adWall Edge, standul companiei dvs. de la t\u00e2rguri, conferin\u021be \u0219i \u00eent\u00e2lniri industriale va c\u0103p\u0103ta un caracter profesional. O hostess sau un promoter va atrage imediat aten\u021bia poten\u021bialilor clien\u021bi pe [&hellip;]<\/p>\n","protected":false},"featured_media":25289,"comment_status":"closed","ping_status":"open","template":"","meta":{"_seopress_robots_primary_cat":"","_seopress_titles_title":"","_seopress_titles_desc":"","_seopress_robots_index":"","inline_featured_image":false},"product_brand":[],"product_cat":[1148,1473,1471],"product_tag":[],"class_list":{"0":"post-19615","1":"product","2":"type-product","3":"status-publish","4":"has-post-thumbnail","6":"product_cat-panouri-de-prezentare","7":"product_cat-adwall-edge-plus-ro","8":"product_cat-panouri-pop-up-de-prezentare","10":"first","11":"instock","12":"purchasable","13":"product-type-simple"},"_links":{"self":[{"href":"https:\/\/expovision.ro\/ro\/wp-json\/wp\/v2\/product\/19615","targetHints":{"allow":["GET"]}}],"collection":[{"href":"https:\/\/expovision.ro\/ro\/wp-json\/wp\/v2\/product"}],"about":[{"href":"https:\/\/expovision.ro\/ro\/wp-json\/wp\/v2\/types\/product"}],"replies":[{"embeddable":true,"href":"https:\/\/expovision.ro\/ro\/wp-json\/wp\/v2\/comments?post=19615"}],"wp:featuredmedia":[{"embeddable":true,"href":"https:\/\/expovision.ro\/ro\/wp-json\/wp\/v2\/media\/25289"}],"wp:attachment":[{"href":"https:\/\/expovision.ro\/ro\/wp-json\/wp\/v2\/media?parent=19615"}],"wp:term":[{"taxonomy":"product_brand","embeddable":true,"href":"https:\/\/expovision.ro\/ro\/wp-json\/wp\/v2\/product_brand?post=19615"},{"taxonomy":"product_cat","embeddable":true,"href":"https:\/\/expovision.ro\/ro\/wp-json\/wp\/v2\/product_cat?post=19615"},{"taxonomy":"product_tag","embeddable":true,"href":"https:\/\/expovision.ro\/ro\/wp-json\/wp\/v2\/product_tag?post=19615"}],"curies":[{"name":"wp","href":"https:\/\/api.w.org\/{rel}","templated":true}]}}