{"id":19583,"date":"2025-10-03T11:24:56","date_gmt":"2025-10-03T08:24:56","guid":{"rendered":"https:\/\/expovision.ro\/product\/print-only-adup-vario-quadfloat-single-sided\/"},"modified":"2025-05-01T16:02:24","modified_gmt":"2025-05-01T13:02:24","slug":"print-only-adup-vario-quadfloat-single-sided","status":"publish","type":"product","link":"https:\/\/expovision.ro\/ro\/produs\/print-only-adup-vario-quadfloat-single-sided\/","title":{"rendered":"Print-only adUp Vario Quadfloat single sided"},"content":{"rendered":"<p>Avantajele utiliz\u0103rii sistemului de ag\u0103\u021bat publicitate Vario Quadfloat de form\u0103 p\u0103trat\u0103 Forma geometric\u0103 atr\u0103g\u0103toare<br \/>\nVario Quadfloat atrage aten\u021bia cu forma sa geometric\u0103 modern\u0103. Forma p\u0103trat\u0103 face ca reclama dvs. s\u0103 fie mai vizibil\u0103, cresc\u00e2nd \u0219ansele de a atrage poten\u021biali clien\u021bi.<br \/>\nSistem suspendat vizibil de la distan\u021b\u0103Cu designul s\u0103u suspendat, cuierul publicitar de form\u0103 p\u0103trat\u0103 Vario Quadfloat este vizibil de la distan\u021b\u0103, f\u0103c\u00e2nd ca reclama s\u0103 fie afi\u0219at\u0103 eficient chiar \u0219i \u00een spa\u021bii mari \u0219i aglomerate. Aceasta este o solu\u021bie ideal\u0103 pentru cre\u0219terea vizibilit\u0103\u021bii m\u0103rcilor dvs.<br \/>\nSuprafa\u021b\u0103 publicitar\u0103 mareQuadfloat ofer\u0103 o suprafa\u021b\u0103 mare pentru prezentarea graficelor \u0219i a mesajelor de marketing. Spa\u021biul amplu permite un con\u021binut mai cuprinz\u0103tor, \u00eembun\u0103t\u0103\u021bind eficien\u021ba activit\u0103\u021bilor promo\u021bionale.<br \/>\nImprimare de \u00eenalt\u0103 calitate pe material textilUtiliz\u0103m tehnologia de imprimare prin sublimare pe materiale textile, asigur\u00e2nd culori vibrante \u0219i detalii clare. Reclama dvs. va avea un aspect profesional \u0219i atr\u0103g\u0103tor, \u00eembun\u0103t\u0103\u021bind recunoa\u0219terea m\u0103rcii.<br \/>\nAsamblare f\u0103r\u0103 scule a cadrului din aluminiuCadrul Quadfloat este format din montan\u021bi din aluminiu conecta\u021bi prin \u00eencuietori instantanee. Procesul de asamblare este rapid \u0219i nu necesit\u0103 unelte, economisind timp \u0219i simplific\u00e2nd preg\u0103tirile pentru eveniment.<br \/>\nMaterial textil elastic Materialul textil este elastic, ceea ce \u00eei permite s\u0103 se extind\u0103 u\u0219or atunci c\u00e2nd este a\u0219ezat pe cadru \u0219i previne apari\u021bia ridurilor \u00een timpul transportului. Acesta poate fi sp\u0103lat la ma\u0219in\u0103 la o temperatur\u0103 de p\u00e2n\u0103 la 30\u00b0C, fiind u\u0219or de men\u021binut \u00een stare bun\u0103.<br \/>\nTransport convenabilC\u00e2nd este dezasamblat, Vario Quadfloat ocup\u0103 pu\u021bin spa\u021biu \u0219i poate fi transportat cu u\u0219urin\u021b\u0103, chiar \u0219i \u00eentr-un autoturism. Setul include o geant\u0103 de transport, facilit\u00e2nd \u0219i mai mult transportul \u0219i depozitarea produsului.<br \/>\nCe este inclus \u00een set?       <\/p>\n<p>Cadru din aluminiu<\/p>\n<p>Imprimare textil\u0103<\/p>\n<p>Transport bag<\/p>\n","protected":false},"excerpt":{"rendered":"<p>Avantajele utiliz\u0103rii sistemului de ag\u0103\u021bat publicitate Vario Quadfloat de form\u0103 p\u0103trat\u0103 Forma geometric\u0103 atr\u0103g\u0103toare Vario Quadfloat atrage aten\u021bia cu forma sa geometric\u0103 modern\u0103. Forma p\u0103trat\u0103 face ca reclama dvs. s\u0103 fie mai vizibil\u0103, cresc\u00e2nd \u0219ansele de a atrage poten\u021biali clien\u021bi. Sistem suspendat vizibil de la distan\u021b\u0103Cu designul s\u0103u suspendat, cuierul publicitar de form\u0103 p\u0103trat\u0103 Vario [&hellip;]<\/p>\n","protected":false},"featured_media":24663,"comment_status":"closed","ping_status":"open","template":"","meta":{"_seopress_robots_primary_cat":"","_seopress_titles_title":"","_seopress_titles_desc":"","_seopress_robots_index":"","inline_featured_image":false},"product_brand":[],"product_cat":[290,289,1547],"product_tag":[],"class_list":{"0":"post-19583","1":"product","2":"type-product","3":"status-publish","4":"has-post-thumbnail","6":"product_cat-sisteme-suspendate","7":"product_cat-standuri-de-expozitie","8":"product_cat-adup-vario-quadfloat","10":"first","11":"instock","12":"purchasable","13":"product-type-simple"},"_links":{"self":[{"href":"https:\/\/expovision.ro\/ro\/wp-json\/wp\/v2\/product\/19583","targetHints":{"allow":["GET"]}}],"collection":[{"href":"https:\/\/expovision.ro\/ro\/wp-json\/wp\/v2\/product"}],"about":[{"href":"https:\/\/expovision.ro\/ro\/wp-json\/wp\/v2\/types\/product"}],"replies":[{"embeddable":true,"href":"https:\/\/expovision.ro\/ro\/wp-json\/wp\/v2\/comments?post=19583"}],"wp:featuredmedia":[{"embeddable":true,"href":"https:\/\/expovision.ro\/ro\/wp-json\/wp\/v2\/media\/24663"}],"wp:attachment":[{"href":"https:\/\/expovision.ro\/ro\/wp-json\/wp\/v2\/media?parent=19583"}],"wp:term":[{"taxonomy":"product_brand","embeddable":true,"href":"https:\/\/expovision.ro\/ro\/wp-json\/wp\/v2\/product_brand?post=19583"},{"taxonomy":"product_cat","embeddable":true,"href":"https:\/\/expovision.ro\/ro\/wp-json\/wp\/v2\/product_cat?post=19583"},{"taxonomy":"product_tag","embeddable":true,"href":"https:\/\/expovision.ro\/ro\/wp-json\/wp\/v2\/product_tag?post=19583"}],"curies":[{"name":"wp","href":"https:\/\/api.w.org\/{rel}","templated":true}]}}