{"id":19561,"date":"2025-10-03T11:25:58","date_gmt":"2025-10-03T08:25:58","guid":{"rendered":"https:\/\/expovision.ro\/product\/adup-vario-ringfloat-cu-o-singura-fata\/"},"modified":"2025-05-01T16:03:41","modified_gmt":"2025-05-01T13:03:41","slug":"adup-vario-ringfloat-cu-o-singura-fata","status":"publish","type":"product","link":"https:\/\/expovision.ro\/ro\/produs\/adup-vario-ringfloat-cu-o-singura-fata\/","title":{"rendered":"adUp Vario Ringfloat cu o singur\u0103 fa\u021b\u0103"},"content":{"rendered":"<p>Beneficiile utiliz\u0103rii umera\u0219ului publicitar circular Vario Ringfloat<br \/>\nDatorit\u0103 designului s\u0103u suspendat, umera\u0219ul Vario Ringfloat este vizibil de la distan\u021b\u0103, sporindu-\u0219i eficien\u021ba \u00een captarea aten\u021biei. It is perfect for large spaces where visibility from different points is crucial.<br \/>\nHigh-Quality Textile Print<br \/>\n We use sublimation printing technology on textiles, ensuring excellent color reproduction and high-quality graphics. This means your advertisement looks professional and eye-catching, increasing brand recognition.<br \/>\nEasy Application of Prints<br \/>\nThe textile prints include a stretchable component, making the material stretch during application.  Ca urmare, procesul de aplicare a imprimeurilor pe cadru este u\u0219or \u0219i eficient.<br \/>\nConstruc\u021bie din aluminiu f\u0103r\u0103 unelte<br \/>\nVario Ringfloat are un cadru din aluminiu u\u0219or, dar durabil, care poate fi asamblat f\u0103r\u0103 unelte datorit\u0103 sistemului de blocare rapid\u0103. This greatly simplifies and speeds up the assembly process, which is especially useful during preparations for large events where every moment counts.<br \/>\nWashable Prints<br \/>\nThe textile prints can be machine washed at a temperature of up to 30 degrees Celsius. This ensures that the advertising hanger always looks fresh and aesthetic, regardless of usage frequency.<br \/>\nReplaceable Prints<br \/>\nThe Vario Ringfloat circular advertising hanger, like our other products, is standardized.  Acest lucru \u00eenseamn\u0103 c\u0103 pute\u021bi comanda un nou print pentru un cadru existent \u00een timp. Acest lucru v\u0103 permite s\u0103 v\u0103 adapta\u021bi reclama la diferite campanii promo\u021bionale f\u0103r\u0103 a fi nevoie s\u0103 achizi\u021biona\u021bi un cadru nou.<br \/>\nCe este inclus \u00een set?<\/p>\n<p>Cadru din aluminiu<\/p>\n<p>Imprimare textil\u0103<\/p>\n<p>Transport bag<\/p>\n","protected":false},"excerpt":{"rendered":"<p>Beneficiile utiliz\u0103rii umera\u0219ului publicitar circular Vario Ringfloat Datorit\u0103 designului s\u0103u suspendat, umera\u0219ul Vario Ringfloat este vizibil de la distan\u021b\u0103, sporindu-\u0219i eficien\u021ba \u00een captarea aten\u021biei. It is perfect for large spaces where visibility from different points is crucial. High-Quality Textile Print We use sublimation printing technology on textiles, ensuring excellent color reproduction and high-quality graphics. This [&hellip;]<\/p>\n","protected":false},"featured_media":24697,"comment_status":"closed","ping_status":"open","template":"","meta":{"_seopress_robots_primary_cat":"","_seopress_titles_title":"","_seopress_titles_desc":"","_seopress_robots_index":"","inline_featured_image":false},"product_brand":[],"product_cat":[290,289,1490],"product_tag":[],"class_list":{"0":"post-19561","1":"product","2":"type-product","3":"status-publish","4":"has-post-thumbnail","6":"product_cat-sisteme-suspendate","7":"product_cat-standuri-de-expozitie","8":"product_cat-adup-vario-ringfloat","10":"first","11":"instock","12":"purchasable","13":"product-type-simple"},"_links":{"self":[{"href":"https:\/\/expovision.ro\/ro\/wp-json\/wp\/v2\/product\/19561","targetHints":{"allow":["GET"]}}],"collection":[{"href":"https:\/\/expovision.ro\/ro\/wp-json\/wp\/v2\/product"}],"about":[{"href":"https:\/\/expovision.ro\/ro\/wp-json\/wp\/v2\/types\/product"}],"replies":[{"embeddable":true,"href":"https:\/\/expovision.ro\/ro\/wp-json\/wp\/v2\/comments?post=19561"}],"wp:featuredmedia":[{"embeddable":true,"href":"https:\/\/expovision.ro\/ro\/wp-json\/wp\/v2\/media\/24697"}],"wp:attachment":[{"href":"https:\/\/expovision.ro\/ro\/wp-json\/wp\/v2\/media?parent=19561"}],"wp:term":[{"taxonomy":"product_brand","embeddable":true,"href":"https:\/\/expovision.ro\/ro\/wp-json\/wp\/v2\/product_brand?post=19561"},{"taxonomy":"product_cat","embeddable":true,"href":"https:\/\/expovision.ro\/ro\/wp-json\/wp\/v2\/product_cat?post=19561"},{"taxonomy":"product_tag","embeddable":true,"href":"https:\/\/expovision.ro\/ro\/wp-json\/wp\/v2\/product_tag?post=19561"}],"curies":[{"name":"wp","href":"https:\/\/api.w.org\/{rel}","templated":true}]}}