{"id":19537,"date":"2025-10-03T11:27:12","date_gmt":"2025-10-03T08:27:12","guid":{"rendered":"https:\/\/expovision.ro\/product\/adup-vario-trapfloat-cu-doua-fete\/"},"modified":"2025-05-01T16:05:16","modified_gmt":"2025-05-01T13:05:16","slug":"adup-vario-trapfloat-cu-doua-fete","status":"publish","type":"product","link":"https:\/\/expovision.ro\/ro\/produs\/adup-vario-trapfloat-cu-doua-fete\/","title":{"rendered":"adUp Vario Trapfloat cu dou\u0103 fe\u021be"},"content":{"rendered":"<p>Beneficiile utiliz\u0103rii Vario Trapfloat Suport publicitar \u00een form\u0103 de trunchi de con<br \/>\nForm\u0103 unic\u0103<br \/>\nVario Trapfloat are o form\u0103 neconven\u021bional\u0103 de trunchi de con care atrage aten\u021bia \u0219i v\u0103 face publicitatea mai vizibil\u0103. Func\u021bioneaz\u0103 excelent atunci c\u00e2nd este ag\u0103\u021bat deasupra unui stand la t\u00e2rguri sau folosit pentru a marca interioare mai mari. Prin plasarea comunic\u0103rii corespunz\u0103toare pe produs, pute\u021bi indica publicului dumneavoastr\u0103 zone precum zona de checkout sau cabinele de prob\u0103.<br \/>\nSuprafa\u021b\u0103 publicitar\u0103 mare<br \/>\nAcest cuier publicitar ofer\u0103 o suprafa\u021b\u0103 mare pentru prezentarea graficelor \u0219i a mesajelor de marketing. This increases your chances of catching the audience&#8217;s attention and ultimately improves the effectiveness of your promotional efforts.<br \/>\nHigh-Quality Textile Print<br \/>\n We use sublimation printing on textiles to prepare these products. Aceast\u0103 metod\u0103 ecologic\u0103 garanteaz\u0103 culori vibrante \u0219i detalii grafice clare. Astfel, reclama dvs. va avea un aspect profesional, iar umera\u0219ul \u00een form\u0103 de trunchi de con va deveni o vitrin\u0103 impresionant\u0103 pentru marca dvs.<br \/>\nConstruc\u021bie din aluminiu f\u0103r\u0103 scule<br \/>\nStructura Vario Trapfloat se bazeaz\u0103 pe un sistem de cadru din aluminiu. Conectarea cadrelor nu necesit\u0103 niciun fel de unelte, deoarece componentele se prind \u00eempreun\u0103. This makes assembly quick and simple, saving time and easing preparation for events.<br \/>\nWashable Prints<br \/>\nThe prints for this truncated cone shaped advertising hanger are made on polyester material. Aceast\u0103 \u021bes\u0103tur\u0103 poate fi sp\u0103lat\u0103 la ma\u0219in\u0103 la temperaturi de p\u00e2n\u0103 la 30 de grade Celsius. Chiar dac\u0103 imprimeul se murd\u0103re\u0219te \u00een timp, \u00eel pute\u021bi readuce cu u\u0219urin\u021b\u0103 la aspectul s\u0103u original.<br \/>\nMaterial extensibil \u00een timpul instal\u0103rii<br \/>\nMaterialul textil se \u00eentinde \u00een timpul instal\u0103rii datorit\u0103 adaosului de elasticitate, facilit\u00e2nd procesul \u0219i prevenind \u00eencre\u021birea \u00een timpul transportului. Acest lucru asigur\u0103 c\u0103 reclama dvs. arat\u0103 \u00eentotdeauna perfect.<br \/>\nTransport convenabil<br \/>\nC\u00e2nd este dezasamblat, Vario Trapfloat ocup\u0103 pu\u021bin spa\u021biu \u0219i poate fi transportat cu u\u0219urin\u021b\u0103 chiar \u0219i cu o ma\u0219in\u0103 personal\u0103. Setul include o geant\u0103 de transport, care faciliteaz\u0103 \u0219i mai mult transportul \u0219i depozitarea produsului.<br \/>\nCe este inclus \u00een set?<\/p>\n<p>Cadru din aluminiu<\/p>\n<p>Imprimare textil\u0103<\/p>\n<p>Transport bag<\/p>\n","protected":false},"excerpt":{"rendered":"<p>Beneficiile utiliz\u0103rii Vario Trapfloat Suport publicitar \u00een form\u0103 de trunchi de con Form\u0103 unic\u0103 Vario Trapfloat are o form\u0103 neconven\u021bional\u0103 de trunchi de con care atrage aten\u021bia \u0219i v\u0103 face publicitatea mai vizibil\u0103. Func\u021bioneaz\u0103 excelent atunci c\u00e2nd este ag\u0103\u021bat deasupra unui stand la t\u00e2rguri sau folosit pentru a marca interioare mai mari. Prin plasarea comunic\u0103rii [&hellip;]<\/p>\n","protected":false},"featured_media":24761,"comment_status":"closed","ping_status":"open","template":"","meta":{"_seopress_robots_primary_cat":"","_seopress_titles_title":"","_seopress_titles_desc":"","_seopress_robots_index":"","inline_featured_image":false},"product_brand":[],"product_cat":[290,289,1548],"product_tag":[],"class_list":{"0":"post-19537","1":"product","2":"type-product","3":"status-publish","4":"has-post-thumbnail","6":"product_cat-sisteme-suspendate","7":"product_cat-standuri-de-expozitie","8":"product_cat-adup-vario-trapfloat","10":"first","11":"instock","12":"purchasable","13":"product-type-simple"},"_links":{"self":[{"href":"https:\/\/expovision.ro\/ro\/wp-json\/wp\/v2\/product\/19537","targetHints":{"allow":["GET"]}}],"collection":[{"href":"https:\/\/expovision.ro\/ro\/wp-json\/wp\/v2\/product"}],"about":[{"href":"https:\/\/expovision.ro\/ro\/wp-json\/wp\/v2\/types\/product"}],"replies":[{"embeddable":true,"href":"https:\/\/expovision.ro\/ro\/wp-json\/wp\/v2\/comments?post=19537"}],"wp:featuredmedia":[{"embeddable":true,"href":"https:\/\/expovision.ro\/ro\/wp-json\/wp\/v2\/media\/24761"}],"wp:attachment":[{"href":"https:\/\/expovision.ro\/ro\/wp-json\/wp\/v2\/media?parent=19537"}],"wp:term":[{"taxonomy":"product_brand","embeddable":true,"href":"https:\/\/expovision.ro\/ro\/wp-json\/wp\/v2\/product_brand?post=19537"},{"taxonomy":"product_cat","embeddable":true,"href":"https:\/\/expovision.ro\/ro\/wp-json\/wp\/v2\/product_cat?post=19537"},{"taxonomy":"product_tag","embeddable":true,"href":"https:\/\/expovision.ro\/ro\/wp-json\/wp\/v2\/product_tag?post=19537"}],"curies":[{"name":"wp","href":"https:\/\/api.w.org\/{rel}","templated":true}]}}