{"id":19503,"date":"2025-10-03T11:28:56","date_gmt":"2025-10-03T08:28:56","guid":{"rendered":"https:\/\/expovision.ro\/product\/adboard-owz-a0\/"},"modified":"2025-09-28T02:48:59","modified_gmt":"2025-09-27T23:48:59","slug":"adboard-owz-a0","status":"publish","type":"product","link":"https:\/\/expovision.ro\/ro\/produs\/adboard-owz-a0\/","title":{"rendered":"adBoard OWZ A0"},"content":{"rendered":"<p>Unde s\u0103 folosi\u021bi un cadru cu logo?<\/p>\n<p>Evenimente \u00een aer liber,<\/p>\n<p>promo\u021bii \u00een centrele comerciale,<\/p>\n<p>publicitate \u00een fa\u021ba magazinelor,<\/p>\n<p>informa\u021bii la t\u00e2rguri \u0219i expozi\u021bii,<\/p>\n<p>restaurante \u0219i cafenele,<\/p>\n<p>birouri \u0219i sedii de companii,<\/p>\n<p>muzee,<\/p>\n<p>conferin\u021be \u0219i seminarii.<\/p>\n<p>Avantajele modelului adBoard Snap<br \/>\n\u00cenlocuirea u\u0219oar\u0103 a graficii<br \/>\nDatorit\u0103 tehnologiei OWZ (Open-Insert-Close), schimbarea graficii \u00een cadrul A este extrem de simpl\u0103 \u0219i intuitiv\u0103. Utilizarea cadrelor snap din aluminiu anodizat v\u0103 permite s\u0103 deschide\u021bi cu u\u0219urin\u021b\u0103 produsul, s\u0103 introduce\u021bi grafic\u0103 nou\u0103 \u0219i apoi s\u0103-l \u00eenchide\u021bi pentru a fixa materialul ferm. Aceast\u0103 solu\u021bie permite actualizarea rapid\u0103 a con\u021binutului publicitar.<br \/>\nVizibilitate excelent\u0103<br \/>\nGrafica din adBoard Snap este protejat\u0103 de un film antireflex, asigur\u00e2nd o vizibilitate excelent\u0103 chiar \u0219i \u00een condi\u021bii de iluminare dificile. Acest lucru \u00eenseamn\u0103 c\u0103 reclama dvs. va fi \u00eentotdeauna lizibil\u0103 \u0219i atractiv\u0103 pentru poten\u021bialii clien\u021bi.<br \/>\nMesaj pe dou\u0103 fe\u021be<br \/>\nCadrul Snap A permite prezentarea de grafic\u0103 pe ambele fe\u021be, sporindu-i eficien\u021ba. Pute\u021bi utiliza aceast\u0103 caracteristic\u0103 pentru a promova diferite produse sau oferte, atr\u0103g\u00e2nd aten\u021bia trec\u0103torilor de pe ambele p\u0103r\u021bi ale standului.<br \/>\nCe include setul?<\/p>\n<p>OWZ A-frame,<\/p>\n<p>amprente.<\/p>\n","protected":false},"excerpt":{"rendered":"<p>Unde s\u0103 folosi\u021bi un cadru cu logo? Evenimente \u00een aer liber, promo\u021bii \u00een centrele comerciale, publicitate \u00een fa\u021ba magazinelor, informa\u021bii la t\u00e2rguri \u0219i expozi\u021bii, restaurante \u0219i cafenele, birouri \u0219i sedii de companii, muzee, conferin\u021be \u0219i seminarii. Avantajele modelului adBoard Snap \u00cenlocuirea u\u0219oar\u0103 a graficii Datorit\u0103 tehnologiei OWZ (Open-Insert-Close), schimbarea graficii \u00een cadrul A este extrem [&hellip;]<\/p>\n","protected":false},"featured_media":24845,"comment_status":"closed","ping_status":"open","template":"","meta":{"_seopress_robots_primary_cat":"","_seopress_titles_title":"","_seopress_titles_desc":"","_seopress_robots_index":"","inline_featured_image":false},"product_brand":[],"product_cat":[367,1055],"product_tag":[],"class_list":{"0":"post-19503","1":"product","2":"type-product","3":"status-publish","4":"has-post-thumbnail","6":"product_cat-accesorii-standuri-publicitare","7":"product_cat-gadgeturi-publicitare","9":"first","10":"instock","11":"purchasable","12":"product-type-simple"},"_links":{"self":[{"href":"https:\/\/expovision.ro\/ro\/wp-json\/wp\/v2\/product\/19503","targetHints":{"allow":["GET"]}}],"collection":[{"href":"https:\/\/expovision.ro\/ro\/wp-json\/wp\/v2\/product"}],"about":[{"href":"https:\/\/expovision.ro\/ro\/wp-json\/wp\/v2\/types\/product"}],"replies":[{"embeddable":true,"href":"https:\/\/expovision.ro\/ro\/wp-json\/wp\/v2\/comments?post=19503"}],"wp:featuredmedia":[{"embeddable":true,"href":"https:\/\/expovision.ro\/ro\/wp-json\/wp\/v2\/media\/24845"}],"wp:attachment":[{"href":"https:\/\/expovision.ro\/ro\/wp-json\/wp\/v2\/media?parent=19503"}],"wp:term":[{"taxonomy":"product_brand","embeddable":true,"href":"https:\/\/expovision.ro\/ro\/wp-json\/wp\/v2\/product_brand?post=19503"},{"taxonomy":"product_cat","embeddable":true,"href":"https:\/\/expovision.ro\/ro\/wp-json\/wp\/v2\/product_cat?post=19503"},{"taxonomy":"product_tag","embeddable":true,"href":"https:\/\/expovision.ro\/ro\/wp-json\/wp\/v2\/product_tag?post=19503"}],"curies":[{"name":"wp","href":"https:\/\/api.w.org\/{rel}","templated":true}]}}