{"id":19428,"date":"2025-10-03T11:04:43","date_gmt":"2025-10-03T08:04:43","guid":{"rendered":"https:\/\/expovision.ro\/product\/adtribune-hit-mini-without-print\/"},"modified":"2025-05-01T16:05:45","modified_gmt":"2025-05-01T13:05:45","slug":"adtribune-hit-mini-without-print","status":"publish","type":"product","link":"https:\/\/expovision.ro\/ro\/produs\/adtribune-hit-mini-without-print\/","title":{"rendered":"adTribune Hit Mini (without print)"},"content":{"rendered":"<p>Care este cel mai bun loc pentru a utiliza tejgheaua expozi\u021biei?<\/p>\n<p>Expozi\u021bii comerciale: AdTribune Hit Mini este un accesoriu excelent pentru un stand profesional la t\u00e2rguri. Modelul s\u0103u compact permite utilizarea eficient\u0103 a spa\u021biului limitat.<\/p>\n<p>Conferin\u021be: Standul expozi\u021bional ofer\u0103 un spa\u021biu convenabil pentru a prezenta materiale \u0219i produse \u00een timpul conferin\u021belor.<\/p>\n<p>Promo\u021bii \u0219i degust\u0103ri: Montarea f\u0103r\u0103 scule a adTribune Hit Mini permite instalarea rapid\u0103 oriunde, ideal\u0103 pentru evenimente dinamice de promovare \u0219i degustare.<\/p>\n<p>Avantajele modelului adTribune Hit Mini<br \/>\nCu adTribune Hit Mini, ob\u021bine\u021bi un instrument promo\u021bional compact, mobil \u0219i versatil, care v\u0103 eviden\u021biaz\u0103 eficient marca la diverse evenimente.<br \/>\nSolu\u021bie compact\u0103<br \/>\nContorul de expozi\u021bie are un design compact, potrivit pentru spa\u021bii mici. Ro\u021bile de la baz\u0103 faciliteaz\u0103 deplasarea \u00een jurul zonei promo\u021bionale, f\u0103c\u00e2ndu-l util pentru evenimente mobile.<br \/>\nAsamblare intuitiv\u0103<br \/>\nNu sunt necesare unelte pentru asamblarea adTribune Hit Mini. Fiecare parte este marcat\u0103 intuitiv, permi\u021b\u00e2nd configurarea rapid\u0103. Imprimarea este ata\u0219at\u0103 cu Velcro. Acest lucru v\u0103 economise\u0219te timp \u0219i efort, permi\u021b\u00e2ndu-v\u0103 s\u0103 v\u0103 concentra\u021bi pe promovarea m\u0103rcii dvs.<br \/>\nPrinturi interschimbabile<br \/>\nSistemul Velcro permite \u00eenlocuirea rapid\u0103 a printurilor de pe adTribune Hit Mini, permi\u021b\u00e2ndu-v\u0103 s\u0103 ajusta\u021bi aspectul acestuia pentru diferite evenimente. Un contor poate fi utilizat de mai multe ori cu grafic\u0103 diferit\u0103. Pot fi comandate oric\u00e2nd tip\u0103rituri noi. Standardizarea produselor asigur\u0103 c\u0103 acestea se vor potrivi perfect structurii pe care o de\u021bine\u021bi deja.<br \/>\nCe este inclus \u00een set?<\/p>\n<p>structur\u0103 din aluminiu pe ro\u021bi,<\/p>\n<p>blat \u0219i raft realizate din panouri de mobil\u0103,<\/p>\n<p>imprimare pe folie, securizat\u0103 cu laminat,<\/p>\n<p>geant\u0103 de transport.<\/p>\n","protected":false},"excerpt":{"rendered":"<p>Care este cel mai bun loc pentru a utiliza tejgheaua expozi\u021biei? Expozi\u021bii comerciale: AdTribune Hit Mini este un accesoriu excelent pentru un stand profesional la t\u00e2rguri. Modelul s\u0103u compact permite utilizarea eficient\u0103 a spa\u021biului limitat. Conferin\u021be: Standul expozi\u021bional ofer\u0103 un spa\u021biu convenabil pentru a prezenta materiale \u0219i produse \u00een timpul conferin\u021belor. Promo\u021bii \u0219i degust\u0103ri: Montarea [&hellip;]<\/p>\n","protected":false},"featured_media":24184,"comment_status":"closed","ping_status":"open","template":"","meta":{"_seopress_robots_primary_cat":"","_seopress_titles_title":"","_seopress_titles_desc":"","_seopress_robots_index":"","inline_featured_image":false},"product_brand":[],"product_cat":[1453,84,1443],"product_tag":[],"class_list":{"0":"post-19428","1":"product","2":"type-product","3":"status-publish","4":"has-post-thumbnail","6":"product_cat-adtribune-hit-mini-ro-2","7":"product_cat-standuri","8":"product_cat-standuri-clasice-ro-2","10":"first","11":"instock","12":"purchasable","13":"product-type-simple"},"_links":{"self":[{"href":"https:\/\/expovision.ro\/ro\/wp-json\/wp\/v2\/product\/19428","targetHints":{"allow":["GET"]}}],"collection":[{"href":"https:\/\/expovision.ro\/ro\/wp-json\/wp\/v2\/product"}],"about":[{"href":"https:\/\/expovision.ro\/ro\/wp-json\/wp\/v2\/types\/product"}],"replies":[{"embeddable":true,"href":"https:\/\/expovision.ro\/ro\/wp-json\/wp\/v2\/comments?post=19428"}],"wp:featuredmedia":[{"embeddable":true,"href":"https:\/\/expovision.ro\/ro\/wp-json\/wp\/v2\/media\/24184"}],"wp:attachment":[{"href":"https:\/\/expovision.ro\/ro\/wp-json\/wp\/v2\/media?parent=19428"}],"wp:term":[{"taxonomy":"product_brand","embeddable":true,"href":"https:\/\/expovision.ro\/ro\/wp-json\/wp\/v2\/product_brand?post=19428"},{"taxonomy":"product_cat","embeddable":true,"href":"https:\/\/expovision.ro\/ro\/wp-json\/wp\/v2\/product_cat?post=19428"},{"taxonomy":"product_tag","embeddable":true,"href":"https:\/\/expovision.ro\/ro\/wp-json\/wp\/v2\/product_tag?post=19428"}],"curies":[{"name":"wp","href":"https:\/\/api.w.org\/{rel}","templated":true}]}}