{"id":17164,"date":"2025-10-03T11:34:34","date_gmt":"2025-10-03T08:34:34","guid":{"rendered":"https:\/\/expovision.ro\/product\/adframe-lms-150x250-nd\/"},"modified":"2025-05-01T16:11:50","modified_gmt":"2025-05-01T13:11:50","slug":"adframe-lms-150x250-nd","status":"publish","type":"product","link":"https:\/\/expovision.ro\/ro\/produs\/adframe-lms-150x250-nd\/","title":{"rendered":"adFrame LMS 150&#215;250 ND"},"content":{"rendered":"<p>U\u0219or de asamblat \u0219i demontat, f\u0103r\u0103 dificult\u0103\u021bi, chiar dac\u0103 nu sunte\u021bi familiarizat cu produsele. Pur \u0219i simplu conecta\u021bi cadrele cu l\u0103\u021bimea de 12 cm cu cleme intuitive \u0219i, la sf\u00e2r\u0219it, potrivi\u021bi imprimarea \u00een construc\u021bie. Grafica, prev\u0103zut\u0103 cu elastic, este u\u0219or de \u00eenlocuit, astfel \u00eenc\u00e2t pute\u021bi schimba mesajul publicitar pentru marca dvs. \u00eenainte de fiecare eveniment, f\u0103r\u0103 a fi nevoie s\u0103 investi\u021bi \u00een \u00eentreaga construc\u021bie. Dup\u0103 \u00eenlocuirea ag\u0103\u021b\u0103toarelor cu picioare, lightbox-ul poate fi utilizat \u0219i ca produs independent.Ca sistem promo\u021bional cu o singur\u0103 fa\u021b\u0103, va func\u021biona bine ca element expozi\u021bional plasat pe un perete. \u00cen plus fa\u021b\u0103 de dimensiunile standard, \u00een\u0103l\u021bimea \u0219i l\u0103\u021bimea casetei luminoase pot fi personalizate. The adFrame LMS LED light box attracts the customer&#8217;s attention and provides effective visual communication.     <\/p>\n","protected":false},"excerpt":{"rendered":"<p>U\u0219or de asamblat \u0219i demontat, f\u0103r\u0103 dificult\u0103\u021bi, chiar dac\u0103 nu sunte\u021bi familiarizat cu produsele. Pur \u0219i simplu conecta\u021bi cadrele cu l\u0103\u021bimea de 12 cm cu cleme intuitive \u0219i, la sf\u00e2r\u0219it, potrivi\u021bi imprimarea \u00een construc\u021bie. Grafica, prev\u0103zut\u0103 cu elastic, este u\u0219or de \u00eenlocuit, astfel \u00eenc\u00e2t pute\u021bi schimba mesajul publicitar pentru marca dvs. \u00eenainte de fiecare eveniment, [&hellip;]<\/p>\n","protected":false},"featured_media":23451,"comment_status":"closed","ping_status":"open","template":"","meta":{"_seopress_robots_primary_cat":"","_seopress_titles_title":"","_seopress_titles_desc":"","_seopress_robots_index":"","inline_featured_image":false},"product_brand":[],"product_cat":[114,279,1635],"product_tag":[],"class_list":{"0":"post-17164","1":"product","2":"type-product","3":"status-publish","4":"has-post-thumbnail","6":"product_cat-casete-luminoase","7":"product_cat-casete-luminoase-suspendate","8":"product_cat-adframe-lms-ro","10":"first","11":"instock","12":"purchasable","13":"product-type-simple"},"_links":{"self":[{"href":"https:\/\/expovision.ro\/ro\/wp-json\/wp\/v2\/product\/17164","targetHints":{"allow":["GET"]}}],"collection":[{"href":"https:\/\/expovision.ro\/ro\/wp-json\/wp\/v2\/product"}],"about":[{"href":"https:\/\/expovision.ro\/ro\/wp-json\/wp\/v2\/types\/product"}],"replies":[{"embeddable":true,"href":"https:\/\/expovision.ro\/ro\/wp-json\/wp\/v2\/comments?post=17164"}],"wp:featuredmedia":[{"embeddable":true,"href":"https:\/\/expovision.ro\/ro\/wp-json\/wp\/v2\/media\/23451"}],"wp:attachment":[{"href":"https:\/\/expovision.ro\/ro\/wp-json\/wp\/v2\/media?parent=17164"}],"wp:term":[{"taxonomy":"product_brand","embeddable":true,"href":"https:\/\/expovision.ro\/ro\/wp-json\/wp\/v2\/product_brand?post=17164"},{"taxonomy":"product_cat","embeddable":true,"href":"https:\/\/expovision.ro\/ro\/wp-json\/wp\/v2\/product_cat?post=17164"},{"taxonomy":"product_tag","embeddable":true,"href":"https:\/\/expovision.ro\/ro\/wp-json\/wp\/v2\/product_tag?post=17164"}],"curies":[{"name":"wp","href":"https:\/\/api.w.org\/{rel}","templated":true}]}}