{"id":16076,"date":"2025-10-03T11:04:28","date_gmt":"2025-10-03T08:04:28","guid":{"rendered":"https:\/\/expovision.ro\/product\/print-only-for-adtribune-adbox-hit-c-wrap\/"},"modified":"2025-05-01T16:11:20","modified_gmt":"2025-05-01T13:11:20","slug":"print-only-for-adtribune-adbox-hit-c-wrap","status":"publish","type":"product","link":"https:\/\/expovision.ro\/ro\/produs\/print-only-for-adtribune-adbox-hit-c-wrap\/","title":{"rendered":"Print-only for adTribune\/adBox Hit C wrap"},"content":{"rendered":"<p>Unde s\u0103 folosi\u021bi cel mai bine masa de la t\u00e2rg?<\/p>\n<p>Prezent\u0103ri: o mas\u0103 de t\u00e2rg cu un blat dublu este o solu\u021bie excelent\u0103 pentru diferite tipuri de prezent\u0103ri.<\/p>\n<p>Conferin\u021be: la conferin\u021be, adTribune Hit C ofer\u0103 un spa\u021biu stabil \u0219i mobil pentru prezentarea materialelor.<\/p>\n<p>T\u00e2rguri comerciale: \u00een timpul t\u00e2rgurilor comerciale, standul func\u021bioneaz\u0103 ca un instrument dinamic \u0219i func\u021bional pentru prezentarea produselor.<\/p>\n<p>Beneficiile alegerii adTribune Hit C<br \/>\nPrin alegerea adTribune Hit C, ob\u021bine\u021bi o mas\u0103 de t\u00e2rg stabil\u0103, mobil\u0103 \u0219i versatil\u0103, care v\u0103 va ajuta s\u0103 v\u0103 eviden\u021bia\u021bi marca la orice eveniment.<br \/>\nBlat dublu<br \/>\nCu adTribune Hit C, pute\u021bi avea grij\u0103 de fiecare detaliu al prezent\u0103rii dvs. Blatul dublu, care separ\u0103 zona de lucru de zona de prezentare, v\u0103 permite s\u0103 ascunde\u021bi un laptop sau materiale suplimentare pe raftul inferior. This helps maintain order on the top part of the stand, making a professional impression on your audience.<br \/>\nStability<br \/>\nThe adTribune Hit C trade fair table is made of powder-coated aluminum profiles, ensuring the durability of the structure. Blatul pl\u0103cii de mobilier suport\u0103 o sarcin\u0103 de p\u00e2n\u0103 la 100 kg, permi\u021b\u00e2nd expunerea \u00een siguran\u021b\u0103 a produselor mai grele.<br \/>\nMobilitate \u0219i asamblare u\u0219oar\u0103<br \/>\nConstruc\u021bia cu ro\u021bi permite deplasarea u\u0219oar\u0103 a mesei de t\u00e2rg, ceea ce este util mai ales \u00een timpul evenimentelor dinamice. Asamblarea intuitiv\u0103, f\u0103r\u0103 unelte, asigur\u0103 faptul c\u0103 suportul este gata de utilizare \u00een c\u00e2teva minute. Dup\u0103 eveniment, adTribune Hit C poate fi dezasamblat rapid \u0219i depozitat \u00eentr-o geant\u0103 de transport la \u00eendem\u00e2n\u0103.<br \/>\nCe este inclus \u00een set?<\/p>\n<p>construc\u021bie din aluminiu cu ro\u021bi,<\/p>\n<p>blat \u0219i raft realizate din panouri de mobil\u0103,<\/p>\n<p>film imprimat, securizat cu laminat,<\/p>\n<p>geant\u0103 de transport.<\/p>\n","protected":false},"excerpt":{"rendered":"<p>Unde s\u0103 folosi\u021bi cel mai bine masa de la t\u00e2rg? Prezent\u0103ri: o mas\u0103 de t\u00e2rg cu un blat dublu este o solu\u021bie excelent\u0103 pentru diferite tipuri de prezent\u0103ri. Conferin\u021be: la conferin\u021be, adTribune Hit C ofer\u0103 un spa\u021biu stabil \u0219i mobil pentru prezentarea materialelor. T\u00e2rguri comerciale: \u00een timpul t\u00e2rgurilor comerciale, standul func\u021bioneaz\u0103 ca un instrument dinamic [&hellip;]<\/p>\n","protected":false},"featured_media":24170,"comment_status":"closed","ping_status":"open","template":"","meta":{"_seopress_robots_primary_cat":"","_seopress_titles_title":"","_seopress_titles_desc":"","_seopress_robots_index":"","inline_featured_image":false},"product_brand":[],"product_cat":[84,1443],"product_tag":[],"class_list":{"0":"post-16076","1":"product","2":"type-product","3":"status-publish","4":"has-post-thumbnail","6":"product_cat-standuri","7":"product_cat-standuri-clasice-ro-2","9":"first","10":"instock","11":"purchasable","12":"product-type-simple"},"_links":{"self":[{"href":"https:\/\/expovision.ro\/ro\/wp-json\/wp\/v2\/product\/16076","targetHints":{"allow":["GET"]}}],"collection":[{"href":"https:\/\/expovision.ro\/ro\/wp-json\/wp\/v2\/product"}],"about":[{"href":"https:\/\/expovision.ro\/ro\/wp-json\/wp\/v2\/types\/product"}],"replies":[{"embeddable":true,"href":"https:\/\/expovision.ro\/ro\/wp-json\/wp\/v2\/comments?post=16076"}],"wp:featuredmedia":[{"embeddable":true,"href":"https:\/\/expovision.ro\/ro\/wp-json\/wp\/v2\/media\/24170"}],"wp:attachment":[{"href":"https:\/\/expovision.ro\/ro\/wp-json\/wp\/v2\/media?parent=16076"}],"wp:term":[{"taxonomy":"product_brand","embeddable":true,"href":"https:\/\/expovision.ro\/ro\/wp-json\/wp\/v2\/product_brand?post=16076"},{"taxonomy":"product_cat","embeddable":true,"href":"https:\/\/expovision.ro\/ro\/wp-json\/wp\/v2\/product_cat?post=16076"},{"taxonomy":"product_tag","embeddable":true,"href":"https:\/\/expovision.ro\/ro\/wp-json\/wp\/v2\/product_tag?post=16076"}],"curies":[{"name":"wp","href":"https:\/\/api.w.org\/{rel}","templated":true}]}}